{"id":1727,"date":"2020-02-12T12:41:13","date_gmt":"2020-02-12T12:41:13","guid":{"rendered":"https:\/\/unruffled-jemison.185-55-85-19.plesk.page\/services\/"},"modified":"2025-06-30T12:56:49","modified_gmt":"2025-06-30T12:56:49","slug":"services","status":"publish","type":"page","link":"https:\/\/www.greenstar.fi\/en\/services\/","title":{"rendered":"Services"},"content":{"rendered":"<p>[vc_row][vc_column][vc_empty_space][\/vc_column][\/vc_row][vc_row][vc_column]<section class=\"sohohotel-about-us-block-wrapper sohohotel-clearfix sohohotel-about-us-block-wrapper-right-align-image\"><div class=\"sohohotel-image-wrapper\" style=\"background:url(https:\/\/www.greenstar.fi\/wp-content\/uploads\/2019\/12\/JNS_rooms_tohotelpage_breakfast-1.jpg) no-repeat center top;\"><img decoding=\"async\" src=\"https:\/\/www.greenstar.fi\/wp-content\/uploads\/2019\/12\/JNS_rooms_tohotelpage_breakfast-1.jpg\" alt=\"\" \/><\/div><div class=\"sohohotel-about-us-block\"><h3>Everything you need and nothing you don\u2019t<\/h3><p>It is easy to order breakfast, parking or extra beds for children on our website, by phone or via email.<\/p><a target=\"_blank\" href=\"https:\/\/www.greenstar.fi\/en\/services-details\/#general\" class=\"sohohotel-about-us-block-button\">Read more<i class=\"fa fa-angle-right\"><\/i><\/a><\/div><\/section>[\/vc_column][\/vc_row][vc_row][vc_column]<section class=\"sohohotel-about-us-block-wrapper sohohotel-clearfix \"><div class=\"sohohotel-image-wrapper\" style=\"background:url(https:\/\/www.greenstar.fi\/wp-content\/uploads\/2020\/03\/py\u00f6r\u00e41000x600.jpg) no-repeat center top;\"><img decoding=\"async\" src=\"https:\/\/www.greenstar.fi\/wp-content\/uploads\/2020\/03\/py\u00f6r\u00e41000x600.jpg\" alt=\"\" \/><\/div><div class=\"sohohotel-about-us-block\"><h3>Free services<\/h3><p>We serve free organic coffee and tea in the lobby during reception opening hours. Wi-fi is available free of charge. During summer, we lend bicycles to our guests.<\/p><a target=\"_blank\" href=\"https:\/\/www.greenstar.fi\/en\/services-details\/#free\" class=\"sohohotel-about-us-block-button\">Read more<i class=\"fa fa-angle-right\"><\/i><\/a><\/div><\/section>[\/vc_column][\/vc_row][vc_row][vc_column]<section class=\"sohohotel-about-us-block-wrapper sohohotel-clearfix sohohotel-about-us-block-wrapper-right-align-image\"><div class=\"sohohotel-image-wrapper\" style=\"background:url(https:\/\/www.greenstar.fi\/wp-content\/uploads\/2020\/03\/lapsi1000x600.jpg) no-repeat center top;\"><img decoding=\"async\" src=\"https:\/\/www.greenstar.fi\/wp-content\/uploads\/2020\/03\/lapsi1000x600.jpg\" alt=\"\" \/><\/div><div class=\"sohohotel-about-us-block\"><h3>For children<\/h3><p>Baby cribs and junior mattresses fit in our rooms conveniently, so staying with the whole family is easy. Our hotels also have toys to borrow.<\/p><a target=\"_blank\" href=\"https:\/\/www.greenstar.fi\/en\/services-details\/#kids\" class=\"sohohotel-about-us-block-button\">Read more<i class=\"fa fa-angle-right\"><\/i><\/a><\/div><\/section>[\/vc_column][\/vc_row][vc_row][vc_column]<section class=\"sohohotel-about-us-block-wrapper sohohotel-clearfix \"><div class=\"sohohotel-image-wrapper\" style=\"background:url(https:\/\/www.greenstar.fi\/wp-content\/uploads\/2020\/03\/sahkoautokristian-1000x600-1.jpg) no-repeat center top;\"><img decoding=\"async\" src=\"https:\/\/www.greenstar.fi\/wp-content\/uploads\/2020\/03\/sahkoautokristian-1000x600-1.jpg\" alt=\"\" \/><\/div><div class=\"sohohotel-about-us-block\"><h3>Other amenities<\/h3><p>All our hotels have electric car charging stations as well as laundry and ironing facilities. Thanks to our check-in machines, you can arrive at the hotel at a time that suits you.<\/p><a target=\"_blank\" href=\"https:\/\/www.greenstar.fi\/en\/services-details\/#other\" class=\"sohohotel-about-us-block-button\">Read more<i class=\"fa fa-angle-right\"><\/i><\/a><\/div><\/section>[vc_empty_space][\/vc_column][\/vc_row][vc_row][vc_column]<div class=\"sohohotel-title2 sohohotel-title-color\"><h3>Storing and heating food<\/h3><\/div>[vc_row_inner][vc_column_inner width=&#8221;1\/2&#8243;][vc_column_text]Trying out a new restaurant is always lovely, but often hotel guests would prefer to bring their own food and appreciate a convenient way to store and prepare it.<\/p>\n<p>We have installed an energy-efficient cooler on every floor, with room-specific safe lockers. You can use yours to store any food that needs to be kept cold. The lockers can be secured with a PIN code. For environmental reasons we do not have minibars or fridges in the rooms.<\/p>\n<p>Every room comes equipped with a kettle and mugs. You can also find a microwave on each floor, and some of our hotels also provide vending machines for your snack cravings.<\/p>\n<p>The Large Triple Room is equipped with more crockery and, in some of our locations, comes with its own microwave.[\/vc_column_text][\/vc_column_inner][vc_column_inner width=&#8221;1\/2&#8243;][vc_column_text]<\/p>\n\n\t\t<div id='gallery-1' class='gallery galleryid-1727 gallery-columns-2 gallery-size-thumbnail'><div class='gallery-item'><div class='gallery-icon'><a href=\"https:\/\/www.greenstar.fi\/wp-content\/uploads\/2020\/02\/kylm\u00e4s\u00e4ilytys650x450.jpg\" data-gal=\"prettyPhoto[gallery-1]\" title=\"kylm\u00e4s\u00e4ilytys650x450\"><img decoding=\"async\" src=\"https:\/\/www.greenstar.fi\/wp-content\/uploads\/2020\/02\/kylm\u00e4s\u00e4ilytys650x450.jpg\" alt=\"\" \/><\/a><\/div><\/div><div class='gallery-item'><div class='gallery-icon'><a href=\"https:\/\/www.greenstar.fi\/wp-content\/uploads\/2019\/12\/kahvi-yla-vasen.jpg\" data-gal=\"prettyPhoto[gallery-1]\" title=\"kahvi yla vasen\"><img decoding=\"async\" src=\"https:\/\/www.greenstar.fi\/wp-content\/uploads\/2019\/12\/kahvi-yla-vasen.jpg\" alt=\"GreenStarille paahdettua kahvia paketissa ja mukissa\" \/><\/a><\/div><\/div><div class='gallery-item'><div class='gallery-icon'><a href=\"https:\/\/www.greenstar.fi\/wp-content\/uploads\/2020\/01\/aamupala-vaasa.jpg\" data-gal=\"prettyPhoto[gallery-1]\" title=\"aamupala vaasa\"><img decoding=\"async\" src=\"https:\/\/www.greenstar.fi\/wp-content\/uploads\/2020\/01\/aamupala-vaasa.jpg\" alt=\"2 aamiaistarjotinta p\u00f6yd\u00e4ll\u00e4\" \/><\/a><\/div><\/div><div class='gallery-item'><div class='gallery-icon'><a href=\"https:\/\/www.greenstar.fi\/wp-content\/uploads\/2020\/04\/palvelut_ruoka_650_450.jpg\" data-gal=\"prettyPhoto[gallery-1]\" title=\"palvelut_ruoka_650_450\"><img decoding=\"async\" src=\"https:\/\/www.greenstar.fi\/wp-content\/uploads\/2020\/04\/palvelut_ruoka_650_450.jpg\" alt=\"hotellihuone, jossa minikeitti\u00f6\" \/><\/a><\/div><\/div>\n\t\t\t<br style='clear: both;' \/>\n\t\t<\/div>\n\n<p>[\/vc_column_text][\/vc_column_inner][\/vc_row_inner][\/vc_column][\/vc_row][vc_row css=&#8221;.vc_custom_1588095581856{background-color: #aedea8 !important;}&#8221;][vc_column]<div class=\"sohohotel-title1 sohohotel-title-color\"><h1>GreenStar Hotel Lahti: restaurant and event facilities<\/h1><h3>Our largest hotel comes with two unique extra services.<\/h3><\/div>[\/vc_column][\/vc_row][vc_row][vc_column]<section class=\"sohohotel-about-us-block-wrapper sohohotel-clearfix sohohotel-about-us-block-wrapper-right-align-image\"><div class=\"sohohotel-image-wrapper\" style=\"background:url(https:\/\/www.greenstar.fi\/wp-content\/uploads\/2020\/02\/silmu-1000x600-1.jpg) no-repeat center top;\"><img decoding=\"async\" src=\"https:\/\/www.greenstar.fi\/wp-content\/uploads\/2020\/02\/silmu-1000x600-1.jpg\" alt=\"\" \/><\/div><div class=\"sohohotel-about-us-block\"><h3>Ravintola Silmu \u2013 Lahti<\/h3><p>Restaurant Silmu is the only \u00e0 la carte restaurant owned by the GreenStar hotel chain. Silmu&#8217;s food, largely based on organic ingredients and seasonal vegetables, is consistently praised by happy customers. The restaurant is located on the second floor of GreenStar Hotel Lahti.<\/p><a target=\"_blank\" href=\"https:\/\/www.greenstar.fi\/en\/hotels\/greenstar-hotel-lahti\/silmu\/\" class=\"sohohotel-about-us-block-button\">Read more<i class=\"fa fa-angle-right\"><\/i><\/a><\/div><\/section>[\/vc_column][\/vc_row][vc_row][vc_column]<section class=\"sohohotel-about-us-block-wrapper sohohotel-clearfix \"><div class=\"sohohotel-image-wrapper\" style=\"background:url(https:\/\/www.greenstar.fi\/wp-content\/uploads\/2020\/04\/meeting_rooms_lahti.jpg) no-repeat center top;\"><img decoding=\"async\" src=\"https:\/\/www.greenstar.fi\/wp-content\/uploads\/2020\/04\/meeting_rooms_lahti.jpg\" alt=\"\" \/><\/div><div class=\"sohohotel-about-us-block\"><h3>GreenMeeting<\/h3><p>If want to combine a convenient city location with an efficient space, delicious food and sustainable practices, GreenMeeting is the meeting and event service for you. We have spaces to suit every occasion and group. All of them come with natural light and modern equipment. Catering services are provided by restaurant Silmu and its experienced staff.<\/p><a target=\"_blank\" href=\"https:\/\/www.greenstar.fi\/en\/hotels\/greenstar-hotel-lahti\/greenmeeting\/\" class=\"sohohotel-about-us-block-button\">Read more<i class=\"fa fa-angle-right\"><\/i><\/a><\/div><\/section>[\/vc_column][\/vc_row][vc_row][vc_column][vc_empty_space][\/vc_column][\/vc_row]<\/p>\n","protected":false},"excerpt":{"rendered":"<p>[vc_row][vc_column][vc_empty_space][\/vc_column][\/vc_row][vc_row][vc_column][\/vc_column][\/vc_row][vc_row][vc_column][\/vc_column][\/vc_row][vc_row][vc_column][\/vc_column][\/vc_row][vc_row][vc_column][vc_empty_space][\/vc_column][\/vc_row][vc_row][vc_column][vc_row_inner][vc_column_inner width=&#8221;1\/2&#8243;][vc_column_text]Trying out a new restaurant is always lovely, but often hotel guests would prefer to bring their own food<\/p>\n<a href=\"https:\/\/www.greenstar.fi\/en\/services\/\" class=\"sohohotel-more-link\">Read More<i class=\"fa fa-angle-right\"><\/i><\/a>","protected":false},"author":1,"featured_media":0,"parent":0,"menu_order":0,"comment_status":"closed","ping_status":"closed","template":"page-modules.php","meta":{"_acf_changed":false,"footnotes":""},"class_list":["post-1727","page","type-page","status-publish","hentry"],"acf":[],"yoast_head":"<!-- This site is optimized with the Yoast SEO plugin v27.5 - https:\/\/yoast.com\/product\/yoast-seo-wordpress\/ -->\n<title>Services - GreenStar Hotels<\/title>\n<meta name=\"robots\" content=\"index, follow, max-snippet:-1, max-image-preview:large, max-video-preview:-1\" \/>\n<link rel=\"canonical\" href=\"https:\/\/www.greenstar.fi\/en\/services\/\" \/>\n<meta property=\"og:locale\" content=\"en_US\" \/>\n<meta property=\"og:type\" content=\"article\" \/>\n<meta property=\"og:title\" content=\"Services - GreenStar Hotels\" \/>\n<meta property=\"og:description\" content=\"[vc_row][vc_column][vc_empty_space][\/vc_column][\/vc_row][vc_row][vc_column][\/vc_column][\/vc_row][vc_row][vc_column][\/vc_column][\/vc_row][vc_row][vc_column][\/vc_column][\/vc_row][vc_row][vc_column][vc_empty_space][\/vc_column][\/vc_row][vc_row][vc_column][vc_row_inner][vc_column_inner width=&#8221;1\/2&#8243;][vc_column_text]Trying out a new restaurant is always lovely, but often hotel guests would prefer to bring their own food\" \/>\n<meta property=\"og:url\" content=\"https:\/\/www.greenstar.fi\/en\/services\/\" \/>\n<meta property=\"og:site_name\" content=\"GreenStar Hotels\" \/>\n<meta property=\"article:modified_time\" content=\"2025-06-30T12:56:49+00:00\" \/>\n<meta property=\"og:image\" content=\"https:\/\/www.greenstar.fi\/wp-content\/uploads\/2020\/02\/kylm\u00e4s\u00e4ilytys650x450.jpg\" \/>\n<meta name=\"twitter:card\" content=\"summary_large_image\" \/>\n<meta name=\"twitter:label1\" content=\"Est. reading time\" \/>\n\t<meta name=\"twitter:data1\" content=\"3 minutes\" \/>\n<script type=\"application\/ld+json\" class=\"yoast-schema-graph\">{\"@context\":\"https:\\\/\\\/schema.org\",\"@graph\":[{\"@type\":\"WebPage\",\"@id\":\"https:\\\/\\\/www.greenstar.fi\\\/en\\\/services\\\/\",\"url\":\"https:\\\/\\\/www.greenstar.fi\\\/en\\\/services\\\/\",\"name\":\"Services - GreenStar Hotels\",\"isPartOf\":{\"@id\":\"https:\\\/\\\/www.greenstar.fi\\\/en\\\/#website\"},\"datePublished\":\"2020-02-12T12:41:13+00:00\",\"dateModified\":\"2025-06-30T12:56:49+00:00\",\"breadcrumb\":{\"@id\":\"https:\\\/\\\/www.greenstar.fi\\\/en\\\/services\\\/#breadcrumb\"},\"inLanguage\":\"en-US\",\"potentialAction\":[{\"@type\":\"ReadAction\",\"target\":[\"https:\\\/\\\/www.greenstar.fi\\\/en\\\/services\\\/\"]}]},{\"@type\":\"BreadcrumbList\",\"@id\":\"https:\\\/\\\/www.greenstar.fi\\\/en\\\/services\\\/#breadcrumb\",\"itemListElement\":[{\"@type\":\"ListItem\",\"position\":1,\"name\":\"Etusivu\",\"item\":\"https:\\\/\\\/www.greenstar.fi\\\/en\\\/\"},{\"@type\":\"ListItem\",\"position\":2,\"name\":\"Services\"}]},{\"@type\":\"WebSite\",\"@id\":\"https:\\\/\\\/www.greenstar.fi\\\/en\\\/#website\",\"url\":\"https:\\\/\\\/www.greenstar.fi\\\/en\\\/\",\"name\":\"GreenStar Hotels\",\"description\":\"GreenStar Hotels\",\"potentialAction\":[{\"@type\":\"SearchAction\",\"target\":{\"@type\":\"EntryPoint\",\"urlTemplate\":\"https:\\\/\\\/www.greenstar.fi\\\/en\\\/?s={search_term_string}\"},\"query-input\":{\"@type\":\"PropertyValueSpecification\",\"valueRequired\":true,\"valueName\":\"search_term_string\"}}],\"inLanguage\":\"en-US\"}]}<\/script>\n<!-- \/ Yoast SEO plugin. -->","yoast_head_json":{"title":"Services - GreenStar Hotels","robots":{"index":"index","follow":"follow","max-snippet":"max-snippet:-1","max-image-preview":"max-image-preview:large","max-video-preview":"max-video-preview:-1"},"canonical":"https:\/\/www.greenstar.fi\/en\/services\/","og_locale":"en_US","og_type":"article","og_title":"Services - GreenStar Hotels","og_description":"[vc_row][vc_column][vc_empty_space][\/vc_column][\/vc_row][vc_row][vc_column][\/vc_column][\/vc_row][vc_row][vc_column][\/vc_column][\/vc_row][vc_row][vc_column][\/vc_column][\/vc_row][vc_row][vc_column][vc_empty_space][\/vc_column][\/vc_row][vc_row][vc_column][vc_row_inner][vc_column_inner width=&#8221;1\/2&#8243;][vc_column_text]Trying out a new restaurant is always lovely, but often hotel guests would prefer to bring their own food","og_url":"https:\/\/www.greenstar.fi\/en\/services\/","og_site_name":"GreenStar Hotels","article_modified_time":"2025-06-30T12:56:49+00:00","og_image":[{"url":"https:\/\/www.greenstar.fi\/wp-content\/uploads\/2020\/02\/kylm\u00e4s\u00e4ilytys650x450.jpg","type":"","width":"","height":""}],"twitter_card":"summary_large_image","twitter_misc":{"Est. reading time":"3 minutes"},"schema":{"@context":"https:\/\/schema.org","@graph":[{"@type":"WebPage","@id":"https:\/\/www.greenstar.fi\/en\/services\/","url":"https:\/\/www.greenstar.fi\/en\/services\/","name":"Services - GreenStar Hotels","isPartOf":{"@id":"https:\/\/www.greenstar.fi\/en\/#website"},"datePublished":"2020-02-12T12:41:13+00:00","dateModified":"2025-06-30T12:56:49+00:00","breadcrumb":{"@id":"https:\/\/www.greenstar.fi\/en\/services\/#breadcrumb"},"inLanguage":"en-US","potentialAction":[{"@type":"ReadAction","target":["https:\/\/www.greenstar.fi\/en\/services\/"]}]},{"@type":"BreadcrumbList","@id":"https:\/\/www.greenstar.fi\/en\/services\/#breadcrumb","itemListElement":[{"@type":"ListItem","position":1,"name":"Etusivu","item":"https:\/\/www.greenstar.fi\/en\/"},{"@type":"ListItem","position":2,"name":"Services"}]},{"@type":"WebSite","@id":"https:\/\/www.greenstar.fi\/en\/#website","url":"https:\/\/www.greenstar.fi\/en\/","name":"GreenStar Hotels","description":"GreenStar Hotels","potentialAction":[{"@type":"SearchAction","target":{"@type":"EntryPoint","urlTemplate":"https:\/\/www.greenstar.fi\/en\/?s={search_term_string}"},"query-input":{"@type":"PropertyValueSpecification","valueRequired":true,"valueName":"search_term_string"}}],"inLanguage":"en-US"}]}},"_links":{"self":[{"href":"https:\/\/www.greenstar.fi\/en\/wp-json\/wp\/v2\/pages\/1727","targetHints":{"allow":["GET"]}}],"collection":[{"href":"https:\/\/www.greenstar.fi\/en\/wp-json\/wp\/v2\/pages"}],"about":[{"href":"https:\/\/www.greenstar.fi\/en\/wp-json\/wp\/v2\/types\/page"}],"author":[{"embeddable":true,"href":"https:\/\/www.greenstar.fi\/en\/wp-json\/wp\/v2\/users\/1"}],"replies":[{"embeddable":true,"href":"https:\/\/www.greenstar.fi\/en\/wp-json\/wp\/v2\/comments?post=1727"}],"version-history":[{"count":27,"href":"https:\/\/www.greenstar.fi\/en\/wp-json\/wp\/v2\/pages\/1727\/revisions"}],"predecessor-version":[{"id":7266,"href":"https:\/\/www.greenstar.fi\/en\/wp-json\/wp\/v2\/pages\/1727\/revisions\/7266"}],"wp:attachment":[{"href":"https:\/\/www.greenstar.fi\/en\/wp-json\/wp\/v2\/media?parent=1727"}],"curies":[{"name":"wp","href":"https:\/\/api.w.org\/{rel}","templated":true}]}}