{"id":1058,"date":"2020-01-29T07:54:58","date_gmt":"2020-01-29T07:54:58","guid":{"rendered":"https:\/\/unruffled-jemison.185-55-85-19.plesk.page\/ota-yhteytta\/"},"modified":"2025-06-13T06:42:12","modified_gmt":"2025-06-13T06:42:12","slug":"kontakta-oss","status":"publish","type":"page","link":"https:\/\/www.greenstar.fi\/sv\/kontakta-oss\/","title":{"rendered":"Kontakta oss"},"content":{"rendered":"<p>[vc_row css=&#8221;.vc_custom_1587379705030{background-color: #56ba48 !important;}&#8221;][vc_column]<div class=\"sohohotel-title2 sohohotel-title-color2\"><h3>Kontakta oss<\/h3><\/div>[\/vc_column][\/vc_row][vc_row][vc_column][vc_tta_accordion style=&#8221;modern&#8221; spacing=&#8221;5&#8243; gap=&#8221;5&#8243; c_align=&#8221;center&#8221; c_icon=&#8221;triangle&#8221; active_section=&#8221;m&#8221; collapsible_all=&#8221;true&#8221;][vc_tta_section title=&#8221;Hotellreceptioner&#8221; tab_id=&#8221;1587379592457-51fb015b-ac08&#8243; el_class=&#8221;h1&#8243;][vc_row_inner][vc_column_inner width=&#8221;1\/4&#8243;][vc_column_text]<\/p>\n<div class=\"sohohotel-title3 sohohotel-title-color\">\n<h4>Joensuu<\/h4>\n<\/div>\n<ul class=\"sohohotel-contact-details-list\">\n<li class=\"sohohotel-address clearfix\">Torikatu 16, 80100 Joensuu<\/li>\n<li class=\"sohohotel-phone clearfix\">+358 10 423 9390<\/li>\n<li class=\"sohohotel-email clearfix\"><a href=\"mailto:joensuu@greenstar.fi\">joensuu@greenstar.fi<\/a><\/li>\n<\/ul>\n<div class=\"wpb_text_column wpb_content_element \">\n<div class=\"wpb_wrapper\">\n<p><strong>Receptionens \u00f6ppettider:<\/strong><\/p>\n<p>m\u00e5n\u2013fre 07.00\u201320.00<br \/>\nl\u00f6r 08.00\u201320.00<br \/>\ns\u00f6n 08.00\u201313.00 och 15.00\u201319.00<\/p>\n<\/div>\n<\/div>\n<p>[\/vc_column_text][\/vc_column_inner][vc_column_inner width=&#8221;1\/4&#8243;][vc_column_text]<\/p>\n<div class=\"sohohotel-title3 sohohotel-title-color\">\n<h4>Jyv\u00e4skyl\u00e4<\/h4>\n<\/div>\n<ul class=\"sohohotel-contact-details-list\">\n<li class=\"sohohotel-address clearfix\">Heikinkatu 3, 40100 Jyv\u00e4skyl\u00e4<\/li>\n<li class=\"sohohotel-phone clearfix\">+358 10 423 9391<\/li>\n<li class=\"sohohotel-email clearfix\"><a href=\"mailto:jyvaskyla@greenstar.fi\">jyvaskyla@greenstar.fi<\/a><\/li>\n<\/ul>\n<div class=\"wpb_text_column wpb_content_element \">\n<div class=\"wpb_wrapper\">\n<p><strong>Receptionens \u00f6ppettider:<\/strong><\/p>\n<p>m\u00e5n\u2013l\u00f6r 08.00<strong>\u2013<\/strong>21.00<br \/>\ns\u00f6n 08.00<strong>\u2013<\/strong>20.00<\/p>\n<\/div>\n<\/div>\n<p>[\/vc_column_text][\/vc_column_inner][vc_column_inner width=&#8221;1\/4&#8243;][vc_column_text]<\/p>\n<div class=\"sohohotel-title3 sohohotel-title-color\">\n<h4>Lahti<\/h4>\n<\/div>\n<ul class=\"sohohotel-contact-details-list\">\n<li class=\"sohohotel-address clearfix\">Vesij\u00e4rvenkatu 1, 15100 Lahti<\/li>\n<li class=\"sohohotel-phone clearfix\">+358 10 423 9392<\/li>\n<li class=\"sohohotel-email clearfix\"><a href=\"mailto:lahti@greenstar.fi\">lahti@greenstar.fi<\/a><\/li>\n<\/ul>\n<p><strong>Receptionens \u00f6ppettider:<\/strong><\/p>\n<p>24\/7[\/vc_column_text][\/vc_column_inner][vc_column_inner width=&#8221;1\/4&#8243;][vc_column_text]<\/p>\n<div class=\"sohohotel-title3 sohohotel-title-color\">\n<h4>Vaasa<\/h4>\n<\/div>\n<ul class=\"sohohotel-contact-details-list\">\n<li class=\"sohohotel-address clearfix\">Myllykatu 17, 65100 Vaasa<\/li>\n<li class=\"sohohotel-phone clearfix\">+358 10 423 9393<\/li>\n<li class=\"sohohotel-email clearfix\"><a href=\"mailto:vaasa@greenstar.fi\">vaasa@greenstar.fi<\/a><\/li>\n<\/ul>\n<p><strong>Receptionens \u00f6ppettider:<\/strong><\/p>\n<p>m\u00e5n\u2013fre 07.00<strong>\u2013<\/strong>20.00<br \/>\nl\u00f6r 08.00<strong>\u2013<\/strong>20.00<br \/>\ns\u00f6n 08.00<strong>\u2013<\/strong>13.00 och 15.00<strong>\u2013<\/strong>19.00[\/vc_column_text][\/vc_column_inner][\/vc_row_inner][\/vc_tta_section][vc_tta_section title=&#8221;S\u00e4ljteam&#8221; tab_id=&#8221;1587379592697-750daa3f-597d&#8221;][vc_column_text]<\/p>\n<h6>GreenStar Hotel Joensuu<\/h6>\n<p><strong>Mika Ahonen<\/strong><\/p>\n<p>+358 40 566 9220 och <a href=\"mailto:mika.ahonen@greenstar.fi\">mika.ahonen@greenstar.fi<\/a><\/p>\n<hr \/>\n<h6>GreenStar Hotel Jyv\u00e4skyl\u00e4<\/h6>\n<p><strong>Sirpa L\u00e4ntinen<\/strong><\/p>\n<p>+358 50 468 4658 och <a href=\"mailto:sirpa.lantinen@greenstar.fi\">sirpa.lantinen@greenstar.fi<\/a><\/p>\n<p><strong>Susanna Iljin<\/strong><\/p>\n<p>+358 50 471 1517 och <a href=\"mailto:susanna.iljin@greenstar.fi\">susanna.iljin@greenstar.fi<\/a><\/p>\n<hr \/>\n<h6>GreenStar Hotel Lahti<\/h6>\n<p><strong>Mikko Heinonen<\/strong><\/p>\n<p>+358405659149 och <a href=\"mailto:mikko.heinonen@greenstar.fi\">mikko.heinonen@greenstar.fi<\/a><\/p>\n<hr \/>\n<h6>GreenStar Hotel Vaasa<\/h6>\n<p><strong>Jani Nurminen<\/strong><\/p>\n<p>+358 50 354 5480 och <a href=\"mailto:jani.nurminen@greenstar.fi\">jani.nurminen@greenstar.fi<\/a>[\/vc_column_text][\/vc_tta_section][vc_tta_section title=&#8221;\u00d6vriga kontakter&#8221; tab_id=&#8221;1587379592750-8c7f8b3c-146f&#8221;][vc_row_inner][vc_column_inner width=&#8221;1\/3&#8243;][vc_column_text]<\/p>\n<div class=\"sohohotel-title3 sohohotel-title-color\">\n<h4>GreenMeeting (Lahti)<\/h4>\n<\/div>\n<ul class=\"sohohotel-contact-details-list\">\n<li class=\"sohohotel-address clearfix\">Vesij\u00e4rvenkatu 1, 15100 Lahti<\/li>\n<li class=\"sohohotel-phone clearfix\">+358 (0) 50 &#8211; 4782253<\/li>\n<li class=\"sohohotel-email clearfix\"><a href=\"mailto:events@greenstar.fi\">events@greenstar.fi<\/a><\/li>\n<\/ul>\n<p>[\/vc_column_text][\/vc_column_inner][vc_column_inner width=&#8221;1\/3&#8243;][vc_column_text]<\/p>\n<div class=\"sohohotel-title3 sohohotel-title-color\">\n<h4>Ravintola Silmu (Lahti)<\/h4>\n<\/div>\n<ul class=\"sohohotel-contact-details-list\">\n<li class=\"sohohotel-address clearfix\">Vesij\u00e4rvenkatu 1, 15100 Lahti<\/li>\n<li class=\"sohohotel-phone clearfix\">+358 (0)10 &#8211; 423 9392<\/li>\n<li class=\"sohohotel-email clearfix\"><a href=\"mailto:restaurant.lahti@greenstar.fi\">restaurant.lahti@greenstar.fi<\/a><\/li>\n<\/ul>\n<p>[\/vc_column_text][\/vc_column_inner][vc_column_inner width=&#8221;1\/3&#8243;][vc_column_text]<\/p>\n<div class=\"sohohotel-title3 sohohotel-title-color\">\n<h4>24\/7 r<b>eceptionen<\/b><\/h4>\n<\/div>\n<ul class=\"sohohotel-contact-details-list\">\n<li class=\"sohohotel-address clearfix\">Vesij\u00e4rvenkatu 1, 15100 Lahti<\/li>\n<li class=\"sohohotel-phone clearfix\">+358 (0)10 &#8211; 423 9392<\/li>\n<li class=\"sohohotel-email clearfix\"><a href=\"mailto:lahti@greenstar.fi\">lahti@greenstar.fi<\/a><\/li>\n<\/ul>\n<p>[\/vc_column_text][\/vc_column_inner][\/vc_row_inner][\/vc_tta_section][\/vc_tta_accordion][\/vc_column][\/vc_row][vc_row][vc_column][vc_empty_space][\/vc_column][\/vc_row][vc_row][vc_column][vc_row_inner][vc_column_inner width=&#8221;1\/2&#8243; css=&#8221;.vc_custom_1583448915804{background-image: url(https:\/\/www.greenstar.fi\/wp-content\/uploads\/2019\/12\/Greenstar_plain_background.jpg?id=756) !important;}&#8221;]<div class=\"sohohotel-title3 sohohotel-title-color\"><h4>Skicka ett meddelande till oss<\/h4><\/div>[vc_column_text]\n<div class=\"wpcf7 no-js\" id=\"wpcf7-f3073-o1\" lang=\"sv-SE\" dir=\"ltr\" data-wpcf7-id=\"3073\">\n<div class=\"screen-reader-response\"><p role=\"status\" aria-live=\"polite\" aria-atomic=\"true\"><\/p> <ul><\/ul><\/div>\n<form action=\"\/sv\/wp-json\/wp\/v2\/pages\/1058#wpcf7-f3073-o1\" method=\"post\" class=\"wpcf7-form init\" aria-label=\"Kontaktformul\u00e4r\" novalidate=\"novalidate\" data-status=\"init\">\n<fieldset class=\"hidden-fields-container\"><input type=\"hidden\" name=\"_wpcf7\" value=\"3073\" \/><input type=\"hidden\" name=\"_wpcf7_version\" value=\"6.1.5\" \/><input type=\"hidden\" name=\"_wpcf7_locale\" value=\"sv_SE\" \/><input type=\"hidden\" name=\"_wpcf7_unit_tag\" value=\"wpcf7-f3073-o1\" \/><input type=\"hidden\" name=\"_wpcf7_container_post\" value=\"0\" \/><input type=\"hidden\" name=\"_wpcf7_posted_data_hash\" value=\"\" \/><input type=\"hidden\" name=\"_wpcf7_recaptcha_response\" value=\"\" \/>\n<\/fieldset>\n<p class=\"name\"><label> Namn (*)<br \/>\n<span class=\"wpcf7-form-control-wrap\" data-name=\"your-name\"><input size=\"40\" maxlength=\"400\" class=\"wpcf7-form-control wpcf7-text wpcf7-validates-as-required\" aria-required=\"true\" aria-invalid=\"false\" value=\"\" type=\"text\" name=\"your-name\" \/><\/span> <\/label>\n<\/p>\n<p class=\"email\"><label> E-post (*)<br \/>\n<span class=\"wpcf7-form-control-wrap\" data-name=\"your-email\"><input size=\"40\" maxlength=\"400\" class=\"wpcf7-form-control wpcf7-email wpcf7-validates-as-required wpcf7-text wpcf7-validates-as-email\" aria-required=\"true\" aria-invalid=\"false\" value=\"\" type=\"email\" name=\"your-email\" \/><\/span> <\/label>\n<\/p>\n<p class=\"hotel\"><label> V\u00e4lj ett hotell (*)<br \/>\n<span class=\"wpcf7-form-control-wrap\" data-name=\"Hotelselection\"><select class=\"wpcf7-form-control wpcf7-select\" aria-invalid=\"false\" name=\"Hotelselection\"><option value=\"V\u00e4lj\">V\u00e4lj<\/option><option value=\"GreenStar Hotel Joensuu\">GreenStar Hotel Joensuu<\/option><option value=\"GreenStar Hotel Jyv\u00e4skyl\u00e4\">GreenStar Hotel Jyv\u00e4skyl\u00e4<\/option><option value=\"GreenStar Hotel Lahti\">GreenStar Hotel Lahti<\/option><option value=\"GreenStar Hotel Vaasa\">GreenStar Hotel Vaasa<\/option><\/select><\/span><\/label>\n<\/p>\n<p class=\"subject\"><label> \u00c4mne<br \/>\n<span class=\"wpcf7-form-control-wrap\" data-name=\"your-subject\"><input size=\"40\" maxlength=\"400\" class=\"wpcf7-form-control wpcf7-text\" aria-invalid=\"false\" value=\"\" type=\"text\" name=\"your-subject\" \/><\/span> <\/label>\n<\/p>\n<p class=\"message\"><label> Skriv ett meddelande<br \/>\n<span class=\"wpcf7-form-control-wrap\" data-name=\"your-message\"><textarea cols=\"40\" rows=\"10\" maxlength=\"2000\" class=\"wpcf7-form-control wpcf7-textarea\" aria-invalid=\"false\" name=\"your-message\"><\/textarea><\/span> <\/label>\n<\/p>\n<p class=\"submit\"><input class=\"wpcf7-form-control wpcf7-submit has-spinner\" type=\"submit\" value=\"Skicka ett meddelande\" \/>\n<\/p><div class=\"wpcf7-response-output\" aria-hidden=\"true\"><\/div>\n<\/form>\n<\/div>\n[\/vc_column_text][\/vc_column_inner][vc_column_inner width=&#8221;1\/2&#8243;]<div class=\"sohohotel-title3 sohohotel-title-color\"><h4>Om du beh\u00f6ver hj\u00e4lp...<\/h4><\/div>[vc_column_text]<\/p>\n<ul>\n<li>Om du beh\u00f6ver hj\u00e4lp med en bokning kan du alltid kontakta receptionen p\u00e5 respektive hotell direkt.<\/li>\n<li>Om du st\u00f6ter p\u00e5 problem i samband med bokning eller betalning eller vid incheckning n\u00e4r receptionen \u00e4r st\u00e4ngd ringer du v\u00e5r st\u00e4ndigt bemannade kundtj\u00e4nst p\u00e5 +358 10 423 9392.<\/li>\n<li>Om du har fr\u00e5gor kring driften av v\u00e5ra hotell kan du kontakta COO Harri Nevalainen, harri.nevalainen @ greenstar.fi.<\/li>\n<li>Om du har fr\u00e5gor om hotellkedjan GreenStar Hotels kan du kontakta Kristian Ikonen via f\u00f6rnamn.efternamn@greenstar.fi.<\/li>\n<\/ul>\n<p>[\/vc_column_text][\/vc_column_inner][\/vc_row_inner][\/vc_column][\/vc_row]<\/p>\n","protected":false},"excerpt":{"rendered":"<p>[vc_row css=&#8221;.vc_custom_1587379705030{background-color: #56ba48 !important;}&#8221;][vc_column][\/vc_column][\/vc_row][vc_row][vc_column][vc_tta_accordion style=&#8221;modern&#8221; spacing=&#8221;5&#8243; gap=&#8221;5&#8243; c_align=&#8221;center&#8221; c_icon=&#8221;triangle&#8221; active_section=&#8221;m&#8221; collapsible_all=&#8221;true&#8221;][vc_tta_section title=&#8221;Hotellreceptioner&#8221; tab_id=&#8221;1587379592457-51fb015b-ac08&#8243; el_class=&#8221;h1&#8243;][vc_row_inner][vc_column_inner width=&#8221;1\/4&#8243;][vc_column_text] Joensuu Torikatu 16, 80100 Joensuu<\/p>\n<a href=\"https:\/\/www.greenstar.fi\/sv\/kontakta-oss\/\" class=\"sohohotel-more-link\">Read More<i class=\"fa fa-angle-right\"><\/i><\/a>","protected":false},"author":1,"featured_media":0,"parent":0,"menu_order":0,"comment_status":"closed","ping_status":"closed","template":"page-modules.php","meta":{"_acf_changed":false,"footnotes":""},"class_list":["post-1058","page","type-page","status-publish","hentry"],"acf":[],"yoast_head":"<!-- This site is optimized with the Yoast SEO plugin v27.4 - https:\/\/yoast.com\/product\/yoast-seo-wordpress\/ -->\n<title>Kontakta oss - GreenStar Hotels<\/title>\n<meta name=\"robots\" content=\"index, follow, max-snippet:-1, max-image-preview:large, max-video-preview:-1\" \/>\n<link rel=\"canonical\" href=\"https:\/\/www.greenstar.fi\/sv\/kontakta-oss\/\" \/>\n<meta property=\"og:locale\" content=\"sv_SE\" \/>\n<meta property=\"og:type\" content=\"article\" \/>\n<meta property=\"og:title\" content=\"Kontakta oss - GreenStar Hotels\" \/>\n<meta property=\"og:description\" content=\"[vc_row css=&#8221;.vc_custom_1587379705030{background-color: #56ba48 !important;}&#8221;][vc_column][\/vc_column][\/vc_row][vc_row][vc_column][vc_tta_accordion style=&#8221;modern&#8221; spacing=&#8221;5&#8243; gap=&#8221;5&#8243; c_align=&#8221;center&#8221; c_icon=&#8221;triangle&#8221; active_section=&#8221;m&#8221; collapsible_all=&#8221;true&#8221;][vc_tta_section title=&#8221;Hotellreceptioner&#8221; tab_id=&#8221;1587379592457-51fb015b-ac08&#8243; el_class=&#8221;h1&#8243;][vc_row_inner][vc_column_inner width=&#8221;1\/4&#8243;][vc_column_text] Joensuu Torikatu 16, 80100 Joensuu\" \/>\n<meta property=\"og:url\" content=\"https:\/\/www.greenstar.fi\/sv\/kontakta-oss\/\" \/>\n<meta property=\"og:site_name\" content=\"GreenStar Hotels\" \/>\n<meta property=\"article:modified_time\" content=\"2025-06-13T06:42:12+00:00\" \/>\n<meta name=\"twitter:card\" content=\"summary_large_image\" \/>\n<meta name=\"twitter:label1\" content=\"Ber\u00e4knad l\u00e4stid\" \/>\n\t<meta name=\"twitter:data1\" content=\"2 minuter\" \/>\n<script type=\"application\/ld+json\" class=\"yoast-schema-graph\">{\"@context\":\"https:\\\/\\\/schema.org\",\"@graph\":[{\"@type\":\"WebPage\",\"@id\":\"https:\\\/\\\/www.greenstar.fi\\\/sv\\\/kontakta-oss\\\/\",\"url\":\"https:\\\/\\\/www.greenstar.fi\\\/sv\\\/kontakta-oss\\\/\",\"name\":\"Kontakta oss - GreenStar Hotels\",\"isPartOf\":{\"@id\":\"https:\\\/\\\/www.greenstar.fi\\\/sv\\\/#website\"},\"datePublished\":\"2020-01-29T07:54:58+00:00\",\"dateModified\":\"2025-06-13T06:42:12+00:00\",\"breadcrumb\":{\"@id\":\"https:\\\/\\\/www.greenstar.fi\\\/sv\\\/kontakta-oss\\\/#breadcrumb\"},\"inLanguage\":\"sv-SE\",\"potentialAction\":[{\"@type\":\"ReadAction\",\"target\":[\"https:\\\/\\\/www.greenstar.fi\\\/sv\\\/kontakta-oss\\\/\"]}]},{\"@type\":\"BreadcrumbList\",\"@id\":\"https:\\\/\\\/www.greenstar.fi\\\/sv\\\/kontakta-oss\\\/#breadcrumb\",\"itemListElement\":[{\"@type\":\"ListItem\",\"position\":1,\"name\":\"Etusivu\",\"item\":\"https:\\\/\\\/www.greenstar.fi\\\/sv\\\/\"},{\"@type\":\"ListItem\",\"position\":2,\"name\":\"Kontakta oss\"}]},{\"@type\":\"WebSite\",\"@id\":\"https:\\\/\\\/www.greenstar.fi\\\/sv\\\/#website\",\"url\":\"https:\\\/\\\/www.greenstar.fi\\\/sv\\\/\",\"name\":\"GreenStar Hotels\",\"description\":\"GreenStar Hotels\",\"potentialAction\":[{\"@type\":\"SearchAction\",\"target\":{\"@type\":\"EntryPoint\",\"urlTemplate\":\"https:\\\/\\\/www.greenstar.fi\\\/sv\\\/?s={search_term_string}\"},\"query-input\":{\"@type\":\"PropertyValueSpecification\",\"valueRequired\":true,\"valueName\":\"search_term_string\"}}],\"inLanguage\":\"sv-SE\"}]}<\/script>\n<!-- \/ Yoast SEO plugin. -->","yoast_head_json":{"title":"Kontakta oss - GreenStar Hotels","robots":{"index":"index","follow":"follow","max-snippet":"max-snippet:-1","max-image-preview":"max-image-preview:large","max-video-preview":"max-video-preview:-1"},"canonical":"https:\/\/www.greenstar.fi\/sv\/kontakta-oss\/","og_locale":"sv_SE","og_type":"article","og_title":"Kontakta oss - GreenStar Hotels","og_description":"[vc_row css=&#8221;.vc_custom_1587379705030{background-color: #56ba48 !important;}&#8221;][vc_column][\/vc_column][\/vc_row][vc_row][vc_column][vc_tta_accordion style=&#8221;modern&#8221; spacing=&#8221;5&#8243; gap=&#8221;5&#8243; c_align=&#8221;center&#8221; c_icon=&#8221;triangle&#8221; active_section=&#8221;m&#8221; collapsible_all=&#8221;true&#8221;][vc_tta_section title=&#8221;Hotellreceptioner&#8221; tab_id=&#8221;1587379592457-51fb015b-ac08&#8243; el_class=&#8221;h1&#8243;][vc_row_inner][vc_column_inner width=&#8221;1\/4&#8243;][vc_column_text] Joensuu Torikatu 16, 80100 Joensuu","og_url":"https:\/\/www.greenstar.fi\/sv\/kontakta-oss\/","og_site_name":"GreenStar Hotels","article_modified_time":"2025-06-13T06:42:12+00:00","twitter_card":"summary_large_image","twitter_misc":{"Ber\u00e4knad l\u00e4stid":"2 minuter"},"schema":{"@context":"https:\/\/schema.org","@graph":[{"@type":"WebPage","@id":"https:\/\/www.greenstar.fi\/sv\/kontakta-oss\/","url":"https:\/\/www.greenstar.fi\/sv\/kontakta-oss\/","name":"Kontakta oss - GreenStar Hotels","isPartOf":{"@id":"https:\/\/www.greenstar.fi\/sv\/#website"},"datePublished":"2020-01-29T07:54:58+00:00","dateModified":"2025-06-13T06:42:12+00:00","breadcrumb":{"@id":"https:\/\/www.greenstar.fi\/sv\/kontakta-oss\/#breadcrumb"},"inLanguage":"sv-SE","potentialAction":[{"@type":"ReadAction","target":["https:\/\/www.greenstar.fi\/sv\/kontakta-oss\/"]}]},{"@type":"BreadcrumbList","@id":"https:\/\/www.greenstar.fi\/sv\/kontakta-oss\/#breadcrumb","itemListElement":[{"@type":"ListItem","position":1,"name":"Etusivu","item":"https:\/\/www.greenstar.fi\/sv\/"},{"@type":"ListItem","position":2,"name":"Kontakta oss"}]},{"@type":"WebSite","@id":"https:\/\/www.greenstar.fi\/sv\/#website","url":"https:\/\/www.greenstar.fi\/sv\/","name":"GreenStar Hotels","description":"GreenStar Hotels","potentialAction":[{"@type":"SearchAction","target":{"@type":"EntryPoint","urlTemplate":"https:\/\/www.greenstar.fi\/sv\/?s={search_term_string}"},"query-input":{"@type":"PropertyValueSpecification","valueRequired":true,"valueName":"search_term_string"}}],"inLanguage":"sv-SE"}]}},"_links":{"self":[{"href":"https:\/\/www.greenstar.fi\/sv\/wp-json\/wp\/v2\/pages\/1058","targetHints":{"allow":["GET"]}}],"collection":[{"href":"https:\/\/www.greenstar.fi\/sv\/wp-json\/wp\/v2\/pages"}],"about":[{"href":"https:\/\/www.greenstar.fi\/sv\/wp-json\/wp\/v2\/types\/page"}],"author":[{"embeddable":true,"href":"https:\/\/www.greenstar.fi\/sv\/wp-json\/wp\/v2\/users\/1"}],"replies":[{"embeddable":true,"href":"https:\/\/www.greenstar.fi\/sv\/wp-json\/wp\/v2\/comments?post=1058"}],"version-history":[{"count":48,"href":"https:\/\/www.greenstar.fi\/sv\/wp-json\/wp\/v2\/pages\/1058\/revisions"}],"predecessor-version":[{"id":7036,"href":"https:\/\/www.greenstar.fi\/sv\/wp-json\/wp\/v2\/pages\/1058\/revisions\/7036"}],"wp:attachment":[{"href":"https:\/\/www.greenstar.fi\/sv\/wp-json\/wp\/v2\/media?parent=1058"}],"curies":[{"name":"wp","href":"https:\/\/api.w.org\/{rel}","templated":true}]}}