{"id":1163,"date":"2020-01-31T10:03:24","date_gmt":"2020-01-31T10:03:24","guid":{"rendered":"https:\/\/unruffled-jemison.185-55-85-19.plesk.page\/palvelut\/"},"modified":"2020-01-31T10:14:42","modified_gmt":"2020-01-31T10:14:42","slug":"palvelut","status":"publish","type":"page","link":"https:\/\/www.greenstar.fi\/sv\/palvelut\/","title":{"rendered":"Palvelut"},"content":{"rendered":"<p>[vc_row css=&#8221;.vc_custom_1537608309097{margin-bottom: 80px !important;}&#8221;][vc_column][vc_hoverbox image=&#8221;656&#8243; primary_title=&#8221;Allting du beh\u00f6ver och ingenting annat&#8221; hover_title=&#8221;F\u00f6r en h\u00e4rlig och besv\u00e4rsfri vistelse&#8221;]<\/p>\n<p align=\"JUSTIFY\"><span style=\"font-family: Times New Roman, serif;\"><span style=\"font-size: medium;\">V\u00e5ra avgiftsfria servicetj\u00e4nster g\u00f6r det enkelt att resa h\u00e5llbart. Visste du att ekologiskt te och kaffe serveras utan extra kostnad i lobbyn p\u00e5 GreenStars alla hotell? Vi erbjuder \u00e4ven vissa servicetj\u00e4nster mot en extra avgift. Alla dessa \u00e4r valfria \u2013 du betalar bara f\u00f6r det du faktiskt beh\u00f6ver.<\/span><\/span><\/p>\n<p>[\/vc_hoverbox][\/vc_column][\/vc_row][vc_row][vc_column][vc_tta_accordion color=&#8221;green&#8221; c_align=&#8221;center&#8221; active_section=&#8221;&#8221; collapsible_all=&#8221;true&#8221;][vc_tta_section title=&#8221;Sen incheckning&#8221; tab_id=&#8221;1579648316763-57400108-59ec&#8221;][vc_column_text]Du anl\u00e4nder till hotellet n\u00e4r det passar dig. Om receptionen \u00e4r st\u00e4ngd n\u00e4r du kommer kan du anv\u00e4nda incheckningsautomaten. Om du inte har en bokning och receptionen \u00e4r st\u00e4ngd kan du boka ett rum online och sedan anv\u00e4nda incheckningsautomaten.[\/vc_column_text][\/vc_tta_section][vc_tta_section title=&#8221;Gratis Wi-Fi&#8221; tab_id=&#8221;1579648316764-b977d416-01b5&#8243;][vc_column_text]Vi har gratis bredband f\u00f6r alla v\u00e5ra g\u00e4ster. I Joensuu \u00e4r anv\u00e4ndarnamnet och l\u00f6senordet greenstar. P\u00e5 de andra hotellen \u00e4r internetanslutningen \u00f6ppen f\u00f6r alla. Fr\u00e5ga i receptionen f\u00f6r mer information.[\/vc_column_text][\/vc_tta_section][vc_tta_section title=&#8221;Gratis ekologiskt te och kaffe&#8221; tab_id=&#8221;1579648392604-ae9ce988-db32&#8243;][vc_column_text]N\u00e4r receptionen \u00e4r \u00f6ppen kan v\u00e5ra g\u00e4ster f\u00f6rse sig med te och kaffe utan kostnad i lobbyn. I den bekv\u00e4ma, hemtrevliga lobbyn sitter man g\u00e4rna ner en stund. Packa upp datorn f\u00f6r ett arbetspass eller bara slappna av och njut av dagen \u2013 med en varm dryck, s\u00e5klart.<\/p>\n<p>Det te och kaffe som vi serverar \u00e4r alltid ekologiskt och kommer, om m\u00f6jligt, fr\u00e5n lokala producenter.[\/vc_column_text][\/vc_tta_section][vc_tta_section title=&#8221;Laddningsstation f\u00f6r elbil&#8221; tab_id=&#8221;1579648412125-b7dd2360-600d&#8221;][vc_column_text]Alla v\u00e5ra hotell har en kostnadsfri laddningsstation f\u00f6r elbilar (b\u00e5de Tesla och Virta). Vi anv\u00e4nder bara h\u00e5llbar, utsl\u00e4ppsfri el. Hos GreenStar kan du vara s\u00e4ker p\u00e5 att bilen laddas p\u00e5 ett klimatv\u00e4nligt s\u00e4tt.[\/vc_column_text][\/vc_tta_section][vc_tta_section title=&#8221;L\u00e5necyklar&#8221; tab_id=&#8221;1579648435708-ef01ad16-c5ac&#8221;][vc_column_text]Vi vill hj\u00e4lpa v\u00e5ra g\u00e4ster att ta sig runt p\u00e5 ett enkelt \u2013 och utsl\u00e4ppsfritt \u2013 s\u00e4tt. D\u00e4rf\u00f6r l\u00e5nar vi ut cyklar och hj\u00e4lmar gratis till alla g\u00e4ster. Cykling \u00e4r ocks\u00e5 ett utm\u00e4rkt s\u00e4tt att utforska ditt resm\u00e5l![\/vc_column_text][\/vc_tta_section][vc_tta_section title=&#8221;Storing and heating your food&#8221; tab_id=&#8221;1579648449026-c40555dc-c95b&#8221;][vc_column_text]Det \u00e4r alltid roligt att testa en ny restaurang, men ibland vill hotellg\u00e4ster ta med egen mat och uppskattar d\u00e5 ett bekv\u00e4mt s\u00e4tt att f\u00f6rvara och tillreda den. <\/p>\n<p>P\u00e5 varje v\u00e5ning finns d\u00e4rf\u00f6r energisn\u00e5la kylsk\u00e5p med rumsspecifika kylsk\u00e5psburar. Du kan anv\u00e4nda rummets egen kylsk\u00e5psbur till mat som m\u00e5ste f\u00f6rvaras kallt. Burarna g\u00e5r att l\u00e5sa med en PIN-kod. Av milj\u00f6sk\u00e4l finns inte minibar eller kylsk\u00e5p p\u00e5 rummen.<\/p>\n<p>Alla rum \u00e4r utrustade med vattenkokare och muggar. Det finns ocks\u00e5 en mikrov\u00e5gsugn p\u00e5 varje v\u00e5ning, och vissa hotell har \u00e4ven varuautomater n\u00e4r du blir sugen p\u00e5 n\u00e5got extra.<\/p>\n<p>V\u00e5ra stora trippelrum (Large Triple Room) \u00e4r utrustade med mer porslin och, p\u00e5 vissa hotell, egen mikrov\u00e5gsugn.[\/vc_column_text][\/vc_tta_section][vc_tta_section title=&#8221;Barnleksaker&#8221; tab_id=&#8221;1579648780835-9acba3da-e26b&#8221;][vc_column_text]V\u00e5ra hotell har l\u00e5dor med leksaker f\u00f6r v\u00e5ra yngre g\u00e4ster. Alla barn \u00e4r v\u00e4lkomna att rumstera om i l\u00e5dorna och l\u00e5na leksaker medan de bor hos oss![\/vc_column_text][\/vc_tta_section][vc_tta_section title=&#8221;Tv\u00e4tt och strykning&#8221; tab_id=&#8221;1579648783312-a911ef6e-edd7&#8243;][vc_column_text]<\/p>\n<p align=\"JUSTIFY\"><span style=\"font-family: Times New Roman, serif;\"><span style=\"font-size: medium;\">Det \u00e4r enkelt att v\u00e5rda sina kl\u00e4der p\u00e5 alla v\u00e5ra hotell. Vi tillhandah\u00e5ller tv\u00e4ttmaskin, torktumlare, strykj\u00e4rn och strykbr\u00e4da utan extra kostnad. Fr\u00e5ga i receptionen f\u00f6r mer information.<\/span><\/span><\/p>\n<p>[\/vc_column_text][\/vc_tta_section][\/vc_tta_accordion][\/vc_column][\/vc_row]<\/p>\n","protected":false},"excerpt":{"rendered":"<p>[vc_row css=&#8221;.vc_custom_1537608309097{margin-bottom: 80px !important;}&#8221;][vc_column][vc_hoverbox image=&#8221;656&#8243; primary_title=&#8221;Allting du beh\u00f6ver och ingenting annat&#8221; hover_title=&#8221;F\u00f6r en h\u00e4rlig och besv\u00e4rsfri vistelse&#8221;] V\u00e5ra avgiftsfria servicetj\u00e4nster<\/p>\n<a href=\"https:\/\/www.greenstar.fi\/sv\/palvelut\/\" class=\"sohohotel-more-link\">Read More<i class=\"fa fa-angle-right\"><\/i><\/a>","protected":false},"author":1,"featured_media":0,"parent":0,"menu_order":0,"comment_status":"closed","ping_status":"closed","template":"","meta":{"_acf_changed":false,"footnotes":""},"class_list":["post-1163","page","type-page","status-publish","hentry"],"acf":[],"yoast_head":"<!-- This site is optimized with the Yoast SEO plugin v27.4 - https:\/\/yoast.com\/product\/yoast-seo-wordpress\/ -->\n<title>Palvelut - GreenStar Hotels<\/title>\n<meta name=\"robots\" content=\"index, follow, max-snippet:-1, max-image-preview:large, max-video-preview:-1\" \/>\n<link rel=\"canonical\" href=\"https:\/\/www.greenstar.fi\/sv\/palvelut\/\" \/>\n<meta property=\"og:locale\" content=\"sv_SE\" \/>\n<meta property=\"og:type\" content=\"article\" \/>\n<meta property=\"og:title\" content=\"Palvelut - GreenStar Hotels\" \/>\n<meta property=\"og:description\" content=\"[vc_row css=&#8221;.vc_custom_1537608309097{margin-bottom: 80px !important;}&#8221;][vc_column][vc_hoverbox image=&#8221;656&#8243; primary_title=&#8221;Allting du beh\u00f6ver och ingenting annat&#8221; hover_title=&#8221;F\u00f6r en h\u00e4rlig och besv\u00e4rsfri vistelse&#8221;] V\u00e5ra avgiftsfria servicetj\u00e4nster\" \/>\n<meta property=\"og:url\" content=\"https:\/\/www.greenstar.fi\/sv\/palvelut\/\" \/>\n<meta property=\"og:site_name\" content=\"GreenStar Hotels\" \/>\n<meta property=\"article:modified_time\" content=\"2020-01-31T10:14:42+00:00\" \/>\n<meta name=\"twitter:card\" content=\"summary_large_image\" \/>\n<meta name=\"twitter:label1\" content=\"Ber\u00e4knad l\u00e4stid\" \/>\n\t<meta name=\"twitter:data1\" content=\"4 minuter\" \/>\n<script type=\"application\/ld+json\" class=\"yoast-schema-graph\">{\"@context\":\"https:\\\/\\\/schema.org\",\"@graph\":[{\"@type\":\"WebPage\",\"@id\":\"https:\\\/\\\/www.greenstar.fi\\\/sv\\\/palvelut\\\/\",\"url\":\"https:\\\/\\\/www.greenstar.fi\\\/sv\\\/palvelut\\\/\",\"name\":\"Palvelut - GreenStar Hotels\",\"isPartOf\":{\"@id\":\"https:\\\/\\\/www.greenstar.fi\\\/sv\\\/#website\"},\"datePublished\":\"2020-01-31T10:03:24+00:00\",\"dateModified\":\"2020-01-31T10:14:42+00:00\",\"breadcrumb\":{\"@id\":\"https:\\\/\\\/www.greenstar.fi\\\/sv\\\/palvelut\\\/#breadcrumb\"},\"inLanguage\":\"sv-SE\",\"potentialAction\":[{\"@type\":\"ReadAction\",\"target\":[\"https:\\\/\\\/www.greenstar.fi\\\/sv\\\/palvelut\\\/\"]}]},{\"@type\":\"BreadcrumbList\",\"@id\":\"https:\\\/\\\/www.greenstar.fi\\\/sv\\\/palvelut\\\/#breadcrumb\",\"itemListElement\":[{\"@type\":\"ListItem\",\"position\":1,\"name\":\"Etusivu\",\"item\":\"https:\\\/\\\/www.greenstar.fi\\\/sv\\\/\"},{\"@type\":\"ListItem\",\"position\":2,\"name\":\"Palvelut\"}]},{\"@type\":\"WebSite\",\"@id\":\"https:\\\/\\\/www.greenstar.fi\\\/sv\\\/#website\",\"url\":\"https:\\\/\\\/www.greenstar.fi\\\/sv\\\/\",\"name\":\"GreenStar Hotels\",\"description\":\"GreenStar Hotels\",\"potentialAction\":[{\"@type\":\"SearchAction\",\"target\":{\"@type\":\"EntryPoint\",\"urlTemplate\":\"https:\\\/\\\/www.greenstar.fi\\\/sv\\\/?s={search_term_string}\"},\"query-input\":{\"@type\":\"PropertyValueSpecification\",\"valueRequired\":true,\"valueName\":\"search_term_string\"}}],\"inLanguage\":\"sv-SE\"}]}<\/script>\n<!-- \/ Yoast SEO plugin. -->","yoast_head_json":{"title":"Palvelut - GreenStar Hotels","robots":{"index":"index","follow":"follow","max-snippet":"max-snippet:-1","max-image-preview":"max-image-preview:large","max-video-preview":"max-video-preview:-1"},"canonical":"https:\/\/www.greenstar.fi\/sv\/palvelut\/","og_locale":"sv_SE","og_type":"article","og_title":"Palvelut - GreenStar Hotels","og_description":"[vc_row css=&#8221;.vc_custom_1537608309097{margin-bottom: 80px !important;}&#8221;][vc_column][vc_hoverbox image=&#8221;656&#8243; primary_title=&#8221;Allting du beh\u00f6ver och ingenting annat&#8221; hover_title=&#8221;F\u00f6r en h\u00e4rlig och besv\u00e4rsfri vistelse&#8221;] V\u00e5ra avgiftsfria servicetj\u00e4nster","og_url":"https:\/\/www.greenstar.fi\/sv\/palvelut\/","og_site_name":"GreenStar Hotels","article_modified_time":"2020-01-31T10:14:42+00:00","twitter_card":"summary_large_image","twitter_misc":{"Ber\u00e4knad l\u00e4stid":"4 minuter"},"schema":{"@context":"https:\/\/schema.org","@graph":[{"@type":"WebPage","@id":"https:\/\/www.greenstar.fi\/sv\/palvelut\/","url":"https:\/\/www.greenstar.fi\/sv\/palvelut\/","name":"Palvelut - GreenStar Hotels","isPartOf":{"@id":"https:\/\/www.greenstar.fi\/sv\/#website"},"datePublished":"2020-01-31T10:03:24+00:00","dateModified":"2020-01-31T10:14:42+00:00","breadcrumb":{"@id":"https:\/\/www.greenstar.fi\/sv\/palvelut\/#breadcrumb"},"inLanguage":"sv-SE","potentialAction":[{"@type":"ReadAction","target":["https:\/\/www.greenstar.fi\/sv\/palvelut\/"]}]},{"@type":"BreadcrumbList","@id":"https:\/\/www.greenstar.fi\/sv\/palvelut\/#breadcrumb","itemListElement":[{"@type":"ListItem","position":1,"name":"Etusivu","item":"https:\/\/www.greenstar.fi\/sv\/"},{"@type":"ListItem","position":2,"name":"Palvelut"}]},{"@type":"WebSite","@id":"https:\/\/www.greenstar.fi\/sv\/#website","url":"https:\/\/www.greenstar.fi\/sv\/","name":"GreenStar Hotels","description":"GreenStar Hotels","potentialAction":[{"@type":"SearchAction","target":{"@type":"EntryPoint","urlTemplate":"https:\/\/www.greenstar.fi\/sv\/?s={search_term_string}"},"query-input":{"@type":"PropertyValueSpecification","valueRequired":true,"valueName":"search_term_string"}}],"inLanguage":"sv-SE"}]}},"_links":{"self":[{"href":"https:\/\/www.greenstar.fi\/sv\/wp-json\/wp\/v2\/pages\/1163","targetHints":{"allow":["GET"]}}],"collection":[{"href":"https:\/\/www.greenstar.fi\/sv\/wp-json\/wp\/v2\/pages"}],"about":[{"href":"https:\/\/www.greenstar.fi\/sv\/wp-json\/wp\/v2\/types\/page"}],"author":[{"embeddable":true,"href":"https:\/\/www.greenstar.fi\/sv\/wp-json\/wp\/v2\/users\/1"}],"replies":[{"embeddable":true,"href":"https:\/\/www.greenstar.fi\/sv\/wp-json\/wp\/v2\/comments?post=1163"}],"version-history":[{"count":5,"href":"https:\/\/www.greenstar.fi\/sv\/wp-json\/wp\/v2\/pages\/1163\/revisions"}],"predecessor-version":[{"id":1168,"href":"https:\/\/www.greenstar.fi\/sv\/wp-json\/wp\/v2\/pages\/1163\/revisions\/1168"}],"wp:attachment":[{"href":"https:\/\/www.greenstar.fi\/sv\/wp-json\/wp\/v2\/media?parent=1163"}],"curies":[{"name":"wp","href":"https:\/\/api.w.org\/{rel}","templated":true}]}}