{"id":1169,"date":"2020-01-31T10:17:04","date_gmt":"2020-01-31T10:17:04","guid":{"rendered":"https:\/\/unruffled-jemison.185-55-85-19.plesk.page\/tietoja-meista\/"},"modified":"2026-02-23T15:35:26","modified_gmt":"2026-02-23T15:35:26","slug":"om-oss","status":"publish","type":"page","link":"https:\/\/www.greenstar.fi\/sv\/om-oss\/","title":{"rendered":"Om oss"},"content":{"rendered":"<p>[vc_row css=&#8221;.vc_custom_1588423725682{background-color: #aedea8 !important;}&#8221;][vc_column]<section class=\"sohohotel-clearfix sohohotel-call-to-action-1-section\" style=\"background:url() no-repeat center top;\">\n\n\t\t<div class=\"sohohotel-call-to-action-1-section-inner\">\n\n\t\t\t<h3>Vi \u00e4r den f\u00f6rsta koldioxidneutrala hotellkedjan i Finland.<\/p>\n<p>Vi p\u00e5 GreenStar \u00f6vervakar, minskar och kompenserar f\u00f6r v\u00e5ra utsl\u00e4pp av v\u00e4xthusgaser.<\/h3>\n\t\t\t<a href=\"https:\/\/www.greenstar.fi\/sv\/boka\/\" class=\"sohohotel-button0\">Boka<i class=\"fa fa-angle-right\"><\/i><\/a>\n\n\t\t<\/div>\n\n\t<\/section>[\/vc_column][\/vc_row][vc_row][vc_column][vc_empty_space][\/vc_column][\/vc_row][vc_row][vc_column width=&#8221;1\/2&#8243;]<div class=\"sohohotel-title3 sohohotel-title-color\"><h4>GreenStar \u2013 den gr\u00f6na, urbana hotellkedjan<\/h4><\/div>[vc_column_text]De f\u00f6rsta planerna f\u00f6r GreenStar-konceptet skissades fram i b\u00f6rjan p\u00e5 2000-talet. Vi ville skapa en hotellkedja som var utformad f\u00f6r att vara milj\u00f6v\u00e4nlig \u2013 genom att spara energi och anv\u00e4nda resurser p\u00e5 ett effektivt s\u00e4tt ville vi skydda naturen och samtidigt spara pengar. P\u00e5 s\u00e5 vis kan vi erbjuda ett kostnadseffektivt boende av h\u00f6g kvalitet i finska stadsk\u00e4rnor.<\/p>\n<p><strong>GreenStars huvudprinciper \u00e4r:<\/strong><\/p>\n<ul>\n<li>Vi s\u00e4tter h\u00e5llbarhet och g\u00e4sternas v\u00e4lbefinnande i f\u00f6rsta rummet n\u00e4r det g\u00e4ller, exempelvis, v\u00e5rt frukostutbud och de byggmaterial som anv\u00e4nds i v\u00e5ra hotell.<\/li>\n<li>V\u00e5ra g\u00e4ster ska kunna bo bekv\u00e4mt och milj\u00f6v\u00e4nligt genom att till exempel ta med egen mat och snacks, och genom att vi erbjuder utsl\u00e4ppsfria transportm\u00f6jligheter.<\/li>\n<li>Vi samarbetar med lokala f\u00f6retag och organisationer som delar v\u00e5ra gr\u00f6na och ansvarstagande v\u00e4rderingar.<\/li>\n<\/ul>\n<p>[\/vc_column_text][vc_empty_space height=&#8221;10px&#8221;][\/vc_column][vc_column width=&#8221;1\/2&#8243;][vc_empty_space height=&#8221;40px&#8221;][vc_column_text]<\/p>\n\n\t\t<div id='gallery-1' class='gallery galleryid-1169 gallery-columns-2 gallery-size-thumbnail'><div class='gallery-item'><div class='gallery-icon'><a href=\"https:\/\/www.greenstar.fi\/wp-content\/uploads\/2020\/01\/pyorat.jpg\" data-gal=\"prettyPhoto[gallery-1]\" title=\"pyorat\"><img decoding=\"async\" src=\"https:\/\/www.greenstar.fi\/wp-content\/uploads\/2020\/01\/pyorat.jpg\" alt=\"lainapy\u00f6r\u00e4t hotellin edess\u00e4\" \/><\/a><\/div><\/div><div class='gallery-item'><div class='gallery-icon'><a href=\"https:\/\/www.greenstar.fi\/wp-content\/uploads\/2020\/01\/aamupala.jpg\" data-gal=\"prettyPhoto[gallery-1]\" title=\"aamupala\"><img decoding=\"async\" src=\"https:\/\/www.greenstar.fi\/wp-content\/uploads\/2020\/01\/aamupala.jpg\" alt=\"Aamiaistarjottimet p\u00f6yd\u00e4ll\u00e4\" \/><\/a><\/div><\/div><div class='gallery-item'><div class='gallery-icon'><a href=\"https:\/\/www.greenstar.fi\/wp-content\/uploads\/2020\/01\/aula.jpg\" data-gal=\"prettyPhoto[gallery-1]\" title=\"aula\"><img decoding=\"async\" src=\"https:\/\/www.greenstar.fi\/wp-content\/uploads\/2020\/01\/aula.jpg\" alt=\"yhteistilat ja vastaanotto Jyv\u00e4skyl\u00e4\" \/><\/a><\/div><\/div><div class='gallery-item'><div class='gallery-icon'><a href=\"https:\/\/www.greenstar.fi\/wp-content\/uploads\/2020\/01\/sahkoauto.jpg\" data-gal=\"prettyPhoto[gallery-1]\" title=\"sahkoauto\"><img decoding=\"async\" src=\"https:\/\/www.greenstar.fi\/wp-content\/uploads\/2020\/01\/sahkoauto.jpg\" alt=\"henkil\u00f6 kytkee s\u00e4hk\u00f6autoa latautumaan.\" \/><\/a><\/div><\/div>\n\t\t\t<br style='clear: both;' \/>\n\t\t<\/div>\n\n<p>[\/vc_column_text][\/vc_column][\/vc_row][vc_row][vc_column][vc_empty_space][\/vc_column][\/vc_row][vc_row][vc_column][vc_empty_space][\/vc_column][\/vc_row][vc_row][vc_column width=&#8221;1\/2&#8243;][vc_single_image image=&#8221;901&#8243; img_size=&#8221;large&#8221;][\/vc_column][vc_column width=&#8221;1\/2&#8243;][vc_tta_tabs][vc_tta_section title=&#8221;Milj\u00f6v\u00e4nlig&#8221; tab_id=&#8221;1579129671411-a03063d2-4251&#8243;][vc_column_text]<strong>Vart och ett av v\u00e5ra hotell genomf\u00f6r en unik, gr\u00f6n resa.<\/strong> Eftersom vi vill gynna lokala samarbetspartners kan utbudet skilja sig n\u00e5got mellan olika hotell. Du kan l\u00e4sa mer om detta hos respektive hotell.<\/p>\n<p><strong>H\u00e5llbarhetsarbete \u00e4r ett arbete som aldrig blir f\u00e4rdigt.<\/strong> Vart och ett av v\u00e5ra hotell forts\u00e4tter p\u00e5 sin unika, gr\u00f6na resa mot hotelltj\u00e4nster som b\u00e5de k\u00e4nns bra och g\u00f6r gott genom att inte belasta milj\u00f6n utan genom att snarare ha en positiv inverkan p\u00e5 den. V\u00e5ra \u00e4ldsta hotell har redan kommit en bra bit p\u00e5 v\u00e4g medan de lite yngre \u201dfamiljemedlemmarna\u201d precis har b\u00f6rjat.<\/p>\n<p>Ett av v\u00e5ra m\u00e5l \u00e4r kommunicera b\u00e4ttre kring v\u00e5rt h\u00e5llbarhetsarbete. <strong>Vi vill vara transparenta och bevisa att v\u00e5ra verksamheter inte bara ser gr\u00f6na ut utan verkligen \u00e4r gr\u00f6na.<\/strong>[\/vc_column_text][\/vc_tta_section][vc_tta_section title=&#8221;Koldioxidneutral&#8221; tab_id=&#8221;1579129671411-0c046957-c8a3&#8243;][vc_column_text]<strong>Greenstar \u00e4r den f\u00f6rsta koldioxidneutrala hotellkedjan i Finland. <\/strong> \u00c5r 2018 tog milj\u00f6ingenj\u00f6r Matias Sivonen fram en plan f\u00f6r hur GreenStar ska bli koldioxidneutrala. Vi l\u00e4t sedan Sweco ber\u00e4kna hur stora utsl\u00e4pp som v\u00e5ra verksamheter orsakade under 2018. Arbetet med att s\u00e4nka v\u00e5ra koldioxidutsl\u00e4pp har alltid varit en del av v\u00e5r milj\u00f6v\u00e4nliga aff\u00e4rsmodell, och det kommer vi att forts\u00e4tta med \u00e4ven i framtiden.<\/p>\n<p><strong>Vi kompenserar f\u00f6r v\u00e5ra utsl\u00e4pp baserat p\u00e5 Swecos ber\u00e4kningar. <\/strong> Efter rekommendation av Matias Sivonen valde vi det finska f\u00f6retaget CO2Esto som v\u00e5r kompensationspartner. Genom deras tj\u00e4nster kan kunder kompensera f\u00f6r sina utsl\u00e4pp genom att motsvarande m\u00e4ngd koldioxidutsl\u00e4pp f\u00f6rhindras i EU samma \u00e5r.<\/p>\n<p><strong>Mer information om detta finns under fliken Dokument och certifikat. <\/strong> Information om koldioxidutsl\u00e4pp, minskade utsl\u00e4pp och utsl\u00e4ppskompensation under 2019 l\u00e4ggs till p\u00e5 sidan inom kort.[\/vc_column_text][\/vc_tta_section][vc_tta_section title=&#8221;Dokument och certifikat&#8221; tab_id=&#8221;1579129677331-b0e594de-b3b1&#8243;][vc_column_text]<\/p>\n<ul>\n<li>Milj\u00f6ingenj\u00f6r Matias Sivonens plan f\u00f6r hur GreenStar ska uppn\u00e5 koldioxidneutralitet<\/li>\n<li>Utsl\u00e4ppsber\u00e4kningar (i enlighet med GHG-protokollet) fr\u00e5n 2018: Joensuu, Jyv\u00e4skyl\u00e4, Lahti \u2013 kalkylatorn skapades \u00e5t oss av Sweco<\/li>\n<li>S\u00e5 p\u00e5verkas milj\u00f6n av en hotellnatt p\u00e5 Greenstar Hotel, livscykelanalys av Finlands milj\u00f6central SYKE, 2017<\/li>\n<li>Elcertifikat och ursprungsgaranti f\u00f6r den energi vi anv\u00e4nder (Nordic Green Energy)<\/li>\n<\/ul>\n<p>[\/vc_column_text][\/vc_tta_section][\/vc_tta_tabs][\/vc_column][\/vc_row][vc_row][vc_column][vc_empty_space][\/vc_column][\/vc_row][vc_row][vc_column]<section class=\"sohohotel-about-us-block-wrapper sohohotel-clearfix sohohotel-about-us-block-wrapper-right-align-image\"><div class=\"sohohotel-image-wrapper\" style=\"background:url(https:\/\/www.greenstar.fi\/wp-content\/uploads\/2020\/05\/SR1_9531_tree_cut.jpg) no-repeat center top;\"><img decoding=\"async\" src=\"https:\/\/www.greenstar.fi\/wp-content\/uploads\/2020\/05\/SR1_9531_tree_cut.jpg\" alt=\"\" \/><\/div><div class=\"sohohotel-about-us-block\"><h3>V\u00e5r historia<\/h3><p>GreenStar grundades av Kristian Ikonen , son till Reijo Ikonen, Joensuu-baserad hotell- och restaurangentrepren\u00f6r som startade ett eget hotellf\u00f6retag p\u00e5 60-talet.<\/p><a target=\"_blank\" href=\"https:\/\/www.greenstar.fi\/sv\/om-oss\/historia\/\" class=\"sohohotel-about-us-block-button\">L\u00e4s mer<i class=\"fa fa-angle-right\"><\/i><\/a><\/div><\/section>[\/vc_column][\/vc_row][vc_row][vc_column][vc_empty_space][\/vc_column][\/vc_row]<\/p>\n","protected":false},"excerpt":{"rendered":"<p>[vc_row css=&#8221;.vc_custom_1588423725682{background-color: #aedea8 !important;}&#8221;][vc_column][\/vc_column][\/vc_row][vc_row][vc_column][vc_empty_space][\/vc_column][\/vc_row][vc_row][vc_column width=&#8221;1\/2&#8243;][vc_column_text]De f\u00f6rsta planerna f\u00f6r GreenStar-konceptet skissades fram i b\u00f6rjan p\u00e5 2000-talet. Vi ville skapa en hotellkedja<\/p>\n<a href=\"https:\/\/www.greenstar.fi\/sv\/om-oss\/\" class=\"sohohotel-more-link\">Read More<i class=\"fa fa-angle-right\"><\/i><\/a>","protected":false},"author":1,"featured_media":0,"parent":0,"menu_order":0,"comment_status":"closed","ping_status":"closed","template":"page-modules.php","meta":{"_acf_changed":false,"footnotes":""},"class_list":["post-1169","page","type-page","status-publish","hentry"],"acf":[],"yoast_head":"<!-- This site is optimized with the Yoast SEO plugin v27.4 - https:\/\/yoast.com\/product\/yoast-seo-wordpress\/ -->\n<title>Om oss - GreenStar Hotels<\/title>\n<meta name=\"robots\" content=\"index, follow, max-snippet:-1, max-image-preview:large, max-video-preview:-1\" \/>\n<link rel=\"canonical\" href=\"https:\/\/www.greenstar.fi\/sv\/om-oss\/\" \/>\n<meta property=\"og:locale\" content=\"sv_SE\" \/>\n<meta property=\"og:type\" content=\"article\" \/>\n<meta property=\"og:title\" content=\"Om oss - GreenStar Hotels\" \/>\n<meta property=\"og:description\" content=\"[vc_row css=&#8221;.vc_custom_1588423725682{background-color: #aedea8 !important;}&#8221;][vc_column][\/vc_column][\/vc_row][vc_row][vc_column][vc_empty_space][\/vc_column][\/vc_row][vc_row][vc_column width=&#8221;1\/2&#8243;][vc_column_text]De f\u00f6rsta planerna f\u00f6r GreenStar-konceptet skissades fram i b\u00f6rjan p\u00e5 2000-talet. Vi ville skapa en hotellkedja\" \/>\n<meta property=\"og:url\" content=\"https:\/\/www.greenstar.fi\/sv\/om-oss\/\" \/>\n<meta property=\"og:site_name\" content=\"GreenStar Hotels\" \/>\n<meta property=\"article:modified_time\" content=\"2026-02-23T15:35:26+00:00\" \/>\n<meta name=\"twitter:card\" content=\"summary_large_image\" \/>\n<meta name=\"twitter:label1\" content=\"Ber\u00e4knad l\u00e4stid\" \/>\n\t<meta name=\"twitter:data1\" content=\"4 minuter\" \/>\n<script type=\"application\/ld+json\" class=\"yoast-schema-graph\">{\"@context\":\"https:\\\/\\\/schema.org\",\"@graph\":[{\"@type\":\"WebPage\",\"@id\":\"https:\\\/\\\/www.greenstar.fi\\\/sv\\\/om-oss\\\/\",\"url\":\"https:\\\/\\\/www.greenstar.fi\\\/sv\\\/om-oss\\\/\",\"name\":\"Om oss - GreenStar Hotels\",\"isPartOf\":{\"@id\":\"https:\\\/\\\/www.greenstar.fi\\\/sv\\\/#website\"},\"datePublished\":\"2020-01-31T10:17:04+00:00\",\"dateModified\":\"2026-02-23T15:35:26+00:00\",\"breadcrumb\":{\"@id\":\"https:\\\/\\\/www.greenstar.fi\\\/sv\\\/om-oss\\\/#breadcrumb\"},\"inLanguage\":\"sv-SE\",\"potentialAction\":[{\"@type\":\"ReadAction\",\"target\":[\"https:\\\/\\\/www.greenstar.fi\\\/sv\\\/om-oss\\\/\"]}]},{\"@type\":\"BreadcrumbList\",\"@id\":\"https:\\\/\\\/www.greenstar.fi\\\/sv\\\/om-oss\\\/#breadcrumb\",\"itemListElement\":[{\"@type\":\"ListItem\",\"position\":1,\"name\":\"Etusivu\",\"item\":\"https:\\\/\\\/www.greenstar.fi\\\/sv\\\/\"},{\"@type\":\"ListItem\",\"position\":2,\"name\":\"Om oss\"}]},{\"@type\":\"WebSite\",\"@id\":\"https:\\\/\\\/www.greenstar.fi\\\/sv\\\/#website\",\"url\":\"https:\\\/\\\/www.greenstar.fi\\\/sv\\\/\",\"name\":\"GreenStar Hotels\",\"description\":\"GreenStar Hotels\",\"potentialAction\":[{\"@type\":\"SearchAction\",\"target\":{\"@type\":\"EntryPoint\",\"urlTemplate\":\"https:\\\/\\\/www.greenstar.fi\\\/sv\\\/?s={search_term_string}\"},\"query-input\":{\"@type\":\"PropertyValueSpecification\",\"valueRequired\":true,\"valueName\":\"search_term_string\"}}],\"inLanguage\":\"sv-SE\"}]}<\/script>\n<!-- \/ Yoast SEO plugin. -->","yoast_head_json":{"title":"Om oss - GreenStar Hotels","robots":{"index":"index","follow":"follow","max-snippet":"max-snippet:-1","max-image-preview":"max-image-preview:large","max-video-preview":"max-video-preview:-1"},"canonical":"https:\/\/www.greenstar.fi\/sv\/om-oss\/","og_locale":"sv_SE","og_type":"article","og_title":"Om oss - GreenStar Hotels","og_description":"[vc_row css=&#8221;.vc_custom_1588423725682{background-color: #aedea8 !important;}&#8221;][vc_column][\/vc_column][\/vc_row][vc_row][vc_column][vc_empty_space][\/vc_column][\/vc_row][vc_row][vc_column width=&#8221;1\/2&#8243;][vc_column_text]De f\u00f6rsta planerna f\u00f6r GreenStar-konceptet skissades fram i b\u00f6rjan p\u00e5 2000-talet. Vi ville skapa en hotellkedja","og_url":"https:\/\/www.greenstar.fi\/sv\/om-oss\/","og_site_name":"GreenStar Hotels","article_modified_time":"2026-02-23T15:35:26+00:00","twitter_card":"summary_large_image","twitter_misc":{"Ber\u00e4knad l\u00e4stid":"4 minuter"},"schema":{"@context":"https:\/\/schema.org","@graph":[{"@type":"WebPage","@id":"https:\/\/www.greenstar.fi\/sv\/om-oss\/","url":"https:\/\/www.greenstar.fi\/sv\/om-oss\/","name":"Om oss - GreenStar Hotels","isPartOf":{"@id":"https:\/\/www.greenstar.fi\/sv\/#website"},"datePublished":"2020-01-31T10:17:04+00:00","dateModified":"2026-02-23T15:35:26+00:00","breadcrumb":{"@id":"https:\/\/www.greenstar.fi\/sv\/om-oss\/#breadcrumb"},"inLanguage":"sv-SE","potentialAction":[{"@type":"ReadAction","target":["https:\/\/www.greenstar.fi\/sv\/om-oss\/"]}]},{"@type":"BreadcrumbList","@id":"https:\/\/www.greenstar.fi\/sv\/om-oss\/#breadcrumb","itemListElement":[{"@type":"ListItem","position":1,"name":"Etusivu","item":"https:\/\/www.greenstar.fi\/sv\/"},{"@type":"ListItem","position":2,"name":"Om oss"}]},{"@type":"WebSite","@id":"https:\/\/www.greenstar.fi\/sv\/#website","url":"https:\/\/www.greenstar.fi\/sv\/","name":"GreenStar Hotels","description":"GreenStar Hotels","potentialAction":[{"@type":"SearchAction","target":{"@type":"EntryPoint","urlTemplate":"https:\/\/www.greenstar.fi\/sv\/?s={search_term_string}"},"query-input":{"@type":"PropertyValueSpecification","valueRequired":true,"valueName":"search_term_string"}}],"inLanguage":"sv-SE"}]}},"_links":{"self":[{"href":"https:\/\/www.greenstar.fi\/sv\/wp-json\/wp\/v2\/pages\/1169","targetHints":{"allow":["GET"]}}],"collection":[{"href":"https:\/\/www.greenstar.fi\/sv\/wp-json\/wp\/v2\/pages"}],"about":[{"href":"https:\/\/www.greenstar.fi\/sv\/wp-json\/wp\/v2\/types\/page"}],"author":[{"embeddable":true,"href":"https:\/\/www.greenstar.fi\/sv\/wp-json\/wp\/v2\/users\/1"}],"replies":[{"embeddable":true,"href":"https:\/\/www.greenstar.fi\/sv\/wp-json\/wp\/v2\/comments?post=1169"}],"version-history":[{"count":28,"href":"https:\/\/www.greenstar.fi\/sv\/wp-json\/wp\/v2\/pages\/1169\/revisions"}],"predecessor-version":[{"id":8070,"href":"https:\/\/www.greenstar.fi\/sv\/wp-json\/wp\/v2\/pages\/1169\/revisions\/8070"}],"wp:attachment":[{"href":"https:\/\/www.greenstar.fi\/sv\/wp-json\/wp\/v2\/media?parent=1169"}],"curies":[{"name":"wp","href":"https:\/\/api.w.org\/{rel}","templated":true}]}}