{"id":1733,"date":"2020-02-12T12:52:46","date_gmt":"2020-02-12T12:52:46","guid":{"rendered":"https:\/\/unruffled-jemison.185-55-85-19.plesk.page\/palvelut-2\/"},"modified":"2025-06-30T12:57:49","modified_gmt":"2025-06-30T12:57:49","slug":"tjanster","status":"publish","type":"page","link":"https:\/\/www.greenstar.fi\/sv\/tjanster\/","title":{"rendered":"Tj\u00e4nster"},"content":{"rendered":"<p>[vc_row][vc_column]<section class=\"sohohotel-about-us-block-wrapper sohohotel-clearfix sohohotel-about-us-block-wrapper-right-align-image\"><div class=\"sohohotel-image-wrapper\" style=\"background:url(https:\/\/www.greenstar.fi\/wp-content\/uploads\/2020\/03\/aamiainen-1920x680-2-e1637331643776.jpg) no-repeat center top;\"><img decoding=\"async\" src=\"https:\/\/www.greenstar.fi\/wp-content\/uploads\/2020\/03\/aamiainen-1920x680-2-e1637331643776.jpg\" alt=\"\" \/><\/div><div class=\"sohohotel-about-us-block\"><h3>Allting du beh\u00f6ver och ingenting annat<\/h3><p>Frukost, parkering eller extras\u00e4ngar till barn best\u00e4lls enkelt p\u00e5 v\u00e5r webbplats, per telefon eller via e-post.<\/p><a target=\"_blank\" href=\"https:\/\/www.greenstar.fi\/sv\/tjanster-detaljer\/#Free\" class=\"sohohotel-about-us-block-button\">L\u00e4s mera<i class=\"fa fa-angle-right\"><\/i><\/a><\/div><\/section><section class=\"sohohotel-about-us-block-wrapper sohohotel-clearfix \"><div class=\"sohohotel-image-wrapper\" style=\"background:url(https:\/\/www.greenstar.fi\/wp-content\/uploads\/2020\/03\/py\u00f6r\u00e41000x600.jpg) no-repeat center top;\"><img decoding=\"async\" src=\"https:\/\/www.greenstar.fi\/wp-content\/uploads\/2020\/03\/py\u00f6r\u00e41000x600.jpg\" alt=\"\" \/><\/div><div class=\"sohohotel-about-us-block\"><h3>Gratistj\u00e4nster<\/h3><p>N\u00e4r receptionen \u00e4r \u00f6ppen serveras gratis ekologiskt kaffe och te i lobbyn. Tillg\u00e5ng till Wi-Fi utan avgift. Under sommaren kan v\u00e5ra g\u00e4ster l\u00e5na cykel.<\/p><a target=\"_blank\" href=\"https:\/\/www.greenstar.fi\/sv\/tjanster-detaljer\/#ilmaiset\" class=\"sohohotel-about-us-block-button\">L\u00e4s mera<i class=\"fa fa-angle-right\"><\/i><\/a><\/div><\/section><section class=\"sohohotel-about-us-block-wrapper sohohotel-clearfix sohohotel-about-us-block-wrapper-right-align-image\"><div class=\"sohohotel-image-wrapper\" style=\"background:url(https:\/\/www.greenstar.fi\/wp-content\/uploads\/2020\/03\/lapsi1000x600.jpg) no-repeat center top;\"><img decoding=\"async\" src=\"https:\/\/www.greenstar.fi\/wp-content\/uploads\/2020\/03\/lapsi1000x600.jpg\" alt=\"\" \/><\/div><div class=\"sohohotel-about-us-block\"><h3>F\u00f6r barn<\/h3><p>Barns\u00e4ngar och juniormadrasser kan enkelt st\u00e4llas in i rummen, s\u00e5 att hela familjen utan problem kan bo tillsammans. Det finns ocks\u00e5 leksaker att l\u00e5na p\u00e5 v\u00e5ra hotell.<\/p><a target=\"_blank\" href=\"https:\/\/www.greenstar.fi\/sv\/tjanster-detaljer\/#lapsille\" class=\"sohohotel-about-us-block-button\">L\u00e4s mera<i class=\"fa fa-angle-right\"><\/i><\/a><\/div><\/section><section class=\"sohohotel-about-us-block-wrapper sohohotel-clearfix \"><div class=\"sohohotel-image-wrapper\" style=\"background:url(https:\/\/www.greenstar.fi\/wp-content\/uploads\/2020\/03\/sahkoautokristian-1000x600-1.jpg) no-repeat center top;\"><img decoding=\"async\" src=\"https:\/\/www.greenstar.fi\/wp-content\/uploads\/2020\/03\/sahkoautokristian-1000x600-1.jpg\" alt=\"\" \/><\/div><div class=\"sohohotel-about-us-block\"><h3>\u00d6vriga bekv\u00e4mligheter<\/h3><p>Alla v\u00e5ra hotell har laddningsstationer f\u00f6r elbil samt m\u00f6jligheter till tv\u00e4tt och strykning. Tack vare v\u00e5ra incheckningsmaskiner \u00e4r det m\u00f6jligt att anl\u00e4nda till hotellet n\u00e4r som helst.<\/p><a target=\"_blank\" href=\"https:\/\/www.greenstar.fi\/sv\/tjanster-detaljer\/#ovriga\" class=\"sohohotel-about-us-block-button\">L\u00e4s mera<i class=\"fa fa-angle-right\"><\/i><\/a><\/div><\/section>[vc_empty_space][\/vc_column][\/vc_row][vc_row][vc_column]<div class=\"sohohotel-title2 sohohotel-title-color\"><h3>F\u00f6rvaring och uppv\u00e4rmning av mat <\/h3><\/div>[\/vc_column][\/vc_row][vc_row][vc_column width=&#8221;1\/2&#8243;][vc_column_text]Det \u00e4r alltid roligt att testa en ny restaurang, men ibland vill hotellg\u00e4ster ta med egen mat och uppskattar d\u00e5 ett bekv\u00e4mt s\u00e4tt att f\u00f6rvara och tillreda den.<\/p>\n<p>P\u00e5 varje v\u00e5ning finns d\u00e4rf\u00f6r energisn\u00e5la kylsk\u00e5p med rumsspecifika kylsk\u00e5psburar. Du kan anv\u00e4nda rummets egen kylsk\u00e5psbur till mat som m\u00e5ste f\u00f6rvaras kallt. Burarna g\u00e5r att l\u00e5sa med en PIN-kod. Av milj\u00f6sk\u00e4l finns inte minibar eller kylsk\u00e5p p\u00e5 rummen.<\/p>\n<p>Alla rum \u00e4r utrustade med vattenkokare och muggar. Det finns en mikrov\u00e5gsugn p\u00e5 varje v\u00e5ning och vissa hotell har \u00e4ven varuautomater n\u00e4r du blir sugen p\u00e5 n\u00e5got extra.<\/p>\n<p>V\u00e5ra stora trippelrum (Large Triple Room) \u00e4r utrustade med mer porslin och, p\u00e5 vissa hotell, egen mikrov\u00e5gsugn.[\/vc_column_text][\/vc_column][vc_column width=&#8221;1\/2&#8243;][vc_column_text]<\/p>\n\n\t\t<div id='gallery-1' class='gallery galleryid-1733 gallery-columns-2 gallery-size-thumbnail'><div class='gallery-item'><div class='gallery-icon'><a href=\"https:\/\/www.greenstar.fi\/wp-content\/uploads\/2020\/02\/kylm\u00e4s\u00e4ilytys650x450.jpg\" data-gal=\"prettyPhoto[gallery-1]\" title=\"kylm\u00e4s\u00e4ilytys650x450\"><img decoding=\"async\" src=\"https:\/\/www.greenstar.fi\/wp-content\/uploads\/2020\/02\/kylm\u00e4s\u00e4ilytys650x450.jpg\" alt=\"\" \/><\/a><\/div><\/div><div class='gallery-item'><div class='gallery-icon'><a href=\"https:\/\/www.greenstar.fi\/wp-content\/uploads\/2019\/12\/kahvi-yla-vasen.jpg\" data-gal=\"prettyPhoto[gallery-1]\" title=\"kahvi yla vasen\"><img decoding=\"async\" src=\"https:\/\/www.greenstar.fi\/wp-content\/uploads\/2019\/12\/kahvi-yla-vasen.jpg\" alt=\"GreenStarille paahdettua kahvia paketissa ja mukissa\" \/><\/a><\/div><\/div><div class='gallery-item'><div class='gallery-icon'><a href=\"https:\/\/www.greenstar.fi\/wp-content\/uploads\/2020\/01\/aamupala-vaasa.jpg\" data-gal=\"prettyPhoto[gallery-1]\" title=\"aamupala vaasa\"><img decoding=\"async\" src=\"https:\/\/www.greenstar.fi\/wp-content\/uploads\/2020\/01\/aamupala-vaasa.jpg\" alt=\"2 aamiaistarjotinta p\u00f6yd\u00e4ll\u00e4\" \/><\/a><\/div><\/div><div class='gallery-item'><div class='gallery-icon'><a href=\"https:\/\/www.greenstar.fi\/wp-content\/uploads\/2020\/04\/palvelut_ruoka_650_450.jpg\" data-gal=\"prettyPhoto[gallery-1]\" title=\"palvelut_ruoka_650_450\"><img decoding=\"async\" src=\"https:\/\/www.greenstar.fi\/wp-content\/uploads\/2020\/04\/palvelut_ruoka_650_450.jpg\" alt=\"hotellihuone, jossa minikeitti\u00f6\" \/><\/a><\/div><\/div>\n\t\t\t<br style='clear: both;' \/>\n\t\t<\/div>\n\n<p>[\/vc_column_text][\/vc_column][\/vc_row][vc_row css=&#8221;.vc_custom_1583834702160{background-color: #aedea8 !important;}&#8221;][vc_column]<div class=\"sohohotel-title1 sohohotel-title-color\"><h1>GreenStar Hotel Lahtis: restaurang och evenmangsservice.<\/h1><h3>V\u00e5rt st\u00f6rsta hotell har tv\u00e5 unika extra tj\u00e4nster.<\/h3><\/div>[\/vc_column][\/vc_row][vc_row][vc_column]<section class=\"sohohotel-about-us-block-wrapper sohohotel-clearfix sohohotel-about-us-block-wrapper-right-align-image\"><div class=\"sohohotel-image-wrapper\" style=\"background:url() no-repeat center top;\"><img decoding=\"async\" src=\"\" alt=\"\" \/><\/div><div class=\"sohohotel-about-us-block\"><h3>Restaurang Silmu \u2013 Lahtis<\/h3><p>Restaurang Silmu \u00e4r hotellkedjan GreenStars enda \u00e0 la carte-restaurang. Maten fr\u00e5n Silmu, som utg\u00e5r fr\u00e5n ekologiska r\u00e5varor och s\u00e4songens gr\u00f6nsaker, f\u00e5r st\u00e4ndiga lovord fr\u00e5n n\u00f6jda kunder. Restaurangen finns p\u00e5 andra v\u00e5ningen i GreenStar Hotel Lahtis.<\/p><a target=\"_blank\" href=\"https:\/\/www.greenstar.fi\/sv\/hotell\/greenstar-hotel-lahti\/silmu\/\" class=\"sohohotel-about-us-block-button\">L\u00e4s mera<i class=\"fa fa-angle-right\"><\/i><\/a><\/div><\/section>[\/vc_column][\/vc_row][vc_row][vc_column]<section class=\"sohohotel-about-us-block-wrapper sohohotel-clearfix \"><div class=\"sohohotel-image-wrapper\" style=\"background:url(https:\/\/www.greenstar.fi\/wp-content\/uploads\/2020\/04\/meeting_rooms_lahti.jpg) no-repeat center top;\"><img decoding=\"async\" src=\"https:\/\/www.greenstar.fi\/wp-content\/uploads\/2020\/04\/meeting_rooms_lahti.jpg\" alt=\"\" \/><\/div><div class=\"sohohotel-about-us-block\"><h3>GreenMeeting<\/h3><p>Om du vill kombinera ett bekv\u00e4mt cityl\u00e4ge med effektiva lokaler, v\u00e4lsmakande mat och en h\u00e5llbar verksamhet \u00e4r GreenMeeting m\u00f6tes- och evenemangsservicen f\u00f6r dig. Vi har l\u00e4mpliga lokaler f\u00f6r alla tillf\u00e4llen och grupper. Alla med naturligt ljus och modern utrustning. Cateringservice tillhandah\u00e5lls av restaurang Silmu och dess mycket erfarna personal.<\/p><a target=\"_blank\" href=\"https:\/\/www.greenstar.fi\/sv\/hotell\/greenstar-hotel-lahti\/greenmeeting\/\" class=\"sohohotel-about-us-block-button\">L\u00e4s mera<i class=\"fa fa-angle-right\"><\/i><\/a><\/div><\/section>[\/vc_column][\/vc_row][vc_row][vc_column][vc_empty_space][\/vc_column][\/vc_row]<\/p>\n","protected":false},"excerpt":{"rendered":"<p>[vc_row][vc_column][vc_empty_space][\/vc_column][\/vc_row][vc_row][vc_column][\/vc_column][\/vc_row][vc_row][vc_column width=&#8221;1\/2&#8243;][vc_column_text]Det \u00e4r alltid roligt att testa en ny restaurang, men ibland vill hotellg\u00e4ster ta med egen mat och uppskattar<\/p>\n<a href=\"https:\/\/www.greenstar.fi\/sv\/tjanster\/\" class=\"sohohotel-more-link\">Read More<i class=\"fa fa-angle-right\"><\/i><\/a>","protected":false},"author":1,"featured_media":0,"parent":0,"menu_order":0,"comment_status":"closed","ping_status":"closed","template":"page-modules.php","meta":{"_acf_changed":false,"footnotes":""},"class_list":["post-1733","page","type-page","status-publish","hentry"],"acf":[],"yoast_head":"<!-- This site is optimized with the Yoast SEO plugin v27.4 - https:\/\/yoast.com\/product\/yoast-seo-wordpress\/ -->\n<title>Tj\u00e4nster - GreenStar Hotels<\/title>\n<meta name=\"robots\" content=\"index, follow, max-snippet:-1, max-image-preview:large, max-video-preview:-1\" \/>\n<link rel=\"canonical\" href=\"https:\/\/www.greenstar.fi\/sv\/tjanster\/\" \/>\n<meta property=\"og:locale\" content=\"sv_SE\" \/>\n<meta property=\"og:type\" content=\"article\" \/>\n<meta property=\"og:title\" content=\"Tj\u00e4nster - GreenStar Hotels\" \/>\n<meta property=\"og:description\" content=\"[vc_row][vc_column][vc_empty_space][\/vc_column][\/vc_row][vc_row][vc_column][\/vc_column][\/vc_row][vc_row][vc_column width=&#8221;1\/2&#8243;][vc_column_text]Det \u00e4r alltid roligt att testa en ny restaurang, men ibland vill hotellg\u00e4ster ta med egen mat och uppskattar\" \/>\n<meta property=\"og:url\" content=\"https:\/\/www.greenstar.fi\/sv\/tjanster\/\" \/>\n<meta property=\"og:site_name\" content=\"GreenStar Hotels\" \/>\n<meta property=\"article:modified_time\" content=\"2025-06-30T12:57:49+00:00\" \/>\n<meta name=\"twitter:card\" content=\"summary_large_image\" \/>\n<meta name=\"twitter:label1\" content=\"Ber\u00e4knad l\u00e4stid\" \/>\n\t<meta name=\"twitter:data1\" content=\"3 minuter\" \/>\n<script type=\"application\/ld+json\" class=\"yoast-schema-graph\">{\"@context\":\"https:\\\/\\\/schema.org\",\"@graph\":[{\"@type\":\"WebPage\",\"@id\":\"https:\\\/\\\/www.greenstar.fi\\\/sv\\\/tjanster\\\/\",\"url\":\"https:\\\/\\\/www.greenstar.fi\\\/sv\\\/tjanster\\\/\",\"name\":\"Tj\u00e4nster - GreenStar Hotels\",\"isPartOf\":{\"@id\":\"https:\\\/\\\/www.greenstar.fi\\\/sv\\\/#website\"},\"datePublished\":\"2020-02-12T12:52:46+00:00\",\"dateModified\":\"2025-06-30T12:57:49+00:00\",\"breadcrumb\":{\"@id\":\"https:\\\/\\\/www.greenstar.fi\\\/sv\\\/tjanster\\\/#breadcrumb\"},\"inLanguage\":\"sv-SE\",\"potentialAction\":[{\"@type\":\"ReadAction\",\"target\":[\"https:\\\/\\\/www.greenstar.fi\\\/sv\\\/tjanster\\\/\"]}]},{\"@type\":\"BreadcrumbList\",\"@id\":\"https:\\\/\\\/www.greenstar.fi\\\/sv\\\/tjanster\\\/#breadcrumb\",\"itemListElement\":[{\"@type\":\"ListItem\",\"position\":1,\"name\":\"Etusivu\",\"item\":\"https:\\\/\\\/www.greenstar.fi\\\/sv\\\/\"},{\"@type\":\"ListItem\",\"position\":2,\"name\":\"Tj\u00e4nster\"}]},{\"@type\":\"WebSite\",\"@id\":\"https:\\\/\\\/www.greenstar.fi\\\/sv\\\/#website\",\"url\":\"https:\\\/\\\/www.greenstar.fi\\\/sv\\\/\",\"name\":\"GreenStar Hotels\",\"description\":\"GreenStar Hotels\",\"potentialAction\":[{\"@type\":\"SearchAction\",\"target\":{\"@type\":\"EntryPoint\",\"urlTemplate\":\"https:\\\/\\\/www.greenstar.fi\\\/sv\\\/?s={search_term_string}\"},\"query-input\":{\"@type\":\"PropertyValueSpecification\",\"valueRequired\":true,\"valueName\":\"search_term_string\"}}],\"inLanguage\":\"sv-SE\"}]}<\/script>\n<!-- \/ Yoast SEO plugin. -->","yoast_head_json":{"title":"Tj\u00e4nster - GreenStar Hotels","robots":{"index":"index","follow":"follow","max-snippet":"max-snippet:-1","max-image-preview":"max-image-preview:large","max-video-preview":"max-video-preview:-1"},"canonical":"https:\/\/www.greenstar.fi\/sv\/tjanster\/","og_locale":"sv_SE","og_type":"article","og_title":"Tj\u00e4nster - GreenStar Hotels","og_description":"[vc_row][vc_column][vc_empty_space][\/vc_column][\/vc_row][vc_row][vc_column][\/vc_column][\/vc_row][vc_row][vc_column width=&#8221;1\/2&#8243;][vc_column_text]Det \u00e4r alltid roligt att testa en ny restaurang, men ibland vill hotellg\u00e4ster ta med egen mat och uppskattar","og_url":"https:\/\/www.greenstar.fi\/sv\/tjanster\/","og_site_name":"GreenStar Hotels","article_modified_time":"2025-06-30T12:57:49+00:00","twitter_card":"summary_large_image","twitter_misc":{"Ber\u00e4knad l\u00e4stid":"3 minuter"},"schema":{"@context":"https:\/\/schema.org","@graph":[{"@type":"WebPage","@id":"https:\/\/www.greenstar.fi\/sv\/tjanster\/","url":"https:\/\/www.greenstar.fi\/sv\/tjanster\/","name":"Tj\u00e4nster - GreenStar Hotels","isPartOf":{"@id":"https:\/\/www.greenstar.fi\/sv\/#website"},"datePublished":"2020-02-12T12:52:46+00:00","dateModified":"2025-06-30T12:57:49+00:00","breadcrumb":{"@id":"https:\/\/www.greenstar.fi\/sv\/tjanster\/#breadcrumb"},"inLanguage":"sv-SE","potentialAction":[{"@type":"ReadAction","target":["https:\/\/www.greenstar.fi\/sv\/tjanster\/"]}]},{"@type":"BreadcrumbList","@id":"https:\/\/www.greenstar.fi\/sv\/tjanster\/#breadcrumb","itemListElement":[{"@type":"ListItem","position":1,"name":"Etusivu","item":"https:\/\/www.greenstar.fi\/sv\/"},{"@type":"ListItem","position":2,"name":"Tj\u00e4nster"}]},{"@type":"WebSite","@id":"https:\/\/www.greenstar.fi\/sv\/#website","url":"https:\/\/www.greenstar.fi\/sv\/","name":"GreenStar Hotels","description":"GreenStar Hotels","potentialAction":[{"@type":"SearchAction","target":{"@type":"EntryPoint","urlTemplate":"https:\/\/www.greenstar.fi\/sv\/?s={search_term_string}"},"query-input":{"@type":"PropertyValueSpecification","valueRequired":true,"valueName":"search_term_string"}}],"inLanguage":"sv-SE"}]}},"_links":{"self":[{"href":"https:\/\/www.greenstar.fi\/sv\/wp-json\/wp\/v2\/pages\/1733","targetHints":{"allow":["GET"]}}],"collection":[{"href":"https:\/\/www.greenstar.fi\/sv\/wp-json\/wp\/v2\/pages"}],"about":[{"href":"https:\/\/www.greenstar.fi\/sv\/wp-json\/wp\/v2\/types\/page"}],"author":[{"embeddable":true,"href":"https:\/\/www.greenstar.fi\/sv\/wp-json\/wp\/v2\/users\/1"}],"replies":[{"embeddable":true,"href":"https:\/\/www.greenstar.fi\/sv\/wp-json\/wp\/v2\/comments?post=1733"}],"version-history":[{"count":31,"href":"https:\/\/www.greenstar.fi\/sv\/wp-json\/wp\/v2\/pages\/1733\/revisions"}],"predecessor-version":[{"id":7267,"href":"https:\/\/www.greenstar.fi\/sv\/wp-json\/wp\/v2\/pages\/1733\/revisions\/7267"}],"wp:attachment":[{"href":"https:\/\/www.greenstar.fi\/sv\/wp-json\/wp\/v2\/media?parent=1733"}],"curies":[{"name":"wp","href":"https:\/\/api.w.org\/{rel}","templated":true}]}}