{"id":1777,"date":"2020-02-12T22:00:51","date_gmt":"2020-02-12T22:00:51","guid":{"rendered":"https:\/\/unruffled-jemison.185-55-85-19.plesk.page\/?page_id=1777"},"modified":"2020-05-16T13:23:10","modified_gmt":"2020-05-16T13:23:10","slug":"foretags-eller-gruppresor_2","status":"publish","type":"page","link":"https:\/\/www.greenstar.fi\/sv\/foretags-eller-gruppresor_2\/","title":{"rendered":"F\u00f6retags- eller gruppresor_2"},"content":{"rendered":"<p>[vc_row][vc_column width=&#8221;1\/2&#8243; css=&#8221;.vc_custom_1579647571082{padding-right: -5px !important;padding-left: -5px !important;}&#8221;]<div class=\"sohohotel-title3 sohohotel-title-color\"><h4>F\u00f6r en bra start p\u00e5 dagen<\/h4><\/div>[vc_column_text css=&#8221;.vc_custom_1580464597218{padding-right: -5px !important;padding-left: -5px !important;}&#8221;]Om du reser ofta, s\u00f6ker boende f\u00f6r en l\u00e4ngre period eller beh\u00f6ver boende f\u00f6r m\u00e5nga personer \u00e4r det viktigt med en smidig process. Oftast \u00e4r ocks\u00e5 priset en avg\u00f6rande faktor.<\/p>\n<p><strong>D\u00e4rf\u00f6r \u00e4r GreenStar ett smart val f\u00f6r f\u00f6retag och grupper: <\/strong><\/p>\n<ul>\n<li>Alla v\u00e5ra hotell ligger n\u00e4ra stadsk\u00e4rnan, den lokala j\u00e4rnv\u00e4gsstationen och andra transportm\u00f6jligheter. Det g\u00e5r alltid snabbt och enkelt att ta sig till oss.<\/li>\n<li>V\u00e5ra rumspriser ger mycket f\u00f6r pengarna. Priset \u00e4r alltid detsamma, oavsett hur m\u00e5nga personer som \u00f6vernattar i rummet.<\/li>\n<li>Det \u00e4r enkelt att boka rum med hj\u00e4lp av den bokningskod som vi ger din grupp. Rum bokas antingen p\u00e5 hemsidan eller genom att kontakta receptionen.<\/li>\n<\/ul>\n<p>[\/vc_column_text][vc_empty_space][\/vc_column][vc_column width=&#8221;1\/2&#8243;][vc_single_image image=&#8221;799&#8243; img_size=&#8221;full&#8221;][\/vc_column][\/vc_row][vc_row][vc_column]<div class=\"sohohotel-title1 sohohotel-title-color\"><h1>Boendet kan bli en del av ditt f\u00f6retags h\u00e5llbarhetsstrategi<\/h1><h3>Vi p\u00e5 GreenStar \u00f6vervakar, minskar och kompenserar f\u00f6r v\u00e5ra utsl\u00e4pp av v\u00e4xthusgaser.<\/h3><\/div>[vc_column_text]<strong>Att skydda klimatet och milj\u00f6n \u00e4r inte en \u00f6verg\u00e5ende trend, det \u00e4r n\u00e5got som kommer att bli allt viktigare inom samh\u00e4llets alla delar<\/strong>. Det finns ett \u00f6kande internt tryck inom f\u00f6retag att se \u00f6ver den egna verksamhetens h\u00e5llbarhetsarbete. I v\u00e5r omv\u00e4rld har den h\u00e4r v\u00e4xande trenden b\u00f6rjat v\u00e4gleda konsumenter i deras beslut och dessutom blivit ett av de viktigaste k\u00f6pkriterierna inom B2B.<\/p>\n<p><strong>Oavsett om din verksamhet \u00e4r stor eller liten kan ett samarbete med GreenStar bli ett genuint och effektivt bidrag till f\u00f6retagets h\u00e5llbarhetsstrategi.<\/strong> Ett milj\u00f6v\u00e4nligt t\u00e4nkande utg\u00f6r grunden f\u00f6r v\u00e5r f\u00f6retagsmodell och vi anses vara pionj\u00e4rer i v\u00e5r bransch i Finland.<\/p>\n<p>F\u00f6r mer information om GreenStars koldioxidneutrala milj\u00f6t\u00e4nk, klicka <a href=\"https:\/\/www.greenstar.fi\/tietoja\/\">h\u00e4r<\/a>.[\/vc_column_text]<div class=\"sohohotel-title1 sohohotel-title-color\"><h1>V\u00e5rt s\u00e4ljteam<\/h1><h3><\/h3><\/div>[\/vc_column][\/vc_row][vc_row][vc_column width=&#8221;1\/4&#8243;]<div class=\"sohohotel-title3 sohohotel-title-color\"><h4>Mika Ahonen<\/h4><\/div><ul class=\"sohohotel-contact-details-list sohohotel-contact-details-list-2\"><li class=\"sohohotel-address clearfix\">GreenStar Hotel Joensuu<\/li><li class=\"sohohotel-phone clearfix\">+358 40 566 9220<\/li><li class=\"sohohotel-email clearfix\"><a href=\"mailto:sales@greenstar.fi\">sales@greenstar.fi<\/a><\/li><\/ul>[\/vc_column][vc_column width=&#8221;1\/4&#8243;]<div class=\"sohohotel-title3 sohohotel-title-color\"><h4>Sirpa L\u00e4ntinen<\/h4><\/div><ul class=\"sohohotel-contact-details-list sohohotel-contact-details-list-2\"><li class=\"sohohotel-address clearfix\">GreenStar Hotel Jyv\u00e4skyl\u00e4<\/li><li class=\"sohohotel-phone clearfix\">+358 50 468 4658<\/li><li class=\"sohohotel-email clearfix\"><a href=\"mailto:salesjkl@greenstar.fi\">salesjkl@greenstar.fi<\/a><\/li><\/ul>[\/vc_column][vc_column width=&#8221;1\/4&#8243;]<div class=\"sohohotel-title3 sohohotel-title-color\"><h4>Mikko Heinonen<\/h4><\/div><ul class=\"sohohotel-contact-details-list sohohotel-contact-details-list-2\"><li class=\"sohohotel-address clearfix\">GreenStar Hotel Lahti<\/li><li class=\"sohohotel-phone clearfix\">+358 40 565 91 49<\/li><li class=\"sohohotel-email clearfix\"><a href=\"mailto:mikko.heinonen@greenstar.fi\">mikko.heinonen@greenstar.fi<\/a><\/li><\/ul>[\/vc_column][vc_column width=&#8221;1\/4&#8243;][\/vc_column][\/vc_row][vc_row][vc_column width=&#8221;1\/4&#8243;][\/vc_column][vc_column width=&#8221;1\/4&#8243;]<div class=\"sohohotel-title3 sohohotel-title-color\"><h4>Susanna Iljin<\/h4><\/div><ul class=\"sohohotel-contact-details-list sohohotel-contact-details-list-2\"><li class=\"sohohotel-address clearfix\">GreenStar Hotel Jyv\u00e4skyl\u00e4<\/li><li class=\"sohohotel-phone clearfix\">+358 50 471 1517<\/li><li class=\"sohohotel-email clearfix\"><a href=\"mailto:salesjkl@greenstar.fi\">salesjkl@greenstar.fi<\/a><\/li><\/ul>[\/vc_column][vc_column width=&#8221;1\/4&#8243;]<div class=\"sohohotel-title3 sohohotel-title-color\"><h4>Jani Nurminen<\/h4><\/div><ul class=\"sohohotel-contact-details-list sohohotel-contact-details-list-2\"><li class=\"sohohotel-address clearfix\">GreenStar Hotel Vaasa<\/li><li class=\"sohohotel-phone clearfix\">+358 50 354 5480<\/li><li class=\"sohohotel-email clearfix\"><a href=\"mailto:jani.nurminen@greenstar.fi\">jani.nurminen@greenstar.fi<\/a><\/li><\/ul>[\/vc_column][vc_column width=&#8221;1\/4&#8243;][\/vc_column][\/vc_row][vc_row][vc_column]<section class=\"sohohotel-clearfix sohohotel-call-to-action-1-section\" style=\"background:url(https:\/\/www.greenstar.fi\/wp-content\/uploads\/2019\/12\/Greenstar_plain_background.jpg) no-repeat center top;\">\n\n\t\t<div class=\"sohohotel-call-to-action-1-section-inner\">\n\n\t\t\t<h3>F\u00f6rs\u00f6ker du boka ett rum inom ramen f\u00f6r boendeavtalet f\u00f6r ditt f\u00f6retag eller din grupp? Du beh\u00f6ver den bokningskod som st\u00e5r i avtalet. Skriv in koden i f\u00e4ltet \u201dBokningskod\u201d i v\u00e5rt system f\u00f6r att boka rummet till det reducerade gruppriset.<\/h3>\n\t\t\t<a href=\"\" class=\"sohohotel-button0\">Boka h\u00e4r<i class=\"fa fa-angle-right\"><\/i><\/a>\n\n\t\t<\/div>\n\n\t<\/section>[\/vc_column][\/vc_row]<\/p>\n","protected":false},"excerpt":{"rendered":"<p>[vc_row][vc_column width=&#8221;1\/2&#8243; css=&#8221;.vc_custom_1579647571082{padding-right: -5px !important;padding-left: -5px !important;}&#8221;][vc_column_text css=&#8221;.vc_custom_1580464597218{padding-right: -5px !important;padding-left: -5px !important;}&#8221;]Om du reser ofta, s\u00f6ker boende f\u00f6r en l\u00e4ngre<\/p>\n<a href=\"https:\/\/www.greenstar.fi\/sv\/foretags-eller-gruppresor_2\/\" class=\"sohohotel-more-link\">Read More<i class=\"fa fa-angle-right\"><\/i><\/a>","protected":false},"author":1,"featured_media":0,"parent":0,"menu_order":0,"comment_status":"closed","ping_status":"closed","template":"","meta":{"_acf_changed":false,"footnotes":""},"class_list":["post-1777","page","type-page","status-publish","hentry"],"acf":[],"yoast_head":"<!-- This site is optimized with the Yoast SEO plugin v27.4 - https:\/\/yoast.com\/product\/yoast-seo-wordpress\/ -->\n<title>F\u00f6retags- eller gruppresor_2 - GreenStar Hotels<\/title>\n<meta name=\"robots\" content=\"index, follow, max-snippet:-1, max-image-preview:large, max-video-preview:-1\" \/>\n<link rel=\"canonical\" href=\"https:\/\/www.greenstar.fi\/sv\/foretags-eller-gruppresor_2\/\" \/>\n<meta property=\"og:locale\" content=\"sv_SE\" \/>\n<meta property=\"og:type\" content=\"article\" \/>\n<meta property=\"og:title\" content=\"F\u00f6retags- eller gruppresor_2 - GreenStar Hotels\" \/>\n<meta property=\"og:description\" content=\"[vc_row][vc_column width=&#8221;1\/2&#8243; css=&#8221;.vc_custom_1579647571082{padding-right: -5px !important;padding-left: -5px !important;}&#8221;][vc_column_text css=&#8221;.vc_custom_1580464597218{padding-right: -5px !important;padding-left: -5px !important;}&#8221;]Om du reser ofta, s\u00f6ker boende f\u00f6r en l\u00e4ngre\" \/>\n<meta property=\"og:url\" content=\"https:\/\/www.greenstar.fi\/sv\/foretags-eller-gruppresor_2\/\" \/>\n<meta property=\"og:site_name\" content=\"GreenStar Hotels\" \/>\n<meta property=\"article:modified_time\" content=\"2020-05-16T13:23:10+00:00\" \/>\n<meta name=\"twitter:card\" content=\"summary_large_image\" \/>\n<meta name=\"twitter:label1\" content=\"Ber\u00e4knad l\u00e4stid\" \/>\n\t<meta name=\"twitter:data1\" content=\"3 minuter\" \/>\n<script type=\"application\/ld+json\" class=\"yoast-schema-graph\">{\"@context\":\"https:\\\/\\\/schema.org\",\"@graph\":[{\"@type\":\"WebPage\",\"@id\":\"https:\\\/\\\/www.greenstar.fi\\\/sv\\\/foretags-eller-gruppresor_2\\\/\",\"url\":\"https:\\\/\\\/www.greenstar.fi\\\/sv\\\/foretags-eller-gruppresor_2\\\/\",\"name\":\"F\u00f6retags- eller gruppresor_2 - GreenStar Hotels\",\"isPartOf\":{\"@id\":\"https:\\\/\\\/www.greenstar.fi\\\/sv\\\/#website\"},\"datePublished\":\"2020-02-12T22:00:51+00:00\",\"dateModified\":\"2020-05-16T13:23:10+00:00\",\"breadcrumb\":{\"@id\":\"https:\\\/\\\/www.greenstar.fi\\\/sv\\\/foretags-eller-gruppresor_2\\\/#breadcrumb\"},\"inLanguage\":\"sv-SE\",\"potentialAction\":[{\"@type\":\"ReadAction\",\"target\":[\"https:\\\/\\\/www.greenstar.fi\\\/sv\\\/foretags-eller-gruppresor_2\\\/\"]}]},{\"@type\":\"BreadcrumbList\",\"@id\":\"https:\\\/\\\/www.greenstar.fi\\\/sv\\\/foretags-eller-gruppresor_2\\\/#breadcrumb\",\"itemListElement\":[{\"@type\":\"ListItem\",\"position\":1,\"name\":\"Etusivu\",\"item\":\"https:\\\/\\\/www.greenstar.fi\\\/sv\\\/\"},{\"@type\":\"ListItem\",\"position\":2,\"name\":\"F\u00f6retags- eller gruppresor_2\"}]},{\"@type\":\"WebSite\",\"@id\":\"https:\\\/\\\/www.greenstar.fi\\\/sv\\\/#website\",\"url\":\"https:\\\/\\\/www.greenstar.fi\\\/sv\\\/\",\"name\":\"GreenStar Hotels\",\"description\":\"GreenStar Hotels\",\"potentialAction\":[{\"@type\":\"SearchAction\",\"target\":{\"@type\":\"EntryPoint\",\"urlTemplate\":\"https:\\\/\\\/www.greenstar.fi\\\/sv\\\/?s={search_term_string}\"},\"query-input\":{\"@type\":\"PropertyValueSpecification\",\"valueRequired\":true,\"valueName\":\"search_term_string\"}}],\"inLanguage\":\"sv-SE\"}]}<\/script>\n<!-- \/ Yoast SEO plugin. -->","yoast_head_json":{"title":"F\u00f6retags- eller gruppresor_2 - GreenStar Hotels","robots":{"index":"index","follow":"follow","max-snippet":"max-snippet:-1","max-image-preview":"max-image-preview:large","max-video-preview":"max-video-preview:-1"},"canonical":"https:\/\/www.greenstar.fi\/sv\/foretags-eller-gruppresor_2\/","og_locale":"sv_SE","og_type":"article","og_title":"F\u00f6retags- eller gruppresor_2 - GreenStar Hotels","og_description":"[vc_row][vc_column width=&#8221;1\/2&#8243; css=&#8221;.vc_custom_1579647571082{padding-right: -5px !important;padding-left: -5px !important;}&#8221;][vc_column_text css=&#8221;.vc_custom_1580464597218{padding-right: -5px !important;padding-left: -5px !important;}&#8221;]Om du reser ofta, s\u00f6ker boende f\u00f6r en l\u00e4ngre","og_url":"https:\/\/www.greenstar.fi\/sv\/foretags-eller-gruppresor_2\/","og_site_name":"GreenStar Hotels","article_modified_time":"2020-05-16T13:23:10+00:00","twitter_card":"summary_large_image","twitter_misc":{"Ber\u00e4knad l\u00e4stid":"3 minuter"},"schema":{"@context":"https:\/\/schema.org","@graph":[{"@type":"WebPage","@id":"https:\/\/www.greenstar.fi\/sv\/foretags-eller-gruppresor_2\/","url":"https:\/\/www.greenstar.fi\/sv\/foretags-eller-gruppresor_2\/","name":"F\u00f6retags- eller gruppresor_2 - GreenStar Hotels","isPartOf":{"@id":"https:\/\/www.greenstar.fi\/sv\/#website"},"datePublished":"2020-02-12T22:00:51+00:00","dateModified":"2020-05-16T13:23:10+00:00","breadcrumb":{"@id":"https:\/\/www.greenstar.fi\/sv\/foretags-eller-gruppresor_2\/#breadcrumb"},"inLanguage":"sv-SE","potentialAction":[{"@type":"ReadAction","target":["https:\/\/www.greenstar.fi\/sv\/foretags-eller-gruppresor_2\/"]}]},{"@type":"BreadcrumbList","@id":"https:\/\/www.greenstar.fi\/sv\/foretags-eller-gruppresor_2\/#breadcrumb","itemListElement":[{"@type":"ListItem","position":1,"name":"Etusivu","item":"https:\/\/www.greenstar.fi\/sv\/"},{"@type":"ListItem","position":2,"name":"F\u00f6retags- eller gruppresor_2"}]},{"@type":"WebSite","@id":"https:\/\/www.greenstar.fi\/sv\/#website","url":"https:\/\/www.greenstar.fi\/sv\/","name":"GreenStar Hotels","description":"GreenStar Hotels","potentialAction":[{"@type":"SearchAction","target":{"@type":"EntryPoint","urlTemplate":"https:\/\/www.greenstar.fi\/sv\/?s={search_term_string}"},"query-input":{"@type":"PropertyValueSpecification","valueRequired":true,"valueName":"search_term_string"}}],"inLanguage":"sv-SE"}]}},"_links":{"self":[{"href":"https:\/\/www.greenstar.fi\/sv\/wp-json\/wp\/v2\/pages\/1777","targetHints":{"allow":["GET"]}}],"collection":[{"href":"https:\/\/www.greenstar.fi\/sv\/wp-json\/wp\/v2\/pages"}],"about":[{"href":"https:\/\/www.greenstar.fi\/sv\/wp-json\/wp\/v2\/types\/page"}],"author":[{"embeddable":true,"href":"https:\/\/www.greenstar.fi\/sv\/wp-json\/wp\/v2\/users\/1"}],"replies":[{"embeddable":true,"href":"https:\/\/www.greenstar.fi\/sv\/wp-json\/wp\/v2\/comments?post=1777"}],"version-history":[{"count":2,"href":"https:\/\/www.greenstar.fi\/sv\/wp-json\/wp\/v2\/pages\/1777\/revisions"}],"predecessor-version":[{"id":3049,"href":"https:\/\/www.greenstar.fi\/sv\/wp-json\/wp\/v2\/pages\/1777\/revisions\/3049"}],"wp:attachment":[{"href":"https:\/\/www.greenstar.fi\/sv\/wp-json\/wp\/v2\/media?parent=1777"}],"curies":[{"name":"wp","href":"https:\/\/api.w.org\/{rel}","templated":true}]}}