{"id":1818,"date":"2020-02-18T12:26:16","date_gmt":"2020-02-18T12:26:16","guid":{"rendered":"https:\/\/unruffled-jemison.185-55-85-19.plesk.page\/tietoja-meista\/tarinamme\/"},"modified":"2022-02-08T09:58:44","modified_gmt":"2022-02-08T09:58:44","slug":"historia","status":"publish","type":"page","link":"https:\/\/www.greenstar.fi\/sv\/om-oss\/historia\/","title":{"rendered":"V\u00e5r historia"},"content":{"rendered":"<p>[vc_row][vc_column][vc_single_image image=&#8221;2662&#8243; img_size=&#8221;full&#8221;]<div class=\"sohohotel-title1 sohohotel-title-color\"><h1>Om GreenStar<\/h1><h3><\/h3><\/div>[\/vc_column][\/vc_row][vc_row][vc_column][vc_column_text]GreenStar grundades av <strong>Kristian Ikonen<\/strong> , son till <strong>Reijo Ikonen, <\/strong>Joensuu-baserad hotell- och restaurangentrepren\u00f6r som startade ett eget hotellf\u00f6retag p\u00e5 60-talet..<\/p>\n<p>Hotell- och restaurangbranschen kan i allm\u00e4nhet vara ganska ineffektiv och sl\u00f6saktig i allt fr\u00e5n matsvinn och byggnadsunderh\u00e5ll till arbetsprocesser. Reijo Ikonen var f\u00f6re sin tid och ett undantag bland hotellinnehavare. Han v\u00e4rdesatte ett jordn\u00e4ra och m\u00e5ttligt leverne, utvecklade b\u00e4ttre arbetss\u00e4tt, s\u00e5g v\u00e4rdet i god planering och undvek sl\u00f6seri. Det var denna noggranna inst\u00e4llning till f\u00f6retagsstyrning som gjorde att hans verksamhet \u00f6verlevde 80-talets l\u00e5gkonjunktur och t.o.m. blomstrade under 90-talets tuffare \u00e5r.<\/p>\n<p>&nbsp;<\/p>\n<h5><strong>Men det fanns begr\u00e4nsningar i hur l\u00e5ngt han kunde g\u00e5.<\/strong><\/h5>\n<p>Sonen Kristian v\u00e4xte upp i branschen men hade inga planer alls p\u00e5 att bli hotellentrepren\u00f6r och b\u00f6rjade ist\u00e4llet att studera organisationspsykologi p\u00e5 universitet. Det var inte f\u00f6rr\u00e4n m\u00e5nga \u00e5r senare \u2013 ungef\u00e4r vid samma tid som Reijo b\u00f6rjade f\u00f6rbereda f\u00f6r att ge f\u00f6retaget vidare till n\u00e4sta generation \u2013 som Kristian b\u00f6rjade intressera sig mer f\u00f6r hotellbranschen.<\/p>\n<p>Innan Greenstar f\u00f6ddes diskuterade familjen Ikonen kring de strukturella problem som fanns i deras hotellverksamhet. Estetiska f\u00f6r\u00e4ndringar och nya arbetss\u00e4tt gjorde det bara m\u00f6jligt att f\u00f6rb\u00e4ttra f\u00f6retaget till en viss gr\u00e4ns. Ytterligare utveckling hindrades av r\u00e4ttsliga sk\u00e4l som l\u00e5ngvariga fastighetskontrakt. Kontrakten satte k\u00e4ppar i hjulet f\u00f6r stora renoveringar f\u00f6r att f\u00f6rb\u00e4ttra energieffektiviteten.<\/p>\n<p>M\u00e4nniskan eller milj\u00f6n? Sett ur detta perspektiv blev det tydligt att hela hotellbranschen var i stort behov av en stor reform.<\/p>\n<p>Familjen Ikonen tog fram de f\u00f6rsta id\u00e9erna till det som skulle bli Greenstar under tidigt 2000-tal och funderade i detalj kring hur en riktigt gr\u00f6n aff\u00e4rsmodell kunde se ut.<\/p>\n<p>&nbsp;<\/p>\n<h5><strong>Ett perfekt hotell har f\u00f6ljande attribut:<\/strong><\/h5>\n<ul>\n<li>Hotellet erbjuder g\u00e4sterna vad de verkligen vill ha \u2013 och ber dem inte betala f\u00f6r s\u00e5dant de faktiskt inte anv\u00e4nder eller beh\u00f6ver. P\u00e5 detta s\u00e4tt kan g\u00e4sterna v\u00e4lja de servicetj\u00e4nster som de har nytta av \u2013 med minimalt sl\u00f6seri som f\u00f6ljd.<\/li>\n<li>Verksamheten blir inte en b\u00f6rda f\u00f6r milj\u00f6n eller omgivningen utan inneb\u00e4r ist\u00e4llet en positiv inverkan. Lokala samarbetspartners hos varje hotell spelar en avg\u00f6rande roll.<\/li>\n<li>Det sparar naturresurser, energi och pengar, vilket g\u00f6r det m\u00f6jligt att erbjuda samma standard till g\u00e4ster f\u00f6r ett l\u00e4gre pris \u00e4n n\u00e5gon annanstans.<\/li>\n<li>Ny teknik \u00e4r nyckeln till att uppn\u00e5 allt detta.<\/li>\n<\/ul>\n<h5><\/h5>\n<h5><strong>S\u00e5 f\u00f6ddes Greenstar.<\/strong><\/h5>\n<p>Kristian Ikonen grundade hotellkedjan vid samma tid som det gamla f\u00f6retaget gjordes redo f\u00f6r ett generationsskifte. Reijo Ikonen gick i pension och familjen gjorde sig av med den gamla hotell- och restaurangverksamheten f\u00f6r att fullt ut kunna fokusera p\u00e5 Greenstar. Kristian blev senare VD och st\u00f6rsta aktie\u00e4gare i hotellkedjan.<\/p>\n<p>N\u00e4r det f\u00f6rsta hotellet \u00f6ppnades i Joensuu \u00e5r 2008 ans\u00e5gs inte milj\u00f6fr\u00e5gor och klimatf\u00f6r\u00e4ndringar vara lika viktiga som de \u00e4r idag. Kristian Ikonen f\u00f6ruts\u00e5g inte att GreenStar skulle locka till sig kunder genom att vara milj\u00f6v\u00e4nligt \u2013 han trodde att de f\u00f6rb\u00e4ttrade servicetj\u00e4nsterna och den smarta priss\u00e4ttningen skulle vara nyckeln till framg\u00e5ng. Under 2010-talet kom det som en \u00f6verraskning f\u00f6r honom hur Greenstar verkade ligga s\u00e5 r\u00e4tt i tiden.<\/p>\n<p>Det gr\u00f6na hotellkonceptet har visat sig vara en succ\u00e9 g\u00e5ng p\u00e5 g\u00e5ng \u2013 men h\u00e5llbarhetsarbetet p\u00e5 Greenstar kommer aldrig att ta slut. Greenstar h\u00e5ller sig till f\u00f6retagets grundl\u00e4ggande v\u00e4rden och vill forts\u00e4tta arbeta mot att skapa en b\u00e4ttre framtid. Detta innefattar ytterligare utveckling av v\u00e5rt sociala f\u00f6retagsansvar och att forts\u00e4tta att vara milj\u00f6v\u00e4nliga \u2013 in i minsta detalj.[\/vc_column_text][\/vc_column][\/vc_row][vc_row][vc_column][\/vc_column][\/vc_row]<\/p>\n","protected":false},"excerpt":{"rendered":"<p>[vc_row][vc_column][vc_single_image image=&#8221;2662&#8243; img_size=&#8221;full&#8221;][\/vc_column][\/vc_row][vc_row][vc_column][vc_column_text]GreenStar grundades av Kristian Ikonen , son till Reijo Ikonen, Joensuu-baserad hotell- och restaurangentrepren\u00f6r som startade ett eget<\/p>\n<a href=\"https:\/\/www.greenstar.fi\/sv\/om-oss\/historia\/\" class=\"sohohotel-more-link\">Read More<i class=\"fa fa-angle-right\"><\/i><\/a>","protected":false},"author":1,"featured_media":0,"parent":1169,"menu_order":0,"comment_status":"closed","ping_status":"closed","template":"page-modules.php","meta":{"_acf_changed":false,"footnotes":""},"class_list":["post-1818","page","type-page","status-publish","hentry"],"acf":[],"yoast_head":"<!-- This site is optimized with the Yoast SEO plugin v27.6 - https:\/\/yoast.com\/product\/yoast-seo-wordpress\/ -->\n<title>V\u00e5r historia - GreenStar Hotels<\/title>\n<meta name=\"robots\" content=\"index, follow, max-snippet:-1, max-image-preview:large, max-video-preview:-1\" \/>\n<link rel=\"canonical\" href=\"https:\/\/www.greenstar.fi\/sv\/om-oss\/historia\/\" \/>\n<meta property=\"og:locale\" content=\"sv_SE\" \/>\n<meta property=\"og:type\" content=\"article\" \/>\n<meta property=\"og:title\" content=\"V\u00e5r historia - GreenStar Hotels\" \/>\n<meta property=\"og:description\" content=\"[vc_row][vc_column][vc_single_image image=&#8221;2662&#8243; img_size=&#8221;full&#8221;][\/vc_column][\/vc_row][vc_row][vc_column][vc_column_text]GreenStar grundades av Kristian Ikonen , son till Reijo Ikonen, Joensuu-baserad hotell- och restaurangentrepren\u00f6r som startade ett eget\" \/>\n<meta property=\"og:url\" content=\"https:\/\/www.greenstar.fi\/sv\/om-oss\/historia\/\" \/>\n<meta property=\"og:site_name\" content=\"GreenStar Hotels\" \/>\n<meta property=\"article:modified_time\" content=\"2022-02-08T09:58:44+00:00\" \/>\n<meta name=\"twitter:card\" content=\"summary_large_image\" \/>\n<meta name=\"twitter:label1\" content=\"Ber\u00e4knad l\u00e4stid\" \/>\n\t<meta name=\"twitter:data1\" content=\"3 minuter\" \/>\n<script type=\"application\/ld+json\" class=\"yoast-schema-graph\">{\"@context\":\"https:\\\/\\\/schema.org\",\"@graph\":[{\"@type\":\"WebPage\",\"@id\":\"https:\\\/\\\/www.greenstar.fi\\\/sv\\\/om-oss\\\/historia\\\/\",\"url\":\"https:\\\/\\\/www.greenstar.fi\\\/sv\\\/om-oss\\\/historia\\\/\",\"name\":\"V\u00e5r historia - GreenStar Hotels\",\"isPartOf\":{\"@id\":\"https:\\\/\\\/www.greenstar.fi\\\/sv\\\/#website\"},\"datePublished\":\"2020-02-18T12:26:16+00:00\",\"dateModified\":\"2022-02-08T09:58:44+00:00\",\"breadcrumb\":{\"@id\":\"https:\\\/\\\/www.greenstar.fi\\\/sv\\\/om-oss\\\/historia\\\/#breadcrumb\"},\"inLanguage\":\"sv-SE\",\"potentialAction\":[{\"@type\":\"ReadAction\",\"target\":[\"https:\\\/\\\/www.greenstar.fi\\\/sv\\\/om-oss\\\/historia\\\/\"]}]},{\"@type\":\"BreadcrumbList\",\"@id\":\"https:\\\/\\\/www.greenstar.fi\\\/sv\\\/om-oss\\\/historia\\\/#breadcrumb\",\"itemListElement\":[{\"@type\":\"ListItem\",\"position\":1,\"name\":\"Etusivu\",\"item\":\"https:\\\/\\\/www.greenstar.fi\\\/sv\\\/\"},{\"@type\":\"ListItem\",\"position\":2,\"name\":\"Om oss\",\"item\":\"https:\\\/\\\/www.greenstar.fi\\\/sv\\\/om-oss\\\/\"},{\"@type\":\"ListItem\",\"position\":3,\"name\":\"V\u00e5r historia\"}]},{\"@type\":\"WebSite\",\"@id\":\"https:\\\/\\\/www.greenstar.fi\\\/sv\\\/#website\",\"url\":\"https:\\\/\\\/www.greenstar.fi\\\/sv\\\/\",\"name\":\"GreenStar Hotels\",\"description\":\"GreenStar Hotels\",\"potentialAction\":[{\"@type\":\"SearchAction\",\"target\":{\"@type\":\"EntryPoint\",\"urlTemplate\":\"https:\\\/\\\/www.greenstar.fi\\\/sv\\\/?s={search_term_string}\"},\"query-input\":{\"@type\":\"PropertyValueSpecification\",\"valueRequired\":true,\"valueName\":\"search_term_string\"}}],\"inLanguage\":\"sv-SE\"}]}<\/script>\n<!-- \/ Yoast SEO plugin. -->","yoast_head_json":{"title":"V\u00e5r historia - GreenStar Hotels","robots":{"index":"index","follow":"follow","max-snippet":"max-snippet:-1","max-image-preview":"max-image-preview:large","max-video-preview":"max-video-preview:-1"},"canonical":"https:\/\/www.greenstar.fi\/sv\/om-oss\/historia\/","og_locale":"sv_SE","og_type":"article","og_title":"V\u00e5r historia - GreenStar Hotels","og_description":"[vc_row][vc_column][vc_single_image image=&#8221;2662&#8243; img_size=&#8221;full&#8221;][\/vc_column][\/vc_row][vc_row][vc_column][vc_column_text]GreenStar grundades av Kristian Ikonen , son till Reijo Ikonen, Joensuu-baserad hotell- och restaurangentrepren\u00f6r som startade ett eget","og_url":"https:\/\/www.greenstar.fi\/sv\/om-oss\/historia\/","og_site_name":"GreenStar Hotels","article_modified_time":"2022-02-08T09:58:44+00:00","twitter_card":"summary_large_image","twitter_misc":{"Ber\u00e4knad l\u00e4stid":"3 minuter"},"schema":{"@context":"https:\/\/schema.org","@graph":[{"@type":"WebPage","@id":"https:\/\/www.greenstar.fi\/sv\/om-oss\/historia\/","url":"https:\/\/www.greenstar.fi\/sv\/om-oss\/historia\/","name":"V\u00e5r historia - GreenStar Hotels","isPartOf":{"@id":"https:\/\/www.greenstar.fi\/sv\/#website"},"datePublished":"2020-02-18T12:26:16+00:00","dateModified":"2022-02-08T09:58:44+00:00","breadcrumb":{"@id":"https:\/\/www.greenstar.fi\/sv\/om-oss\/historia\/#breadcrumb"},"inLanguage":"sv-SE","potentialAction":[{"@type":"ReadAction","target":["https:\/\/www.greenstar.fi\/sv\/om-oss\/historia\/"]}]},{"@type":"BreadcrumbList","@id":"https:\/\/www.greenstar.fi\/sv\/om-oss\/historia\/#breadcrumb","itemListElement":[{"@type":"ListItem","position":1,"name":"Etusivu","item":"https:\/\/www.greenstar.fi\/sv\/"},{"@type":"ListItem","position":2,"name":"Om oss","item":"https:\/\/www.greenstar.fi\/sv\/om-oss\/"},{"@type":"ListItem","position":3,"name":"V\u00e5r historia"}]},{"@type":"WebSite","@id":"https:\/\/www.greenstar.fi\/sv\/#website","url":"https:\/\/www.greenstar.fi\/sv\/","name":"GreenStar Hotels","description":"GreenStar Hotels","potentialAction":[{"@type":"SearchAction","target":{"@type":"EntryPoint","urlTemplate":"https:\/\/www.greenstar.fi\/sv\/?s={search_term_string}"},"query-input":{"@type":"PropertyValueSpecification","valueRequired":true,"valueName":"search_term_string"}}],"inLanguage":"sv-SE"}]}},"_links":{"self":[{"href":"https:\/\/www.greenstar.fi\/sv\/wp-json\/wp\/v2\/pages\/1818","targetHints":{"allow":["GET"]}}],"collection":[{"href":"https:\/\/www.greenstar.fi\/sv\/wp-json\/wp\/v2\/pages"}],"about":[{"href":"https:\/\/www.greenstar.fi\/sv\/wp-json\/wp\/v2\/types\/page"}],"author":[{"embeddable":true,"href":"https:\/\/www.greenstar.fi\/sv\/wp-json\/wp\/v2\/users\/1"}],"replies":[{"embeddable":true,"href":"https:\/\/www.greenstar.fi\/sv\/wp-json\/wp\/v2\/comments?post=1818"}],"version-history":[{"count":21,"href":"https:\/\/www.greenstar.fi\/sv\/wp-json\/wp\/v2\/pages\/1818\/revisions"}],"predecessor-version":[{"id":4887,"href":"https:\/\/www.greenstar.fi\/sv\/wp-json\/wp\/v2\/pages\/1818\/revisions\/4887"}],"up":[{"embeddable":true,"href":"https:\/\/www.greenstar.fi\/sv\/wp-json\/wp\/v2\/pages\/1169"}],"wp:attachment":[{"href":"https:\/\/www.greenstar.fi\/sv\/wp-json\/wp\/v2\/media?parent=1818"}],"curies":[{"name":"wp","href":"https:\/\/api.w.org\/{rel}","templated":true}]}}