{"id":2919,"date":"2020-05-11T20:48:30","date_gmt":"2020-05-11T20:48:30","guid":{"rendered":"https:\/\/unruffled-jemison.185-55-85-19.plesk.page\/mitt-konto\/"},"modified":"2020-05-11T20:48:33","modified_gmt":"2020-05-11T20:48:33","slug":"mitt-konto","status":"publish","type":"page","link":"https:\/\/www.greenstar.fi\/sv\/mitt-konto\/","title":{"rendered":"Mitt konto"},"content":{"rendered":"<p>[vc_row][vc_column][vc_empty_space][\/vc_column][\/vc_row][vc_row][vc_column]<div class=\"our-hotels-section block-link-wrapper-4 clearfix\"><a class=\"block-link\" href=\"https:\/\/sky-eu1.clock-software.com\/19935\/4884\/self_service\/entry_points\">GreenStar Hotel Joesuu <i class=\"fa fa-angle-right\"><\/i><\/a><a class=\"block-link\" href=\"https:\/\/sky-eu1.clock-software.com\/19935\/9039\/self_service\/entry_points\">GreenStar Hotel Jyv\u00e4skyl\u00e4 <i class=\"fa fa-angle-right\"><\/i><\/a><a class=\"block-link\" href=\"https:\/\/sky-eu1.clock-software.com\/19935\/10837\/self_service\/entry_points?language=fi\">GreenStar Hotel Lahti <i class=\"fa fa-angle-right\"><\/i><\/a><a class=\"block-link\" href=\"\">GreenStar Hotel Vaasa <i class=\"fa fa-angle-right\"><\/i><\/a><\/div>[\/vc_column][\/vc_row][vc_row][vc_column][vc_column_text]N\u00e4r du har gjort en bokning kommer du att kunna logga in p\u00e5 ditt konto. I bekr\u00e4ftelsen som skickas via e-post efter genomf\u00f6rd bokning hittar du bokningsnumret och en PIN-kod. Dessa \u00e4r dina inloggningsuppgifter.<\/p>\n<p>I \u201dMitt konto\u201d kan du se dina aktuella bokningar. H\u00e4r kan du ocks\u00e5 \u00e4ndra i bokningar, avboka eller k\u00f6pa till\u00e4ggstj\u00e4nster.[\/vc_column_text][\/vc_column][\/vc_row]<\/p>\n","protected":false},"excerpt":{"rendered":"<p>[vc_row][vc_column][vc_empty_space][\/vc_column][\/vc_row][vc_row][vc_column][\/vc_column][\/vc_row][vc_row][vc_column][vc_column_text]N\u00e4r du har gjort en bokning kommer du att kunna logga in p\u00e5 ditt konto. I bekr\u00e4ftelsen som skickas via<\/p>\n<a href=\"https:\/\/www.greenstar.fi\/sv\/mitt-konto\/\" class=\"sohohotel-more-link\">Read More<i class=\"fa fa-angle-right\"><\/i><\/a>","protected":false},"author":1,"featured_media":0,"parent":0,"menu_order":0,"comment_status":"closed","ping_status":"closed","template":"","meta":{"_acf_changed":false,"footnotes":""},"class_list":["post-2919","page","type-page","status-publish","hentry"],"acf":[],"yoast_head":"<!-- This site is optimized with the Yoast SEO plugin v27.4 - https:\/\/yoast.com\/product\/yoast-seo-wordpress\/ -->\n<title>Mitt konto - GreenStar Hotels<\/title>\n<meta name=\"robots\" content=\"index, follow, max-snippet:-1, max-image-preview:large, max-video-preview:-1\" \/>\n<link rel=\"canonical\" href=\"https:\/\/www.greenstar.fi\/sv\/mitt-konto\/\" \/>\n<meta property=\"og:locale\" content=\"sv_SE\" \/>\n<meta property=\"og:type\" content=\"article\" \/>\n<meta property=\"og:title\" content=\"Mitt konto - GreenStar Hotels\" \/>\n<meta property=\"og:description\" content=\"[vc_row][vc_column][vc_empty_space][\/vc_column][\/vc_row][vc_row][vc_column][\/vc_column][\/vc_row][vc_row][vc_column][vc_column_text]N\u00e4r du har gjort en bokning kommer du att kunna logga in p\u00e5 ditt konto. I bekr\u00e4ftelsen som skickas via\" \/>\n<meta property=\"og:url\" content=\"https:\/\/www.greenstar.fi\/sv\/mitt-konto\/\" \/>\n<meta property=\"og:site_name\" content=\"GreenStar Hotels\" \/>\n<meta property=\"article:modified_time\" content=\"2020-05-11T20:48:33+00:00\" \/>\n<meta name=\"twitter:card\" content=\"summary_large_image\" \/>\n<meta name=\"twitter:label1\" content=\"Ber\u00e4knad l\u00e4stid\" \/>\n\t<meta name=\"twitter:data1\" content=\"1 minut\" \/>\n<script type=\"application\/ld+json\" class=\"yoast-schema-graph\">{\"@context\":\"https:\\\/\\\/schema.org\",\"@graph\":[{\"@type\":\"WebPage\",\"@id\":\"https:\\\/\\\/www.greenstar.fi\\\/sv\\\/mitt-konto\\\/\",\"url\":\"https:\\\/\\\/www.greenstar.fi\\\/sv\\\/mitt-konto\\\/\",\"name\":\"Mitt konto - GreenStar Hotels\",\"isPartOf\":{\"@id\":\"https:\\\/\\\/www.greenstar.fi\\\/sv\\\/#website\"},\"datePublished\":\"2020-05-11T20:48:30+00:00\",\"dateModified\":\"2020-05-11T20:48:33+00:00\",\"breadcrumb\":{\"@id\":\"https:\\\/\\\/www.greenstar.fi\\\/sv\\\/mitt-konto\\\/#breadcrumb\"},\"inLanguage\":\"sv-SE\",\"potentialAction\":[{\"@type\":\"ReadAction\",\"target\":[\"https:\\\/\\\/www.greenstar.fi\\\/sv\\\/mitt-konto\\\/\"]}]},{\"@type\":\"BreadcrumbList\",\"@id\":\"https:\\\/\\\/www.greenstar.fi\\\/sv\\\/mitt-konto\\\/#breadcrumb\",\"itemListElement\":[{\"@type\":\"ListItem\",\"position\":1,\"name\":\"Etusivu\",\"item\":\"https:\\\/\\\/www.greenstar.fi\\\/sv\\\/\"},{\"@type\":\"ListItem\",\"position\":2,\"name\":\"Mitt konto\"}]},{\"@type\":\"WebSite\",\"@id\":\"https:\\\/\\\/www.greenstar.fi\\\/sv\\\/#website\",\"url\":\"https:\\\/\\\/www.greenstar.fi\\\/sv\\\/\",\"name\":\"GreenStar Hotels\",\"description\":\"GreenStar Hotels\",\"potentialAction\":[{\"@type\":\"SearchAction\",\"target\":{\"@type\":\"EntryPoint\",\"urlTemplate\":\"https:\\\/\\\/www.greenstar.fi\\\/sv\\\/?s={search_term_string}\"},\"query-input\":{\"@type\":\"PropertyValueSpecification\",\"valueRequired\":true,\"valueName\":\"search_term_string\"}}],\"inLanguage\":\"sv-SE\"}]}<\/script>\n<!-- \/ Yoast SEO plugin. -->","yoast_head_json":{"title":"Mitt konto - GreenStar Hotels","robots":{"index":"index","follow":"follow","max-snippet":"max-snippet:-1","max-image-preview":"max-image-preview:large","max-video-preview":"max-video-preview:-1"},"canonical":"https:\/\/www.greenstar.fi\/sv\/mitt-konto\/","og_locale":"sv_SE","og_type":"article","og_title":"Mitt konto - GreenStar Hotels","og_description":"[vc_row][vc_column][vc_empty_space][\/vc_column][\/vc_row][vc_row][vc_column][\/vc_column][\/vc_row][vc_row][vc_column][vc_column_text]N\u00e4r du har gjort en bokning kommer du att kunna logga in p\u00e5 ditt konto. I bekr\u00e4ftelsen som skickas via","og_url":"https:\/\/www.greenstar.fi\/sv\/mitt-konto\/","og_site_name":"GreenStar Hotels","article_modified_time":"2020-05-11T20:48:33+00:00","twitter_card":"summary_large_image","twitter_misc":{"Ber\u00e4knad l\u00e4stid":"1 minut"},"schema":{"@context":"https:\/\/schema.org","@graph":[{"@type":"WebPage","@id":"https:\/\/www.greenstar.fi\/sv\/mitt-konto\/","url":"https:\/\/www.greenstar.fi\/sv\/mitt-konto\/","name":"Mitt konto - GreenStar Hotels","isPartOf":{"@id":"https:\/\/www.greenstar.fi\/sv\/#website"},"datePublished":"2020-05-11T20:48:30+00:00","dateModified":"2020-05-11T20:48:33+00:00","breadcrumb":{"@id":"https:\/\/www.greenstar.fi\/sv\/mitt-konto\/#breadcrumb"},"inLanguage":"sv-SE","potentialAction":[{"@type":"ReadAction","target":["https:\/\/www.greenstar.fi\/sv\/mitt-konto\/"]}]},{"@type":"BreadcrumbList","@id":"https:\/\/www.greenstar.fi\/sv\/mitt-konto\/#breadcrumb","itemListElement":[{"@type":"ListItem","position":1,"name":"Etusivu","item":"https:\/\/www.greenstar.fi\/sv\/"},{"@type":"ListItem","position":2,"name":"Mitt konto"}]},{"@type":"WebSite","@id":"https:\/\/www.greenstar.fi\/sv\/#website","url":"https:\/\/www.greenstar.fi\/sv\/","name":"GreenStar Hotels","description":"GreenStar Hotels","potentialAction":[{"@type":"SearchAction","target":{"@type":"EntryPoint","urlTemplate":"https:\/\/www.greenstar.fi\/sv\/?s={search_term_string}"},"query-input":{"@type":"PropertyValueSpecification","valueRequired":true,"valueName":"search_term_string"}}],"inLanguage":"sv-SE"}]}},"_links":{"self":[{"href":"https:\/\/www.greenstar.fi\/sv\/wp-json\/wp\/v2\/pages\/2919","targetHints":{"allow":["GET"]}}],"collection":[{"href":"https:\/\/www.greenstar.fi\/sv\/wp-json\/wp\/v2\/pages"}],"about":[{"href":"https:\/\/www.greenstar.fi\/sv\/wp-json\/wp\/v2\/types\/page"}],"author":[{"embeddable":true,"href":"https:\/\/www.greenstar.fi\/sv\/wp-json\/wp\/v2\/users\/1"}],"replies":[{"embeddable":true,"href":"https:\/\/www.greenstar.fi\/sv\/wp-json\/wp\/v2\/comments?post=2919"}],"version-history":[{"count":3,"href":"https:\/\/www.greenstar.fi\/sv\/wp-json\/wp\/v2\/pages\/2919\/revisions"}],"predecessor-version":[{"id":2922,"href":"https:\/\/www.greenstar.fi\/sv\/wp-json\/wp\/v2\/pages\/2919\/revisions\/2922"}],"wp:attachment":[{"href":"https:\/\/www.greenstar.fi\/sv\/wp-json\/wp\/v2\/media?parent=2919"}],"curies":[{"name":"wp","href":"https:\/\/api.w.org\/{rel}","templated":true}]}}