{"id":2928,"date":"2020-05-11T21:21:24","date_gmt":"2020-05-11T21:21:24","guid":{"rendered":"https:\/\/unruffled-jemison.185-55-85-19.plesk.page\/hotell\/greenstar-hotel-lahti\/silmu\/"},"modified":"2020-05-15T20:45:58","modified_gmt":"2020-05-15T20:45:58","slug":"silmu","status":"publish","type":"page","link":"https:\/\/www.greenstar.fi\/sv\/hotell\/lahti\/silmu\/","title":{"rendered":"Silmu"},"content":{"rendered":"<p>[vc_row css=&#8221;.vc_custom_1589575215730{background-color: #aedea8 !important;}&#8221;][vc_column]<div class=\"sohohotel-title2 sohohotel-title-color\"><h3>F\u00f6rfr\u00e5gningar och bokningar<\/h3><\/div>[vc_column_text]<\/p>\n<h5 style=\"text-align: center;\">+358 10 423 9392 och restaurant.lahti@greenstar.fi<\/h5>\n<p>[\/vc_column_text][\/vc_column][\/vc_row][vc_row][vc_column][vc_empty_space][\/vc_column][\/vc_row][vc_row][vc_column width=&#8221;1\/2&#8243;][vc_column_text]Vi \u00e4r stolta \u00f6ver att f\u00e5 presentera restaurang Silmu p\u00e5 GreenStar Hotel Lahtis \u2013 en gr\u00f6n restaurang som delar GreenStars v\u00e4rderingar. V\u00e5r meny erbjuder v\u00e4lsmakande mat lagad med lokala, ekologiska ingredienser och s\u00e4songens gr\u00f6nsaker.<\/p>\n<p><strong>Frukost:<\/strong><br \/>\nm\u00e5n\u2013fre 06.30\u201309.30<br \/>\nl\u00f6r 07.00\u201310.00<br \/>\ns\u00f6n 08.00\u201311.00<br \/>\n<strong>\u00c0 la carte:<\/strong><br \/>\nm\u00e5n\u2013l\u00f6r 18.00\u201322.00[\/vc_column_text][\/vc_column][vc_column width=&#8221;1\/2&#8243;][vc_column_text]\n\t\t<div id='gallery-1' class='gallery galleryid-2928 gallery-columns-3 gallery-size-thumbnail'><div class='gallery-item'><div class='gallery-icon'><a href=\"https:\/\/www.greenstar.fi\/wp-content\/uploads\/2020\/02\/annos-1.jpg\" data-gal=\"prettyPhoto[gallery-1]\" title=\"annos 1\"><img decoding=\"async\" src=\"https:\/\/www.greenstar.fi\/wp-content\/uploads\/2020\/02\/annos-1.jpg\" alt=\"\" \/><\/a><\/div><\/div><div class='gallery-item'><div class='gallery-icon'><a href=\"https:\/\/www.greenstar.fi\/wp-content\/uploads\/2020\/02\/annos-3.jpg\" data-gal=\"prettyPhoto[gallery-1]\" title=\"annos 3\"><img decoding=\"async\" src=\"https:\/\/www.greenstar.fi\/wp-content\/uploads\/2020\/02\/annos-3.jpg\" alt=\"\" \/><\/a><\/div><\/div><div class='gallery-item'><div class='gallery-icon'><a href=\"https:\/\/www.greenstar.fi\/wp-content\/uploads\/2020\/02\/annos2.jpg\" data-gal=\"prettyPhoto[gallery-1]\" title=\"annos2\"><img decoding=\"async\" src=\"https:\/\/www.greenstar.fi\/wp-content\/uploads\/2020\/02\/annos2.jpg\" alt=\"\" \/><\/a><\/div><\/div><div class='gallery-item'><div class='gallery-icon'><a href=\"https:\/\/www.greenstar.fi\/wp-content\/uploads\/2020\/02\/annos4.jpg\" data-gal=\"prettyPhoto[gallery-1]\" title=\"annos4\"><img decoding=\"async\" src=\"https:\/\/www.greenstar.fi\/wp-content\/uploads\/2020\/02\/annos4.jpg\" alt=\"\" \/><\/a><\/div><\/div><div class='gallery-item'><div class='gallery-icon'><a href=\"https:\/\/www.greenstar.fi\/wp-content\/uploads\/2020\/02\/annos5.jpg\" data-gal=\"prettyPhoto[gallery-1]\" title=\"annos5\"><img decoding=\"async\" src=\"https:\/\/www.greenstar.fi\/wp-content\/uploads\/2020\/02\/annos5.jpg\" alt=\"\" \/><\/a><\/div><\/div><div class='gallery-item'><div class='gallery-icon'><a href=\"https:\/\/www.greenstar.fi\/wp-content\/uploads\/2020\/02\/annos6.jpg\" data-gal=\"prettyPhoto[gallery-1]\" title=\"annos6\"><img decoding=\"async\" src=\"https:\/\/www.greenstar.fi\/wp-content\/uploads\/2020\/02\/annos6.jpg\" alt=\"ruoka-annos\" \/><\/a><\/div><\/div>\n\t\t\t<br style='clear: both;' \/>\n\t\t<\/div>\n[\/vc_column_text][\/vc_column][\/vc_row][vc_row][vc_column][vc_empty_space][\/vc_column][\/vc_row][vc_row][vc_column width=&#8221;2\/3&#8243;]<div class=\"sohohotel-title3 sohohotel-title-color\"><h4>\u00c0 la carte-meny<\/h4><\/div>[vc_tta_accordion][vc_tta_section title=&#8221;Alkuun&#8221; tab_id=&#8221;1579956363031-97bf682a-4440&#8243;][vc_column_text]<strong>Graavilohta (L) &#8211; 5,00 \u20ac<br \/>\n<\/strong>Ginill\u00e4 maustettuagraavattua suomalaista kirjolohta, paahdettua saaristolaisleip\u00e4\u00e4 ja munavoita<\/p>\n<p><strong>Sokeri-suolattua ankanrintaa (L, G) &#8211; 7,50 \u20ac<\/strong><br \/>\nRanskalaista ankanrintaa, punajuuripyreet\u00e4, Riesling-hyytel\u00f6\u00e4 ja hillottua omenaa<\/p>\n<p><strong>Punajuurikeittoa (L, G) &#8211; 5,00 \u20ac \/ 7,50 \u20ac<\/strong><br \/>\nPunajuurikeittoa ja Peltolan Blue -sinihomejuustomoussea sek\u00e4 pinjansiemeni\u00e4<\/p>\n<p><strong>Talon kasvissalaattia (L, G) &#8211; 5,00 \u20ac \/ 7,00 \u20ac<\/strong><br \/>\nSalaattisekoitusta, tomaattia, kurkkua, pikkel\u00f6ityj\u00e4 kasviksia ja marinoitua punasipuliasek\u00e4 pico de gallo -salsaa<\/p>\n<p><strong>Lis\u00e4ksi salaattiin<\/strong><br \/>\nSuomalaista kananrintaa (L, G) &#8211; 8,00 \u20ac<br \/>\nGraavattua suomalaista kirjolohta (L, G) &#8211; 6,00 \u20ac<br \/>\nHiillostettua suomalaista kirjolohta (L, G) &#8211; 9,00 \u20ac<br \/>\nVuohenjuustoa (L, G) &#8211; 6,00 \u20ac<br \/>\nRanskalaista ankanrintaa (L, G) &#8211; 8,00 \u20ac[\/vc_column_text][\/vc_tta_section][vc_tta_section title=&#8221;P\u00e4\u00e4ruoaksi&#8221; tab_id=&#8221;1579956363031-be8d07c5-8099&#8243;][vc_column_text]<strong>Porsaanposkea (L, G) &#8211; 17,00 \u20ac<\/strong><br \/>\nPitk\u00e4\u00e4n haudutettua suomalaista porsaanposkea, myskikurpitsapyreet\u00e4, paistinkastiketta ja hillottua omenaa sek\u00e4 herneit\u00e4 ja porkkanaa<\/p>\n<p><strong>Hiillostettua kirjolohta (L, G) &#8211; 20,00 \u20ac<\/strong><br \/>\nHiillostettua suomalaista kirjolohta, hummerikastiketta ja pottuvoita sek\u00e4 herneit\u00e4 ja porkkanaa<\/p>\n<p><strong>Kananrintaa (L, G) &#8211; 18,00 \u20ac<\/strong><br \/>\nSuomalaista paistettua maalaiskanan rintaa ja sienirisottoa sek\u00e4 herneit\u00e4 ja porkkanaa<\/p>\n<p><strong>Punajuurta ja vuohenjuustoa (L) &#8211; 17,00 \u20ac<\/strong><br \/>\nPunajuurta ja sahramilla maustettua bulguria, punajuuribalsamicoa ja karamellisoituja p\u00e4hkin\u00f6it\u00e4 sek\u00e4 vuohenjuustoa[\/vc_column_text][\/vc_tta_section][vc_tta_section title=&#8221;Burgerit&#8221; tab_id=&#8221;1579956720821-7ed4389e-342d&#8221;][vc_column_text]<strong>Burger (L) &#8211; 16,00 \u20ac<\/strong><br \/>\nGrillattu suomalainen Black Angus -hampurilaispihvi glaseerattuna bbq-kastikkeella, brioche-s\u00e4mpyl\u00e4, cheddarjuustoa ja ranskalaisia talon bbq-aiolin kanssa<\/p>\n<p><strong>Kasvisburger (vegaaninen) &#8211; 16,00 \u20ac<\/strong><br \/>\nBeyond Burger -pihvi, vegaanista juustoa ja chimichurri -kastiketta, salaattia, tomaattia ja pikkel\u00f6ity\u00e4 sipulia sek\u00e4 ranskalaisia vegaanisen majoneesin kanssa<\/p>\n<p><strong>Kanaburger (L) &#8211; 16,00 \u20ac<\/strong><br \/>\nSuomalaista grillattua kananrintaa, balsamicosiirappia ja chimichurri -kastiketta, marinoitua punasipulia, brioche-s\u00e4mpyl\u00e4 ja ranskalaisia talon bbq-aiolin kanssa[\/vc_column_text][\/vc_tta_section][vc_tta_section title=&#8221;Lapsille (alle 12v)&#8221; tab_id=&#8221;1580070412084-ff99a968-93d8&#8243;][vc_column_text]<strong>Nakkeja ja ranskalaisia<\/strong> sek\u00e4 kurkkua ja porkkanaa (L, G) &#8211; 5,00 \u20ac<\/p>\n<p><strong>Paistettua suomalaista kirjolohta ja perunamuusia<\/strong> sek\u00e4 kurkkua ja porkkanaa (L, G) &#8211; 7,50 \u20ac<\/p>\n<p><strong>Pitk\u00e4\u00e4n haudutettua suomalaista possunposkea ja perunamuusia<\/strong> sek\u00e4 herneit\u00e4 (L, G) 7,50 \u20ac[\/vc_column_text][\/vc_tta_section][vc_tta_section title=&#8221;J\u00e4lkiruoaksi&#8221; tab_id=&#8221;1580070542748-a143b0ef-6f5d&#8221;][vc_column_text]<strong>P\u00e4hkin\u00e4suklaakakkua (L, G) &#8211; 7,50 \u20ac<\/strong><br \/>\nSuklaakakkua, vaniljaj\u00e4\u00e4tel\u00f6\u00e4, karpaloita ja suolaista kinuskikastiketta<\/p>\n<p><strong>Creme Brulee (L, G) &#8211; 7,50 \u20ac<\/strong><br \/>\nKuusenhavulla maustettu creme brulee<\/p>\n<p><strong>Tyrniposset (L, G) &#8211; 7,50 \u20ac<\/strong><br \/>\nTyrnill\u00e4 maustettua kermavanukasta ja lime-jogurttivaahtoa<\/p>\n<p><strong>J\u00e4\u00e4tel\u00f6pallo &#8211; 2,00 \u20ac<\/strong><br \/>\nVanhanajan vaniljaj\u00e4\u00e4tel\u00f6\u00e4 (VL, G)<br \/>\nVanhanajan suklaaj\u00e4\u00e4tel\u00f6\u00e4 (VL, G)<br \/>\nVaniljaj\u00e4\u00e4tel\u00f6\u00e4 (L, G)<br \/>\nSuklaaj\u00e4\u00e4tel\u00f6\u00e4 (L, G)<br \/>\nSorbettia (M, G)<\/p>\n<p><strong>Kastike &#8211; 0,50 \u20ac<\/strong><br \/>\nSuklaakastiketta<br \/>\nSuolaista kinuskikastiketta<br \/>\nLakritsikastiketta[\/vc_column_text][\/vc_tta_section][\/vc_tta_accordion][\/vc_column][vc_column width=&#8221;1\/3&#8243;]<div class=\"sohohotel-title3 sohohotel-title-color\"><h4>F\u00f6rfr\u00e5gningar och bokningar<\/h4><\/div><ul class=\"sohohotel-contact-details-list\"><li class=\"sohohotel-address clearfix\">Vesij\u00e4rvenkatu 1, 15100 Lahti<\/li><li class=\"sohohotel-phone clearfix\">+358 10 423 9392<\/li><li class=\"sohohotel-email clearfix\"><a href=\"mailto:restaurant.lahti@greenstar.fi\">restaurant.lahti@greenstar.fi<\/a><\/li><\/ul>[\/vc_column][\/vc_row]<\/p>\n","protected":false},"excerpt":{"rendered":"<p>[vc_row css=&#8221;.vc_custom_1589575215730{background-color: #aedea8 !important;}&#8221;][vc_column][vc_column_text] +358 10 423 9392 och restaurant.lahti@greenstar.fi [\/vc_column_text][\/vc_column][\/vc_row][vc_row][vc_column][vc_empty_space][\/vc_column][\/vc_row][vc_row][vc_column width=&#8221;1\/2&#8243;][vc_column_text]Vi \u00e4r stolta \u00f6ver att f\u00e5 presentera restaurang Silmu<\/p>\n<a href=\"https:\/\/www.greenstar.fi\/sv\/hotell\/lahti\/silmu\/\" class=\"sohohotel-more-link\">Read More<i class=\"fa fa-angle-right\"><\/i><\/a>","protected":false},"author":1,"featured_media":0,"parent":1390,"menu_order":0,"comment_status":"closed","ping_status":"closed","template":"","meta":{"_acf_changed":false,"footnotes":""},"class_list":["post-2928","page","type-page","status-publish","hentry"],"acf":[],"yoast_head":"<!-- This site is optimized with the Yoast SEO plugin v27.5 - https:\/\/yoast.com\/product\/yoast-seo-wordpress\/ -->\n<title>Silmu - GreenStar Hotels<\/title>\n<meta name=\"robots\" content=\"index, follow, max-snippet:-1, max-image-preview:large, max-video-preview:-1\" \/>\n<link rel=\"canonical\" href=\"https:\/\/www.greenstar.fi\/sv\/hotell\/lahti\/silmu\/\" \/>\n<meta property=\"og:locale\" content=\"sv_SE\" \/>\n<meta property=\"og:type\" content=\"article\" \/>\n<meta property=\"og:title\" content=\"Silmu - GreenStar Hotels\" \/>\n<meta property=\"og:description\" content=\"[vc_row css=&#8221;.vc_custom_1589575215730{background-color: #aedea8 !important;}&#8221;][vc_column][vc_column_text] +358 10 423 9392 och restaurant.lahti@greenstar.fi [\/vc_column_text][\/vc_column][\/vc_row][vc_row][vc_column][vc_empty_space][\/vc_column][\/vc_row][vc_row][vc_column width=&#8221;1\/2&#8243;][vc_column_text]Vi \u00e4r stolta \u00f6ver att f\u00e5 presentera restaurang Silmu\" \/>\n<meta property=\"og:url\" content=\"https:\/\/www.greenstar.fi\/sv\/hotell\/lahti\/silmu\/\" \/>\n<meta property=\"og:site_name\" content=\"GreenStar Hotels\" \/>\n<meta property=\"article:modified_time\" content=\"2020-05-15T20:45:58+00:00\" \/>\n<meta property=\"og:image\" content=\"https:\/\/www.greenstar.fi\/wp-content\/uploads\/2020\/02\/annos-1.jpg\" \/>\n<meta name=\"twitter:card\" content=\"summary_large_image\" \/>\n<meta name=\"twitter:label1\" content=\"Ber\u00e4knad l\u00e4stid\" \/>\n\t<meta name=\"twitter:data1\" content=\"3 minuter\" \/>\n<script type=\"application\/ld+json\" class=\"yoast-schema-graph\">{\"@context\":\"https:\\\/\\\/schema.org\",\"@graph\":[{\"@type\":\"WebPage\",\"@id\":\"https:\\\/\\\/www.greenstar.fi\\\/sv\\\/hotell\\\/lahti\\\/silmu\\\/\",\"url\":\"https:\\\/\\\/www.greenstar.fi\\\/sv\\\/hotell\\\/lahti\\\/silmu\\\/\",\"name\":\"Silmu - GreenStar Hotels\",\"isPartOf\":{\"@id\":\"https:\\\/\\\/www.greenstar.fi\\\/sv\\\/#website\"},\"datePublished\":\"2020-05-11T21:21:24+00:00\",\"dateModified\":\"2020-05-15T20:45:58+00:00\",\"breadcrumb\":{\"@id\":\"https:\\\/\\\/www.greenstar.fi\\\/sv\\\/hotell\\\/lahti\\\/silmu\\\/#breadcrumb\"},\"inLanguage\":\"sv-SE\",\"potentialAction\":[{\"@type\":\"ReadAction\",\"target\":[\"https:\\\/\\\/www.greenstar.fi\\\/sv\\\/hotell\\\/lahti\\\/silmu\\\/\"]}]},{\"@type\":\"BreadcrumbList\",\"@id\":\"https:\\\/\\\/www.greenstar.fi\\\/sv\\\/hotell\\\/lahti\\\/silmu\\\/#breadcrumb\",\"itemListElement\":[{\"@type\":\"ListItem\",\"position\":1,\"name\":\"Etusivu\",\"item\":\"https:\\\/\\\/www.greenstar.fi\\\/sv\\\/\"},{\"@type\":\"ListItem\",\"position\":2,\"name\":\"Hotell\",\"item\":\"https:\\\/\\\/www.greenstar.fi\\\/sv\\\/hotell\\\/\"},{\"@type\":\"ListItem\",\"position\":3,\"name\":\"GreenStar Hotel Lahti\",\"item\":\"https:\\\/\\\/www.greenstar.fi\\\/sv\\\/hotell\\\/lahti\\\/\"},{\"@type\":\"ListItem\",\"position\":4,\"name\":\"Silmu\"}]},{\"@type\":\"WebSite\",\"@id\":\"https:\\\/\\\/www.greenstar.fi\\\/sv\\\/#website\",\"url\":\"https:\\\/\\\/www.greenstar.fi\\\/sv\\\/\",\"name\":\"GreenStar Hotels\",\"description\":\"GreenStar Hotels\",\"potentialAction\":[{\"@type\":\"SearchAction\",\"target\":{\"@type\":\"EntryPoint\",\"urlTemplate\":\"https:\\\/\\\/www.greenstar.fi\\\/sv\\\/?s={search_term_string}\"},\"query-input\":{\"@type\":\"PropertyValueSpecification\",\"valueRequired\":true,\"valueName\":\"search_term_string\"}}],\"inLanguage\":\"sv-SE\"}]}<\/script>\n<!-- \/ Yoast SEO plugin. -->","yoast_head_json":{"title":"Silmu - GreenStar Hotels","robots":{"index":"index","follow":"follow","max-snippet":"max-snippet:-1","max-image-preview":"max-image-preview:large","max-video-preview":"max-video-preview:-1"},"canonical":"https:\/\/www.greenstar.fi\/sv\/hotell\/lahti\/silmu\/","og_locale":"sv_SE","og_type":"article","og_title":"Silmu - GreenStar Hotels","og_description":"[vc_row css=&#8221;.vc_custom_1589575215730{background-color: #aedea8 !important;}&#8221;][vc_column][vc_column_text] +358 10 423 9392 och restaurant.lahti@greenstar.fi [\/vc_column_text][\/vc_column][\/vc_row][vc_row][vc_column][vc_empty_space][\/vc_column][\/vc_row][vc_row][vc_column width=&#8221;1\/2&#8243;][vc_column_text]Vi \u00e4r stolta \u00f6ver att f\u00e5 presentera restaurang Silmu","og_url":"https:\/\/www.greenstar.fi\/sv\/hotell\/lahti\/silmu\/","og_site_name":"GreenStar Hotels","article_modified_time":"2020-05-15T20:45:58+00:00","og_image":[{"url":"https:\/\/www.greenstar.fi\/wp-content\/uploads\/2020\/02\/annos-1.jpg","type":"","width":"","height":""}],"twitter_card":"summary_large_image","twitter_misc":{"Ber\u00e4knad l\u00e4stid":"3 minuter"},"schema":{"@context":"https:\/\/schema.org","@graph":[{"@type":"WebPage","@id":"https:\/\/www.greenstar.fi\/sv\/hotell\/lahti\/silmu\/","url":"https:\/\/www.greenstar.fi\/sv\/hotell\/lahti\/silmu\/","name":"Silmu - GreenStar Hotels","isPartOf":{"@id":"https:\/\/www.greenstar.fi\/sv\/#website"},"datePublished":"2020-05-11T21:21:24+00:00","dateModified":"2020-05-15T20:45:58+00:00","breadcrumb":{"@id":"https:\/\/www.greenstar.fi\/sv\/hotell\/lahti\/silmu\/#breadcrumb"},"inLanguage":"sv-SE","potentialAction":[{"@type":"ReadAction","target":["https:\/\/www.greenstar.fi\/sv\/hotell\/lahti\/silmu\/"]}]},{"@type":"BreadcrumbList","@id":"https:\/\/www.greenstar.fi\/sv\/hotell\/lahti\/silmu\/#breadcrumb","itemListElement":[{"@type":"ListItem","position":1,"name":"Etusivu","item":"https:\/\/www.greenstar.fi\/sv\/"},{"@type":"ListItem","position":2,"name":"Hotell","item":"https:\/\/www.greenstar.fi\/sv\/hotell\/"},{"@type":"ListItem","position":3,"name":"GreenStar Hotel Lahti","item":"https:\/\/www.greenstar.fi\/sv\/hotell\/lahti\/"},{"@type":"ListItem","position":4,"name":"Silmu"}]},{"@type":"WebSite","@id":"https:\/\/www.greenstar.fi\/sv\/#website","url":"https:\/\/www.greenstar.fi\/sv\/","name":"GreenStar Hotels","description":"GreenStar Hotels","potentialAction":[{"@type":"SearchAction","target":{"@type":"EntryPoint","urlTemplate":"https:\/\/www.greenstar.fi\/sv\/?s={search_term_string}"},"query-input":{"@type":"PropertyValueSpecification","valueRequired":true,"valueName":"search_term_string"}}],"inLanguage":"sv-SE"}]}},"_links":{"self":[{"href":"https:\/\/www.greenstar.fi\/sv\/wp-json\/wp\/v2\/pages\/2928","targetHints":{"allow":["GET"]}}],"collection":[{"href":"https:\/\/www.greenstar.fi\/sv\/wp-json\/wp\/v2\/pages"}],"about":[{"href":"https:\/\/www.greenstar.fi\/sv\/wp-json\/wp\/v2\/types\/page"}],"author":[{"embeddable":true,"href":"https:\/\/www.greenstar.fi\/sv\/wp-json\/wp\/v2\/users\/1"}],"replies":[{"embeddable":true,"href":"https:\/\/www.greenstar.fi\/sv\/wp-json\/wp\/v2\/comments?post=2928"}],"version-history":[{"count":10,"href":"https:\/\/www.greenstar.fi\/sv\/wp-json\/wp\/v2\/pages\/2928\/revisions"}],"predecessor-version":[{"id":3035,"href":"https:\/\/www.greenstar.fi\/sv\/wp-json\/wp\/v2\/pages\/2928\/revisions\/3035"}],"up":[{"embeddable":true,"href":"https:\/\/www.greenstar.fi\/sv\/wp-json\/wp\/v2\/pages\/1390"}],"wp:attachment":[{"href":"https:\/\/www.greenstar.fi\/sv\/wp-json\/wp\/v2\/media?parent=2928"}],"curies":[{"name":"wp","href":"https:\/\/api.w.org\/{rel}","templated":true}]}}