{"id":2933,"date":"2020-05-11T21:28:17","date_gmt":"2020-05-11T21:28:17","guid":{"rendered":"https:\/\/unruffled-jemison.185-55-85-19.plesk.page\/hotell\/greenstar-hotel-lahti\/greenmeeting\/"},"modified":"2025-06-24T09:19:14","modified_gmt":"2025-06-24T09:19:14","slug":"greenmeeting","status":"publish","type":"page","link":"https:\/\/www.greenstar.fi\/sv\/hotell\/lahti\/greenmeeting\/","title":{"rendered":"GreenMeeting"},"content":{"rendered":"<p>[vc_row css=&#8221;.vc_custom_1587822915047{background-color: #aedea8 !important;}&#8221;][vc_column]<div class=\"sohohotel-title2 sohohotel-title-color\"><h3>F\u00f6rfr\u00e5gningar och bokningar:<\/h3><\/div>[vc_column_text]<\/p>\n<p style=\"text-align: center; font-size: 20px;\"><strong>+358 10 423 9392 och<\/strong> <strong>events@greenstar.fi<\/strong><\/p>\n<p>[\/vc_column_text][\/vc_column][\/vc_row][vc_row][vc_column width=&#8221;1\/2&#8243;]<div class=\"sohohotel-title3 sohohotel-title-color\"><h4>GreenMeeting: koldioxidneutrala konferenser och evenemang<\/h4><\/div>[vc_column_text]<strong>GreenMeeting: koldioxidneutrala konferenser och evenemang<\/strong><\/p>\n<p>Vi erbjuder <strong>effektiva konferensrum i bekv\u00e4m stadsmilj\u00f6 kombinerat med fantastisk mat. <\/strong>V\u00e5r evenemangsservice GreenMeeting \u00e4r ett perfekt val f\u00f6r f\u00f6retag som vill f\u00f6rb\u00e4ttra sitt h\u00e5llbarhetsarbete samtidigt som verksamheten forts\u00e4tter som vanligt.<\/p>\n<p>P\u00e5 GreenStar Hotel Lahtis kan du anordna milj\u00f6v\u00e4nliga konferenser i omedelbar anslutning till Lahtis j\u00e4rnv\u00e4gs- och busstation, ett stenkast fr\u00e5n stadens bekv\u00e4mligheter.<strong> Vi har konferensrum f\u00f6r b\u00e5de sm\u00e5 och stora evenemang. Alla konferensrum har naturligt ljus och modern utrustning. Catering tillhandah\u00e5lls av v\u00e5r egen \u00e0 la carte-restaurang Silmu.<\/strong><\/p>\n<p>Liksom GreenStars \u00f6vriga verksamheter \u00e4r GreenMeeting evenemangsservice b\u00e5de milj\u00f6v\u00e4nlig och koldioxidneutral. Anlita oss som en del av din organisations h\u00e5llbarhetsstrategi.[\/vc_column_text][\/vc_column][vc_column width=&#8221;1\/2&#8243;][vc_column_text]<\/p>\n\n\t\t<div id='gallery-1' class='gallery galleryid-2933 gallery-columns-2 gallery-size-thumbnail'><div class='gallery-item'><div class='gallery-icon'><a href=\"https:\/\/www.greenstar.fi\/wp-content\/uploads\/2020\/02\/kokous4.jpg\" data-gal=\"prettyPhoto[gallery-1]\" title=\"kokous4\"><img decoding=\"async\" src=\"https:\/\/www.greenstar.fi\/wp-content\/uploads\/2020\/02\/kokous4.jpg\" alt=\"\" \/><\/a><\/div><\/div><div class='gallery-item'><div class='gallery-icon'><a href=\"https:\/\/www.greenstar.fi\/wp-content\/uploads\/2020\/02\/kokous2.jpg\" data-gal=\"prettyPhoto[gallery-1]\" title=\"kokous2\"><img decoding=\"async\" src=\"https:\/\/www.greenstar.fi\/wp-content\/uploads\/2020\/02\/kokous2.jpg\" alt=\"\" \/><\/a><\/div><\/div><div class='gallery-item'><div class='gallery-icon'><a href=\"https:\/\/www.greenstar.fi\/wp-content\/uploads\/2020\/02\/kokous1.jpg\" data-gal=\"prettyPhoto[gallery-1]\" title=\"kokous1\"><img decoding=\"async\" src=\"https:\/\/www.greenstar.fi\/wp-content\/uploads\/2020\/02\/kokous1.jpg\" alt=\"\" \/><\/a><\/div><\/div><div class='gallery-item'><div class='gallery-icon'><a href=\"https:\/\/www.greenstar.fi\/wp-content\/uploads\/2020\/02\/kokous3.jpg\" data-gal=\"prettyPhoto[gallery-1]\" title=\"kokous3\"><img decoding=\"async\" src=\"https:\/\/www.greenstar.fi\/wp-content\/uploads\/2020\/02\/kokous3.jpg\" alt=\"\" \/><\/a><\/div><\/div>\n\t\t\t<br style='clear: both;' \/>\n\t\t<\/div>\n\n<p>[\/vc_column_text][\/vc_column][\/vc_row][vc_row][vc_column][vc_empty_space][vc_empty_space][\/vc_column][\/vc_row][vc_row][vc_column][vc_raw_html]JTI2bmJzcCUzQiUwQSUwQSUzQ3N0eWxlJTNFdGFibGUlMjAlN0IlM0NiciUyMCUyRiUzRSUwQSUyMCUyMGZvbnQtZmFtaWx5JTNBJTIwYXJpYWwlMkMlMjBzYW5zLXNlcmlmJTNCJTNDYnIlMjAlMkYlM0UlMEElMjAlMjBib3JkZXItY29sbGFwc2UlM0ElMjBjb2xsYXBzZSUzQiUzQ2JyJTIwJTJGJTNFJTBBJTIwJTIwd2lkdGglM0ElMjAxMDAlMjUlM0IlM0NiciUyMCUyRiUzRSUwQSU3RCUzQyUyRnAlM0UlMEElM0NwJTNFdGQlMkMlMjB0aCUyMCU3QiUzQ2JyJTIwJTJGJTNFJTBBJTIwJTIwYm9yZGVyJTNBJTIwMXB4JTIwc29saWQlMjAlMjNkZGRkZGQlM0IlM0NiciUyMCUyRiUzRSUwQSUyMCUyMHRleHQtYWxpZ24lM0ElMjBsZWZ0JTNCJTNDYnIlMjAlMkYlM0UlMEElMjAlMjBwYWRkaW5nJTNBJTIwOHB4JTNCJTNDYnIlMjAlMkYlM0UlMEElN0QlM0MlMkZwJTNFJTBBJTNDcCUzRXRyJTNBbnRoLWNoaWxkJTI4ZXZlbiUyOSUyMCU3QiUzQ2JyJTIwJTJGJTNFJTBBJTIwJTIwYmFja2dyb3VuZC1jb2xvciUzQSUyMCUyM2RkZGRkZCUzQiUzQ2JyJTIwJTJGJTNFJTBBJTdEJTNDYnIlMjAlMkYlM0UlMEElM0MlMkZzdHlsZSUzRSUwQSUwQSUyNm5ic3AlM0IlMEElM0NoMiUzRUtvbmZlcmVuc3J1bSUzQyUyRmgyJTNFJTBBJTNDdGFibGUlM0UlMEElM0N0Ym9keSUzRSUwQSUzQ3RyJTNFJTBBJTNDdGglM0VOYW1uJTNDJTJGdGglM0UlMEElM0N0aCUzRVN0b3JsZWslM0MlMkZ0aCUzRSUwQSUzQ3RoJTNFSW5mb3JtYXRpb24lM0MlMkZ0aCUzRSUwQSUzQ3RoJTNFUHJpcyUzQyUyRnRoJTNFJTBBJTNDJTJGdHIlM0UlMEElM0N0ciUzRSUwQSUzQ3RkJTNFVmVza3UlM0MlMkZ0ZCUzRSUwQSUzQ3RkJTNFNjVtMiUzQyUyRnRkJTNFJTBBJTNDdGQlM0VTa29sc2l0dG5pbmclMjA0MCUyMHBsYXRzZXIlMEFTdHlyZWxzZXNpdHRuaW5nJTIwMjUlMjBwbGF0c2VyJTBBVS1zaXR0bmluZyUyMDI1JTIwcGxhdHNlciUwQUJpb3NpdHRuaW5nJTIwNjAlMjBwbGF0c2VyJTBBJUMzJTk2LXNpdHRuaW5nJTIwNSUyMHglMjA2JTIwcGxhdHNlciUwQSUzQyUyRnRkJTNFJTBBJTNDdGQlM0VIZWwlMjBkYWclMjAyMjAlMjAlRTIlODIlQUMlMEFIYWx2JTIwZGFnJTIwMjAwJTIwJUUyJTgyJUFDJTBBS3YlQzMlQTRsbCUyMDE0MCUyMCVFMiU4MiVBQyUzQyUyRnRkJTNFJTBBJTNDJTJGdHIlM0UlMEElM0N0ciUzRSUwQSUzQ3RkJTNFTWFzdG8lM0MlMkZ0ZCUzRSUwQSUzQ3RkJTNFNTNtMiUzQyUyRnRkJTNFJTBBJTNDdGQlM0VTa29sc2l0dG5pbmclMjAyNSUyMHBsYXRzZXIlMEFTdHlyZWxzZXNpdHRuaW5nJTIwMjUlMjBwbGF0c2VyJTBBVS1zaXR0bmluZyUyMDE1JTIwcGxhdHNlciUwQUJpb3NpdHRuaW5nJTIwNDYlMjBwbGF0c2VyJTBBJUMzJTk2LXNpdHRuaW5nJTIwNCUyMHglMjA2JTIwcGxhdHNlciUwQSUzQyUyRnRkJTNFJTBBJTNDdGQlM0VIZWwlMjBkYWclMjAyMDAlMjAlRTIlODIlQUMlMEFIYWx2JTIwZGFnJTIwMTgwJTIwJUUyJTgyJUFDJTBBS3YlQzMlQTRsbCUyMDExMCUyMCVFMiU4MiVBQyUzQyUyRnRkJTNFJTBBJTNDJTJGdHIlM0UlMEElM0N0ciUzRSUwQSUzQ3RkJTNFTGFudSUzQyUyRnRkJTNFJTBBJTNDdGQlM0U1M20yJTNDJTJGdGQlM0UlMEElM0N0ZCUzRVNrb2xzaXR0bmluZyUyMDI1JTIwcGxhdHNlciUwQVN0eXJlbHNlc2l0dG5pbmclMjAyNSUyMHBsYXRzZXIlMEFVLXNpdHRuaW5nJTIwMTUlMjBwbGF0c2VyJTBBQmlvc2l0dG5pbmclMjAzNiUyMHBsYXRzZXIlMEElQzMlOTYtc2l0dG5pbmclMjA0JTIweCUyMDYlMjBwbGF0c2VyJTBBJTNDJTJGdGQlM0UlMEElM0N0ZCUzRUhlbCUyMGRhZyUyMDIwMCUyMCVFMiU4MiVBQyUwQUhhbHYlMjBkYWclMjAxODAlMjAlRTIlODIlQUMlMEFLdiVDMyVBNGxsJTIwMTEwJTIwJUUyJTgyJUFDJTNDJTJGdGQlM0UlMEElM0MlMkZ0ciUzRSUwQSUzQ3RyJTNFJTBBJTNDdGQlM0VLb21iaW5lcmFkJTIwbG9rYWwlMjAlMjhWZXNrdSUyMCUyQiUyME1hc3RvJTIwJTJCJTIwTGFudSUyOSUyMCUzQyUyRnRkJTNFJTBBJTNDdGQlM0UxNzFtMiUzQyUyRnRkJTNFJTBBJTNDdGQlM0VTa29sc2l0dG5pbmclMjAxMTAlMjBwbGF0c2VyJTBBQmlvc2l0dG5pbmclMjAxNTAlMjBwbGF0c2VyJTBBJTNDJTJGdGQlM0UlMEElM0N0ZCUzRUhlbCUyMGRhZyUyMDUwMCUyMCVFMiU4MiVBQyUwQUhhbHYlMjBkYWclMjA0NTAlMjAlRTIlODIlQUMlMEFLdiVDMyVBNGxsJTIwMzAwJTIwJUUyJTgyJUFDJTNDJTJGdGQlM0UlMEElM0MlMkZ0ciUzRSUwQSUzQ3RyJTNFJTBBJTNDdGQlM0VMJUMzJUE0aGRlJTNDJTJGdGQlM0UlMEElM0N0ZCUzRTI3bTIlM0MlMkZ0ZCUzRSUwQSUzQ3RkJTNFU3R5cmVsc2VzaXR0bmluZyUyMDEwJTIwcGxhdHNlciUwQVNrb2xzaXR0bmluZyUyMDEwJTIwcGxhdHNlciUwQVUtc2l0dG5pbmclMjAxMCUyMHBsYXRzZXIlMEFCaW9zaXR0bmluZyUyMDE1JTIwcGxhdHNlciUwQSUzQyUyRnRkJTNFJTBBJTNDdGQlM0VIZWwlMjBkYWclMjAxMDAlMjAlRTIlODIlQUMlMEFIYWx2JTIwZGFnJTIwOTAlMjAlRTIlODIlQUMlMEFLdiVDMyVBNGxsJTIwODAlMjAlRTIlODIlQUMlM0MlMkZ0ZCUzRSUwQSUzQyUyRnRyJTNFJTBBJTNDdHIlM0UlMEElM0N0ZCUzRVNhbHBwdXJpJTNDJTJGdGQlM0UlMEElM0N0ZCUzRTg5bTIlM0MlMkZ0ZCUzRSUwQSUzQ3RkJTNFU2tvbHNpdHRuaW5nJTIwNTAlMjBwbGF0c2VyJTBBVS1zaXR0bmluZyUyMDMwJTIwcGxhdHNlciUwQUJpb3NpdHRuaW5nJTIwNzAlMjBwbGF0c2VyJTBBJUMzJTk2LXNpdHRuaW5nJTIwNiUyMHglMjA1JTIwcGxhdHNlciUwQSUzQyUyRnRkJTNFJTBBJTNDdGQlM0VIZWwlMjBkYWclMjAyNTAlMjAlRTIlODIlQUMlMEFIYWx2JTIwZGFnJTIwMjMwJTIwJUUyJTgyJUFDJTBBS3YlQzMlQTRsbCUyMDE1MCUyMCVFMiU4MiVBQyUzQyUyRnRkJTNFJTBBJTNDJTJGdHIlM0UlMEElM0N0ciUzRSUwQSUzQ3RkJTNFTWFyc2tpJTNDJTJGdGQlM0UlMEElM0N0ZCUzRTMwbTIlM0MlMkZ0ZCUzRSUwQSUzQ3RkJTNFU3R5cmVsc2VzaXR0bmluZyUyMDEyJTIwcGxhdHNlciUwQVNrb2xzaXR0bmluZyUyMDEwJTIwcGxhdHNlciUwQUJpb3NpdHRuaW5nJTIwMTUlMjBwbGF0c2VyJTBBJTNDJTJGdGQlM0UlMEElM0N0ZCUzRUhlbCUyMGRhZyUyMDEwMCUyMCVFMiU4MiVBQyUwQUhhbHYlMjBkYWclMjA5MCUyMCVFMiU4MiVBQyUwQUt2JUMzJUE0bGwlMjA4MCUyMCVFMiU4MiVBQyUzQyUyRnRkJTNFJTBBJTNDJTJGdHIlM0UlMEElM0MlMkZ0Ym9keSUzRSUwQSUzQyUyRnRhYmxlJTNFJTBBJTI2bmJzcCUzQiUwQQ==[\/vc_raw_html][\/vc_column][\/vc_row]<\/p>\n","protected":false},"excerpt":{"rendered":"<p>[vc_row css=&#8221;.vc_custom_1587822915047{background-color: #aedea8 !important;}&#8221;][vc_column][vc_column_text] +358 10 423 9392 och events@greenstar.fi [\/vc_column_text][\/vc_column][\/vc_row][vc_row][vc_column width=&#8221;1\/2&#8243;][vc_column_text]GreenMeeting: koldioxidneutrala konferenser och evenemang Vi erbjuder effektiva konferensrum<\/p>\n<a href=\"https:\/\/www.greenstar.fi\/sv\/hotell\/lahti\/greenmeeting\/\" class=\"sohohotel-more-link\">Read More<i class=\"fa fa-angle-right\"><\/i><\/a>","protected":false},"author":1,"featured_media":0,"parent":1390,"menu_order":0,"comment_status":"closed","ping_status":"closed","template":"page-modules.php","meta":{"_acf_changed":false,"footnotes":""},"class_list":["post-2933","page","type-page","status-publish","hentry"],"acf":[],"yoast_head":"<!-- This site is optimized with the Yoast SEO plugin v27.4 - https:\/\/yoast.com\/product\/yoast-seo-wordpress\/ -->\n<title>GreenMeeting - GreenStar Hotels<\/title>\n<meta name=\"robots\" content=\"index, follow, max-snippet:-1, max-image-preview:large, max-video-preview:-1\" \/>\n<link rel=\"canonical\" href=\"https:\/\/www.greenstar.fi\/sv\/hotell\/lahti\/greenmeeting\/\" \/>\n<meta property=\"og:locale\" content=\"sv_SE\" \/>\n<meta property=\"og:type\" content=\"article\" \/>\n<meta property=\"og:title\" content=\"GreenMeeting - GreenStar Hotels\" \/>\n<meta property=\"og:description\" content=\"[vc_row css=&#8221;.vc_custom_1587822915047{background-color: #aedea8 !important;}&#8221;][vc_column][vc_column_text] +358 10 423 9392 och events@greenstar.fi [\/vc_column_text][\/vc_column][\/vc_row][vc_row][vc_column width=&#8221;1\/2&#8243;][vc_column_text]GreenMeeting: koldioxidneutrala konferenser och evenemang Vi erbjuder effektiva konferensrum\" \/>\n<meta property=\"og:url\" content=\"https:\/\/www.greenstar.fi\/sv\/hotell\/lahti\/greenmeeting\/\" \/>\n<meta property=\"og:site_name\" content=\"GreenStar Hotels\" \/>\n<meta property=\"article:modified_time\" content=\"2025-06-24T09:19:14+00:00\" \/>\n<meta name=\"twitter:card\" content=\"summary_large_image\" \/>\n<meta name=\"twitter:label1\" content=\"Ber\u00e4knad l\u00e4stid\" \/>\n\t<meta name=\"twitter:data1\" content=\"1 minut\" \/>\n<script type=\"application\/ld+json\" class=\"yoast-schema-graph\">{\"@context\":\"https:\\\/\\\/schema.org\",\"@graph\":[{\"@type\":\"WebPage\",\"@id\":\"https:\\\/\\\/www.greenstar.fi\\\/sv\\\/hotell\\\/lahti\\\/greenmeeting\\\/\",\"url\":\"https:\\\/\\\/www.greenstar.fi\\\/sv\\\/hotell\\\/lahti\\\/greenmeeting\\\/\",\"name\":\"GreenMeeting - GreenStar Hotels\",\"isPartOf\":{\"@id\":\"https:\\\/\\\/www.greenstar.fi\\\/sv\\\/#website\"},\"datePublished\":\"2020-05-11T21:28:17+00:00\",\"dateModified\":\"2025-06-24T09:19:14+00:00\",\"breadcrumb\":{\"@id\":\"https:\\\/\\\/www.greenstar.fi\\\/sv\\\/hotell\\\/lahti\\\/greenmeeting\\\/#breadcrumb\"},\"inLanguage\":\"sv-SE\",\"potentialAction\":[{\"@type\":\"ReadAction\",\"target\":[\"https:\\\/\\\/www.greenstar.fi\\\/sv\\\/hotell\\\/lahti\\\/greenmeeting\\\/\"]}]},{\"@type\":\"BreadcrumbList\",\"@id\":\"https:\\\/\\\/www.greenstar.fi\\\/sv\\\/hotell\\\/lahti\\\/greenmeeting\\\/#breadcrumb\",\"itemListElement\":[{\"@type\":\"ListItem\",\"position\":1,\"name\":\"Etusivu\",\"item\":\"https:\\\/\\\/www.greenstar.fi\\\/sv\\\/\"},{\"@type\":\"ListItem\",\"position\":2,\"name\":\"Hotell\",\"item\":\"https:\\\/\\\/www.greenstar.fi\\\/sv\\\/hotell\\\/\"},{\"@type\":\"ListItem\",\"position\":3,\"name\":\"GreenStar Hotel Lahti\",\"item\":\"https:\\\/\\\/www.greenstar.fi\\\/sv\\\/hotell\\\/lahti\\\/\"},{\"@type\":\"ListItem\",\"position\":4,\"name\":\"GreenMeeting\"}]},{\"@type\":\"WebSite\",\"@id\":\"https:\\\/\\\/www.greenstar.fi\\\/sv\\\/#website\",\"url\":\"https:\\\/\\\/www.greenstar.fi\\\/sv\\\/\",\"name\":\"GreenStar Hotels\",\"description\":\"GreenStar Hotels\",\"potentialAction\":[{\"@type\":\"SearchAction\",\"target\":{\"@type\":\"EntryPoint\",\"urlTemplate\":\"https:\\\/\\\/www.greenstar.fi\\\/sv\\\/?s={search_term_string}\"},\"query-input\":{\"@type\":\"PropertyValueSpecification\",\"valueRequired\":true,\"valueName\":\"search_term_string\"}}],\"inLanguage\":\"sv-SE\"}]}<\/script>\n<!-- \/ Yoast SEO plugin. -->","yoast_head_json":{"title":"GreenMeeting - GreenStar Hotels","robots":{"index":"index","follow":"follow","max-snippet":"max-snippet:-1","max-image-preview":"max-image-preview:large","max-video-preview":"max-video-preview:-1"},"canonical":"https:\/\/www.greenstar.fi\/sv\/hotell\/lahti\/greenmeeting\/","og_locale":"sv_SE","og_type":"article","og_title":"GreenMeeting - GreenStar Hotels","og_description":"[vc_row css=&#8221;.vc_custom_1587822915047{background-color: #aedea8 !important;}&#8221;][vc_column][vc_column_text] +358 10 423 9392 och events@greenstar.fi [\/vc_column_text][\/vc_column][\/vc_row][vc_row][vc_column width=&#8221;1\/2&#8243;][vc_column_text]GreenMeeting: koldioxidneutrala konferenser och evenemang Vi erbjuder effektiva konferensrum","og_url":"https:\/\/www.greenstar.fi\/sv\/hotell\/lahti\/greenmeeting\/","og_site_name":"GreenStar Hotels","article_modified_time":"2025-06-24T09:19:14+00:00","twitter_card":"summary_large_image","twitter_misc":{"Ber\u00e4knad l\u00e4stid":"1 minut"},"schema":{"@context":"https:\/\/schema.org","@graph":[{"@type":"WebPage","@id":"https:\/\/www.greenstar.fi\/sv\/hotell\/lahti\/greenmeeting\/","url":"https:\/\/www.greenstar.fi\/sv\/hotell\/lahti\/greenmeeting\/","name":"GreenMeeting - GreenStar Hotels","isPartOf":{"@id":"https:\/\/www.greenstar.fi\/sv\/#website"},"datePublished":"2020-05-11T21:28:17+00:00","dateModified":"2025-06-24T09:19:14+00:00","breadcrumb":{"@id":"https:\/\/www.greenstar.fi\/sv\/hotell\/lahti\/greenmeeting\/#breadcrumb"},"inLanguage":"sv-SE","potentialAction":[{"@type":"ReadAction","target":["https:\/\/www.greenstar.fi\/sv\/hotell\/lahti\/greenmeeting\/"]}]},{"@type":"BreadcrumbList","@id":"https:\/\/www.greenstar.fi\/sv\/hotell\/lahti\/greenmeeting\/#breadcrumb","itemListElement":[{"@type":"ListItem","position":1,"name":"Etusivu","item":"https:\/\/www.greenstar.fi\/sv\/"},{"@type":"ListItem","position":2,"name":"Hotell","item":"https:\/\/www.greenstar.fi\/sv\/hotell\/"},{"@type":"ListItem","position":3,"name":"GreenStar Hotel Lahti","item":"https:\/\/www.greenstar.fi\/sv\/hotell\/lahti\/"},{"@type":"ListItem","position":4,"name":"GreenMeeting"}]},{"@type":"WebSite","@id":"https:\/\/www.greenstar.fi\/sv\/#website","url":"https:\/\/www.greenstar.fi\/sv\/","name":"GreenStar Hotels","description":"GreenStar Hotels","potentialAction":[{"@type":"SearchAction","target":{"@type":"EntryPoint","urlTemplate":"https:\/\/www.greenstar.fi\/sv\/?s={search_term_string}"},"query-input":{"@type":"PropertyValueSpecification","valueRequired":true,"valueName":"search_term_string"}}],"inLanguage":"sv-SE"}]}},"_links":{"self":[{"href":"https:\/\/www.greenstar.fi\/sv\/wp-json\/wp\/v2\/pages\/2933","targetHints":{"allow":["GET"]}}],"collection":[{"href":"https:\/\/www.greenstar.fi\/sv\/wp-json\/wp\/v2\/pages"}],"about":[{"href":"https:\/\/www.greenstar.fi\/sv\/wp-json\/wp\/v2\/types\/page"}],"author":[{"embeddable":true,"href":"https:\/\/www.greenstar.fi\/sv\/wp-json\/wp\/v2\/users\/1"}],"replies":[{"embeddable":true,"href":"https:\/\/www.greenstar.fi\/sv\/wp-json\/wp\/v2\/comments?post=2933"}],"version-history":[{"count":12,"href":"https:\/\/www.greenstar.fi\/sv\/wp-json\/wp\/v2\/pages\/2933\/revisions"}],"predecessor-version":[{"id":7180,"href":"https:\/\/www.greenstar.fi\/sv\/wp-json\/wp\/v2\/pages\/2933\/revisions\/7180"}],"up":[{"embeddable":true,"href":"https:\/\/www.greenstar.fi\/sv\/wp-json\/wp\/v2\/pages\/1390"}],"wp:attachment":[{"href":"https:\/\/www.greenstar.fi\/sv\/wp-json\/wp\/v2\/media?parent=2933"}],"curies":[{"name":"wp","href":"https:\/\/api.w.org\/{rel}","templated":true}]}}