{"id":3038,"date":"2020-05-16T13:09:26","date_gmt":"2020-05-16T13:09:26","guid":{"rendered":"https:\/\/unruffled-jemison.185-55-85-19.plesk.page\/foretags-eller-gruppresor-2\/"},"modified":"2025-06-26T14:27:32","modified_gmt":"2025-06-26T14:27:32","slug":"foretags-eller-gruppresor","status":"publish","type":"page","link":"https:\/\/www.greenstar.fi\/sv\/foretags-eller-gruppresor\/","title":{"rendered":"F\u00f6retags- eller gruppresor"},"content":{"rendered":"<p>[vc_row css=&#8221;.vc_custom_1587822466579{background-color: #aedea8 !important;}&#8221;][vc_column]<section class=\"sohohotel-clearfix sohohotel-call-to-action-1-section\" style=\"background:url() no-repeat center top;\">\n\n\t\t<div class=\"sohohotel-call-to-action-1-section-inner\">\n\n\t\t\t<h3>Kom ih\u00e5g att anv\u00e4nda din bokningskod n\u00e4r du ska boka!<\/h3>\n\t\t\t<a href=\"https:\/\/www.greenstar.fi\/sv\/boka\/\" class=\"sohohotel-button0\">Boka<i class=\"fa fa-angle-right\"><\/i><\/a>\n\n\t\t<\/div>\n\n\t<\/section>[\/vc_column][\/vc_row][vc_row][vc_column][vc_empty_space height=&#8221;64px&#8221;][\/vc_column][\/vc_row][vc_row][vc_column width=&#8221;1\/2&#8243;]<div class=\"sohohotel-title3 sohohotel-title-color\"><h4>Boendet kan bli en del av ditt f\u00f6retags h\u00e5llbarhetsstrategi<\/h4><\/div>[vc_column_text]<\/p>\n<div class=\"wpb_text_column wpb_content_element \">\n<div class=\"wpb_wrapper\">\n<p>Vi p\u00e5 GreenStar \u00f6vervakar, minskar och kompenserar f\u00f6r v\u00e5ra utsl\u00e4pp av v\u00e4xthusgaser.<br \/>\n<strong>Att skydda klimatet och milj\u00f6n \u00e4r inte en \u00f6verg\u00e5ende trend, det \u00e4r n\u00e5got som kommer att bli allt viktigare inom samh\u00e4llets alla delar<\/strong>. Det finns ett \u00f6kande internt tryck inom f\u00f6retag att se \u00f6ver den egna verksamhetens h\u00e5llbarhetsarbete. I v\u00e5r omv\u00e4rld har den h\u00e4r v\u00e4xande trenden b\u00f6rjat v\u00e4gleda konsumenter i deras beslut och dessutom blivit ett av de viktigaste k\u00f6pkriterierna inom B2B.<\/p>\n<p><strong>Oavsett om din verksamhet \u00e4r stor eller liten kan ett samarbete med GreenStar bli ett genuint och effektivt bidrag till f\u00f6retagets h\u00e5llbarhetsstrategi.<\/strong> Ett milj\u00f6v\u00e4nligt t\u00e4nkande utg\u00f6r grunden f\u00f6r v\u00e5r f\u00f6retagsmodell och vi anses vara pionj\u00e4rer i v\u00e5r bransch i Finland.<\/p>\n<p>F\u00f6r mer information om GreenStars koldioxidneutrala milj\u00f6t\u00e4nk, klicka <a href=\"https:\/\/www.greenstar.fi\/sv\/om-oss\/\">h\u00e4r<\/a>.<\/p>\n<\/div>\n<\/div>\n<p>[\/vc_column_text][\/vc_column][vc_column width=&#8221;1\/2&#8243;]<div class=\"sohohotel-title3 sohohotel-title-color\"><h4>V\u00e5rt s\u00e4ljteam<\/h4><\/div>[vc_tta_accordion active_section=&#8221;0&#8243; collapsible_all=&#8221;true&#8221;][vc_tta_section title=&#8221;GreenStar Hotel Jyv\u00e4skyl\u00e4&#8221; tab_id=&#8221;1581077725417-cfbad06c-e270&#8243;][vc_row_inner][vc_column_inner width=&#8221;1\/2&#8243;]<div class=\"sohohotel-title3 sohohotel-title-color\"><h4>Sirpa L\u00e4ntinen<\/h4><\/div><ul class=\"sohohotel-contact-details-list sohohotel-contact-details-list-2\"><li class=\"sohohotel-address clearfix\">GreenStar Hotel Jyv\u00e4skyl\u00e4<\/li><li class=\"sohohotel-phone clearfix\">+358 50 468 4658<\/li><li class=\"sohohotel-email clearfix\"><a href=\"mailto:sirpa.lantinen@greenstar.fi\">sirpa.lantinen@greenstar.fi<\/a><\/li><\/ul>[\/vc_column_inner][vc_column_inner width=&#8221;1\/2&#8243;]<div class=\"sohohotel-title3 sohohotel-title-color\"><h4>Susanna Iljin<\/h4><\/div><ul class=\"sohohotel-contact-details-list sohohotel-contact-details-list-2\"><li class=\"sohohotel-address clearfix\">GreenStar Hotel Jyv\u00e4skyl\u00e4<\/li><li class=\"sohohotel-phone clearfix\">+358 50 471 1517<\/li><li class=\"sohohotel-email clearfix\"><a href=\"mailto:susanna.iljin@greenstar.fi\">susanna.iljin@greenstar.fi<\/a><\/li><\/ul>[\/vc_column_inner][\/vc_row_inner][\/vc_tta_section][vc_tta_section title=&#8221;GreenStar Hotel Joensuu&#8221; tab_id=&#8221;1581077725419-f27decfb-60fe&#8221;][vc_row_inner][vc_column_inner]<div class=\"sohohotel-title3 sohohotel-title-color\"><h4>Mika Ahonen<\/h4><\/div><ul class=\"sohohotel-contact-details-list sohohotel-contact-details-list-2\"><li class=\"sohohotel-address clearfix\">GreenStar Hotel Joensuu<\/li><li class=\"sohohotel-phone clearfix\">+358 40 566 9220<\/li><li class=\"sohohotel-email clearfix\"><a href=\"mailto:mika.ahonen@greenstar.fi\">mika.ahonen@greenstar.fi<\/a><\/li><\/ul>[\/vc_column_inner][\/vc_row_inner][\/vc_tta_section][vc_tta_section title=&#8221;GreenStar Hotel Lahti&#8221; tab_id=&#8221;1581077948612-08446925-578a&#8221;]<div class=\"sohohotel-title3 sohohotel-title-color\"><h4>Mikko Heinonen<\/h4><\/div><ul class=\"sohohotel-contact-details-list sohohotel-contact-details-list-2\"><li class=\"sohohotel-address clearfix\">GreenStar Hotel Lahti<\/li><li class=\"sohohotel-phone clearfix\">+358 40 565 91 49<\/li><li class=\"sohohotel-email clearfix\"><a href=\"mailto:mikko.heinonen@greenstar.fi\">mikko.heinonen@greenstar.fi<\/a><\/li><\/ul>[\/vc_tta_section][vc_tta_section title=&#8221;GreenStar Hotel Vaasa&#8221; tab_id=&#8221;1581077994600-036397ff-b52f&#8221;]<div class=\"sohohotel-title3 sohohotel-title-color\"><h4>Jani Nurminen<\/h4><\/div><ul class=\"sohohotel-contact-details-list sohohotel-contact-details-list-2\"><li class=\"sohohotel-address clearfix\">GreenStar Hotel Vaasa<\/li><li class=\"sohohotel-phone clearfix\">+358 50 354 5480<\/li><li class=\"sohohotel-email clearfix\"><a href=\"mailto:jani.nurminen@greenstar.fi\">jani.nurminen@greenstar.fi<\/a><\/li><\/ul>[\/vc_tta_section][\/vc_tta_accordion][\/vc_column][\/vc_row][vc_row css=&#8221;.vc_custom_1587822211319{background-color: #aedea8 !important;}&#8221;][vc_column][vc_empty_space][vc_column_text]<\/p>\n<h4 style=\"text-align: center;\"><span class=\"im\">Skicka ett meddelande till oss &#8211;\u00a0 <a href=\"mailto:sales@greenstar.fi\" target=\"_blank\" rel=\"noopener noreferrer\">sales@greenstar.fi<\/a><\/span><\/h4>\n<p>[\/vc_column_text][\/vc_column][\/vc_row][vc_row][vc_column width=&#8221;1\/2&#8243; css=&#8221;.vc_custom_1579647571082{padding-right: -5px !important;padding-left: -5px !important;}&#8221;]<div class=\"sohohotel-title3 sohohotel-title-color\"><h4>F\u00f6r en bra start p\u00e5 dagen<\/h4><\/div>[vc_column_text]<\/p>\n<div class=\"wpb_text_column wpb_content_element \">\n<div class=\"wpb_wrapper\">\n<div class=\"wpb_text_column wpb_content_element vc_custom_1580464597218\">\n<div class=\"wpb_wrapper\">\n<p>Om du reser ofta, s\u00f6ker boende f\u00f6r en l\u00e4ngre period eller beh\u00f6ver boende f\u00f6r m\u00e5nga personer \u00e4r det viktigt med en smidig process. Oftast \u00e4r ocks\u00e5 priset en avg\u00f6rande faktor.<\/p>\n<p><strong>D\u00e4rf\u00f6r \u00e4r GreenStar ett smart val f\u00f6r f\u00f6retag och grupper: <\/strong><\/p>\n<ul>\n<li>Alla v\u00e5ra hotell ligger n\u00e4ra stadsk\u00e4rnan, den lokala j\u00e4rnv\u00e4gsstationen och andra transportm\u00f6jligheter. Det g\u00e5r alltid snabbt och enkelt att ta sig till oss.<\/li>\n<li>V\u00e5ra rumspriser ger mycket f\u00f6r pengarna. Priset \u00e4r alltid detsamma, oavsett hur m\u00e5nga personer som \u00f6vernattar i rummet.<\/li>\n<li>Det \u00e4r enkelt att boka rum med hj\u00e4lp av den bokningskod som vi ger din grupp. Rum bokas antingen p\u00e5 hemsidan eller genom att kontakta receptionen.<\/li>\n<\/ul>\n<\/div>\n<\/div>\n<\/div>\n<\/div>\n<p>[\/vc_column_text][vc_empty_space css=&#8221;.vc_custom_1580764036005{background-color: #ffffff !important;}&#8221;][\/vc_column][vc_column width=&#8221;1\/2&#8243;][vc_single_image image=&#8221;799&#8243; img_size=&#8221;large&#8221; alignment=&#8221;center&#8221;][\/vc_column][\/vc_row]<\/p>\n","protected":false},"excerpt":{"rendered":"<p>[vc_row css=&#8221;.vc_custom_1587822466579{background-color: #aedea8 !important;}&#8221;][vc_column][\/vc_column][\/vc_row][vc_row][vc_column][vc_empty_space height=&#8221;64px&#8221;][\/vc_column][\/vc_row][vc_row][vc_column width=&#8221;1\/2&#8243;][vc_column_text] Vi p\u00e5 GreenStar \u00f6vervakar, minskar och kompenserar f\u00f6r v\u00e5ra utsl\u00e4pp av v\u00e4xthusgaser. Att skydda<\/p>\n<a href=\"https:\/\/www.greenstar.fi\/sv\/foretags-eller-gruppresor\/\" class=\"sohohotel-more-link\">Read More<i class=\"fa fa-angle-right\"><\/i><\/a>","protected":false},"author":1,"featured_media":0,"parent":0,"menu_order":0,"comment_status":"closed","ping_status":"closed","template":"page-modules.php","meta":{"_acf_changed":false,"footnotes":""},"class_list":["post-3038","page","type-page","status-publish","hentry"],"acf":[],"yoast_head":"<!-- This site is optimized with the Yoast SEO plugin v27.4 - https:\/\/yoast.com\/product\/yoast-seo-wordpress\/ -->\n<title>F\u00f6retags- eller gruppresor - GreenStar Hotels<\/title>\n<meta name=\"robots\" content=\"index, follow, max-snippet:-1, max-image-preview:large, max-video-preview:-1\" \/>\n<link rel=\"canonical\" href=\"https:\/\/www.greenstar.fi\/sv\/foretags-eller-gruppresor\/\" \/>\n<meta property=\"og:locale\" content=\"sv_SE\" \/>\n<meta property=\"og:type\" content=\"article\" \/>\n<meta property=\"og:title\" content=\"F\u00f6retags- eller gruppresor - GreenStar Hotels\" \/>\n<meta property=\"og:description\" content=\"[vc_row css=&#8221;.vc_custom_1587822466579{background-color: #aedea8 !important;}&#8221;][vc_column][\/vc_column][\/vc_row][vc_row][vc_column][vc_empty_space height=&#8221;64px&#8221;][\/vc_column][\/vc_row][vc_row][vc_column width=&#8221;1\/2&#8243;][vc_column_text] Vi p\u00e5 GreenStar \u00f6vervakar, minskar och kompenserar f\u00f6r v\u00e5ra utsl\u00e4pp av v\u00e4xthusgaser. Att skydda\" \/>\n<meta property=\"og:url\" content=\"https:\/\/www.greenstar.fi\/sv\/foretags-eller-gruppresor\/\" \/>\n<meta property=\"og:site_name\" content=\"GreenStar Hotels\" \/>\n<meta property=\"article:modified_time\" content=\"2025-06-26T14:27:32+00:00\" \/>\n<meta name=\"twitter:card\" content=\"summary_large_image\" \/>\n<meta name=\"twitter:label1\" content=\"Ber\u00e4knad l\u00e4stid\" \/>\n\t<meta name=\"twitter:data1\" content=\"3 minuter\" \/>\n<script type=\"application\/ld+json\" class=\"yoast-schema-graph\">{\"@context\":\"https:\\\/\\\/schema.org\",\"@graph\":[{\"@type\":\"WebPage\",\"@id\":\"https:\\\/\\\/www.greenstar.fi\\\/sv\\\/foretags-eller-gruppresor\\\/\",\"url\":\"https:\\\/\\\/www.greenstar.fi\\\/sv\\\/foretags-eller-gruppresor\\\/\",\"name\":\"F\u00f6retags- eller gruppresor - GreenStar Hotels\",\"isPartOf\":{\"@id\":\"https:\\\/\\\/www.greenstar.fi\\\/sv\\\/#website\"},\"datePublished\":\"2020-05-16T13:09:26+00:00\",\"dateModified\":\"2025-06-26T14:27:32+00:00\",\"breadcrumb\":{\"@id\":\"https:\\\/\\\/www.greenstar.fi\\\/sv\\\/foretags-eller-gruppresor\\\/#breadcrumb\"},\"inLanguage\":\"sv-SE\",\"potentialAction\":[{\"@type\":\"ReadAction\",\"target\":[\"https:\\\/\\\/www.greenstar.fi\\\/sv\\\/foretags-eller-gruppresor\\\/\"]}]},{\"@type\":\"BreadcrumbList\",\"@id\":\"https:\\\/\\\/www.greenstar.fi\\\/sv\\\/foretags-eller-gruppresor\\\/#breadcrumb\",\"itemListElement\":[{\"@type\":\"ListItem\",\"position\":1,\"name\":\"Etusivu\",\"item\":\"https:\\\/\\\/www.greenstar.fi\\\/sv\\\/\"},{\"@type\":\"ListItem\",\"position\":2,\"name\":\"F\u00f6retags- eller gruppresor\"}]},{\"@type\":\"WebSite\",\"@id\":\"https:\\\/\\\/www.greenstar.fi\\\/sv\\\/#website\",\"url\":\"https:\\\/\\\/www.greenstar.fi\\\/sv\\\/\",\"name\":\"GreenStar Hotels\",\"description\":\"GreenStar Hotels\",\"potentialAction\":[{\"@type\":\"SearchAction\",\"target\":{\"@type\":\"EntryPoint\",\"urlTemplate\":\"https:\\\/\\\/www.greenstar.fi\\\/sv\\\/?s={search_term_string}\"},\"query-input\":{\"@type\":\"PropertyValueSpecification\",\"valueRequired\":true,\"valueName\":\"search_term_string\"}}],\"inLanguage\":\"sv-SE\"}]}<\/script>\n<!-- \/ Yoast SEO plugin. -->","yoast_head_json":{"title":"F\u00f6retags- eller gruppresor - GreenStar Hotels","robots":{"index":"index","follow":"follow","max-snippet":"max-snippet:-1","max-image-preview":"max-image-preview:large","max-video-preview":"max-video-preview:-1"},"canonical":"https:\/\/www.greenstar.fi\/sv\/foretags-eller-gruppresor\/","og_locale":"sv_SE","og_type":"article","og_title":"F\u00f6retags- eller gruppresor - GreenStar Hotels","og_description":"[vc_row css=&#8221;.vc_custom_1587822466579{background-color: #aedea8 !important;}&#8221;][vc_column][\/vc_column][\/vc_row][vc_row][vc_column][vc_empty_space height=&#8221;64px&#8221;][\/vc_column][\/vc_row][vc_row][vc_column width=&#8221;1\/2&#8243;][vc_column_text] Vi p\u00e5 GreenStar \u00f6vervakar, minskar och kompenserar f\u00f6r v\u00e5ra utsl\u00e4pp av v\u00e4xthusgaser. Att skydda","og_url":"https:\/\/www.greenstar.fi\/sv\/foretags-eller-gruppresor\/","og_site_name":"GreenStar Hotels","article_modified_time":"2025-06-26T14:27:32+00:00","twitter_card":"summary_large_image","twitter_misc":{"Ber\u00e4knad l\u00e4stid":"3 minuter"},"schema":{"@context":"https:\/\/schema.org","@graph":[{"@type":"WebPage","@id":"https:\/\/www.greenstar.fi\/sv\/foretags-eller-gruppresor\/","url":"https:\/\/www.greenstar.fi\/sv\/foretags-eller-gruppresor\/","name":"F\u00f6retags- eller gruppresor - GreenStar Hotels","isPartOf":{"@id":"https:\/\/www.greenstar.fi\/sv\/#website"},"datePublished":"2020-05-16T13:09:26+00:00","dateModified":"2025-06-26T14:27:32+00:00","breadcrumb":{"@id":"https:\/\/www.greenstar.fi\/sv\/foretags-eller-gruppresor\/#breadcrumb"},"inLanguage":"sv-SE","potentialAction":[{"@type":"ReadAction","target":["https:\/\/www.greenstar.fi\/sv\/foretags-eller-gruppresor\/"]}]},{"@type":"BreadcrumbList","@id":"https:\/\/www.greenstar.fi\/sv\/foretags-eller-gruppresor\/#breadcrumb","itemListElement":[{"@type":"ListItem","position":1,"name":"Etusivu","item":"https:\/\/www.greenstar.fi\/sv\/"},{"@type":"ListItem","position":2,"name":"F\u00f6retags- eller gruppresor"}]},{"@type":"WebSite","@id":"https:\/\/www.greenstar.fi\/sv\/#website","url":"https:\/\/www.greenstar.fi\/sv\/","name":"GreenStar Hotels","description":"GreenStar Hotels","potentialAction":[{"@type":"SearchAction","target":{"@type":"EntryPoint","urlTemplate":"https:\/\/www.greenstar.fi\/sv\/?s={search_term_string}"},"query-input":{"@type":"PropertyValueSpecification","valueRequired":true,"valueName":"search_term_string"}}],"inLanguage":"sv-SE"}]}},"_links":{"self":[{"href":"https:\/\/www.greenstar.fi\/sv\/wp-json\/wp\/v2\/pages\/3038","targetHints":{"allow":["GET"]}}],"collection":[{"href":"https:\/\/www.greenstar.fi\/sv\/wp-json\/wp\/v2\/pages"}],"about":[{"href":"https:\/\/www.greenstar.fi\/sv\/wp-json\/wp\/v2\/types\/page"}],"author":[{"embeddable":true,"href":"https:\/\/www.greenstar.fi\/sv\/wp-json\/wp\/v2\/users\/1"}],"replies":[{"embeddable":true,"href":"https:\/\/www.greenstar.fi\/sv\/wp-json\/wp\/v2\/comments?post=3038"}],"version-history":[{"count":38,"href":"https:\/\/www.greenstar.fi\/sv\/wp-json\/wp\/v2\/pages\/3038\/revisions"}],"predecessor-version":[{"id":7255,"href":"https:\/\/www.greenstar.fi\/sv\/wp-json\/wp\/v2\/pages\/3038\/revisions\/7255"}],"wp:attachment":[{"href":"https:\/\/www.greenstar.fi\/sv\/wp-json\/wp\/v2\/media?parent=3038"}],"curies":[{"name":"wp","href":"https:\/\/api.w.org\/{rel}","templated":true}]}}