{"id":3058,"date":"2020-05-16T15:01:47","date_gmt":"2020-05-16T15:01:47","guid":{"rendered":"https:\/\/unruffled-jemison.185-55-85-19.plesk.page\/tjanster-detaljer\/"},"modified":"2024-02-07T12:10:35","modified_gmt":"2024-02-07T12:10:35","slug":"tjanster-detaljer","status":"publish","type":"page","link":"https:\/\/www.greenstar.fi\/sv\/tjanster-detaljer\/","title":{"rendered":"Tj\u00e4nster &#8211; detaljer"},"content":{"rendered":"<p>[vc_row css=&#8221;.vc_custom_1590323607393{background-color: #aedea8 !important;}&#8221; el_id=&#8221;Free&#8221;][vc_column]<div class=\"sohohotel-title3 sohohotel-title-color\"><h4>Grundl\u00e4ggande tj\u00e4nster<\/h4><\/div>[\/vc_column][\/vc_row][vc_row el_id=&#8221;basicservices&#8221;][vc_column][vc_column_text]Seuraavat peruspalvelut voi valita huonevarauksen yhteydess\u00e4. Huomaathan, ett\u00e4 ne eiv\u00e4t automaattisesti kuulu huonehintaan eli maksat vain siit\u00e4, mit\u00e4 tarvitset.<\/p>\n<h3>GreenStarin aamiainen<\/h3>\n<p>Etuk\u00e4teen tilatun aamiaisen hinta on 12,00 \u20ac. Paikan p\u00e4\u00e4lt\u00e4 tilattuna aamiainen maksaa 14,00 \u20ac.\u00a0 4-12-vuotiaiden lasten aamiainen 8 \u20ac, alle 3-vuotiaat sy\u00f6v\u00e4t ilmaiseksi.<\/p>\n<h3>Pys\u00e4k\u00f6inti<\/h3>\n<p>Pys\u00e4k\u00f6innin hinta 13 \u20ac\/p\u00e4iv\u00e4.<\/p>\n<h3>Lasten lis\u00e4vuoteet<\/h3>\n<p>Lapsille on varattavissa pinnas\u00e4nkyj\u00e4 ja junnupatjoja\/junnus\u00e4nkyj\u00e4. Hinta vaihtelee hieman hotelleittain. Kun olet valinnut varausj\u00e4rjestelm\u00e4ss\u00e4 haluamasi hotellin, majoittumisajan ja henkil\u00f6jen m\u00e4\u00e4r\u00e4n (j\u00e4t\u00e4 t\u00e4st\u00e4 pois lis\u00e4vuoteilla nukkuvat lapset), n\u00e4et seuraavalla sivulla lis\u00e4vuodevalikoiman hintoineen.[\/vc_column_text][\/vc_column][\/vc_row][vc_row el_id=&#8221;ilmaiset&#8221; css=&#8221;.vc_custom_1583834416629{background-color: #aedea8 !important;}&#8221;][vc_column]<div class=\"sohohotel-title3 sohohotel-title-color\"><h4>Gratistj\u00e4nster<\/h4><\/div>[\/vc_column][\/vc_row][vc_row][vc_column][vc_column_text]<\/p>\n<h3>Gratis ekologiskt te och kaffe<\/h3>\n<p>N\u00e4r receptionen \u00e4r \u00f6ppen kan v\u00e5ra g\u00e4ster f\u00f6rse sig med te och kaffe utan kostnad i lobbyn. I den bekv\u00e4ma, hemtrevliga lobbyn sitter man g\u00e4rna ner en stund. Packa upp datorn f\u00f6r ett arbetspass eller bara slappna av och njut av dagen \u2013 med en varm dryck, s\u00e5klart. Det te och kaffe som vi serverar \u00e4r alltid ekologiskt och kommer, om m\u00f6jligt, fr\u00e5n lokala producenter.<\/p>\n<h3>L\u00e5necyklar<\/h3>\n<p>Vi vill hj\u00e4lpa v\u00e5ra g\u00e4ster att ta sig runt p\u00e5 ett enkelt \u2013 och utsl\u00e4ppsfritt \u2013 s\u00e4tt. D\u00e4rf\u00f6r l\u00e5nar vi ut cyklar och hj\u00e4lmar gratis till alla g\u00e4ster. Cykling \u00e4r ocks\u00e5 ett utm\u00e4rkt s\u00e4tt att utforska ditt resm\u00e5l!<\/p>\n<h3>Gratis Wi-Fi<\/h3>\n<p>Vi har gratis bredband f\u00f6r alla v\u00e5ra g\u00e4ster. I Joensuu \u00e4r anv\u00e4ndarnamnet och l\u00f6senordet <em>greenstar<\/em>. P\u00e5 de andra hotellen \u00e4r internetanslutningen \u00f6ppen f\u00f6r alla. Fr\u00e5ga i receptionen f\u00f6r mer information.[\/vc_column_text][\/vc_column][\/vc_row][vc_row el_id=&#8221;lapsille&#8221; css=&#8221;.vc_custom_1583834431533{background-color: #aedea8 !important;}&#8221;][vc_column]<div class=\"sohohotel-title3 sohohotel-title-color\"><h4>F\u00f6r barn<\/h4><\/div>[\/vc_column][\/vc_row][vc_row][vc_column][vc_column_text]<\/p>\n<h3>L\u00e5neleksaker<\/h3>\n<p>V\u00e5ra hotell har l\u00e5dor med leksaker f\u00f6r v\u00e5ra yngre g\u00e4ster. Alla barn \u00e4r v\u00e4lkomna att rumstera om i l\u00e5dorna och l\u00e5na leksaker medan de bor hos oss!<\/p>\n<h3>Juniormadrasser och spj\u00e4ls\u00e4ngar<\/h3>\n<p>Alla v\u00e5ra hotell erbjuder juniormadrasser och spj\u00e4ls\u00e4ngar till g\u00e4ster som beh\u00f6ver extra s\u00e4ngplatser f\u00f6r barn. En juniormadrass \u00e4r idealisk f\u00f6r barn upp till 12 \u00e5r. Kostnaden uppg\u00e5r till 6 \u20ac per s\u00e4ng. Observera att du inte beh\u00f6ver r\u00e4kna med barn som sover p\u00e5 juniormadrass eller i spj\u00e4ls\u00e4ng n\u00e4r bokningssystemet ber dig uppge hur m\u00e5nga personer som ska bo i rummet. N\u00e4r du har valt rum lotsar systemet dig vidare till en sida d\u00e4r du kan v\u00e4lja till juniormadrasser och spj\u00e4ls\u00e4ngar som till\u00e4ggstj\u00e4nster.[\/vc_column_text][\/vc_column][\/vc_row][vc_row css=&#8221;.vc_custom_1590323736783{background-color: #aedea8 !important;}&#8221; el_id=&#8221;ovriga&#8221;][vc_column]<div class=\"sohohotel-title3 sohohotel-title-color\"><h4>\u00d6vriga bekv\u00e4mligheter<\/h4><\/div>[\/vc_column][\/vc_row][vc_row][vc_column][vc_column_text]<\/p>\n<h4>My\u00f6h\u00e4inen sis\u00e4\u00e4nkirjautuminen<\/h4>\n<p>Voit saapua hotellille sinulle sopivaan aikaan. Jos vastaanotto on saapuessasi kiinni, check in onnistuu sis\u00e4\u00e4nkirjautumisautomaattia k\u00e4ytt\u00e4m\u00e4ll\u00e4. Jos sinulla ei ole huonevarausta ja vastaanotto on kiinni, voit tehd\u00e4 ensin varauksen netiss\u00e4 ja t\u00e4m\u00e4n j\u00e4lkeen kirjautua sis\u00e4\u00e4nkirjautumisautomaattia k\u00e4ytt\u00e4m\u00e4ll\u00e4.<\/p>\n<h4>Laddningsstation f\u00f6r elbil<\/h4>\n<p>Alla v\u00e5ra hotell har en kostnadsfri laddningsstation f\u00f6r elbilar (b\u00e5de Tesla och Virta). Vi anv\u00e4nder bara h\u00e5llbar, utsl\u00e4ppsfri el. Hos GreenStar kan du vara s\u00e4ker p\u00e5 att bilen laddas p\u00e5 ett klimatv\u00e4nligt s\u00e4tt.<\/p>\n<h4>Tv\u00e4tt och strykning<\/h4>\n<p>Det \u00e4r enkelt att v\u00e5rda sina kl\u00e4der p\u00e5 alla v\u00e5ra hotell. Vi tillhandah\u00e5ller tv\u00e4ttmaskin, torktumlare, strykj\u00e4rn och strykbr\u00e4da utan extra kostnad. Fr\u00e5ga i receptionen f\u00f6r mer information.[\/vc_column_text][\/vc_column][\/vc_row]<\/p>\n","protected":false},"excerpt":{"rendered":"<p>[vc_row css=&#8221;.vc_custom_1590323607393{background-color: #aedea8 !important;}&#8221; el_id=&#8221;Free&#8221;][vc_column][\/vc_column][\/vc_row][vc_row el_id=&#8221;basicservices&#8221;][vc_column][vc_column_text]Seuraavat peruspalvelut voi valita huonevarauksen yhteydess\u00e4. Huomaathan, ett\u00e4 ne eiv\u00e4t automaattisesti kuulu huonehintaan eli maksat<\/p>\n<a href=\"https:\/\/www.greenstar.fi\/sv\/tjanster-detaljer\/\" class=\"sohohotel-more-link\">Read More<i class=\"fa fa-angle-right\"><\/i><\/a>","protected":false},"author":1,"featured_media":0,"parent":0,"menu_order":0,"comment_status":"closed","ping_status":"closed","template":"page-modules.php","meta":{"_acf_changed":false,"footnotes":""},"class_list":["post-3058","page","type-page","status-publish","hentry"],"acf":[],"yoast_head":"<!-- This site is optimized with the Yoast SEO plugin v27.4 - https:\/\/yoast.com\/product\/yoast-seo-wordpress\/ -->\n<title>Tj\u00e4nster - detaljer - GreenStar Hotels<\/title>\n<meta name=\"robots\" content=\"index, follow, max-snippet:-1, max-image-preview:large, max-video-preview:-1\" \/>\n<link rel=\"canonical\" href=\"https:\/\/www.greenstar.fi\/sv\/tjanster-detaljer\/\" \/>\n<meta property=\"og:locale\" content=\"sv_SE\" \/>\n<meta property=\"og:type\" content=\"article\" \/>\n<meta property=\"og:title\" content=\"Tj\u00e4nster - detaljer - GreenStar Hotels\" \/>\n<meta property=\"og:description\" content=\"[vc_row css=&#8221;.vc_custom_1590323607393{background-color: #aedea8 !important;}&#8221; el_id=&#8221;Free&#8221;][vc_column][\/vc_column][\/vc_row][vc_row el_id=&#8221;basicservices&#8221;][vc_column][vc_column_text]Seuraavat peruspalvelut voi valita huonevarauksen yhteydess\u00e4. Huomaathan, ett\u00e4 ne eiv\u00e4t automaattisesti kuulu huonehintaan eli maksat\" \/>\n<meta property=\"og:url\" content=\"https:\/\/www.greenstar.fi\/sv\/tjanster-detaljer\/\" \/>\n<meta property=\"og:site_name\" content=\"GreenStar Hotels\" \/>\n<meta property=\"article:modified_time\" content=\"2024-02-07T12:10:35+00:00\" \/>\n<meta name=\"twitter:card\" content=\"summary_large_image\" \/>\n<meta name=\"twitter:label1\" content=\"Ber\u00e4knad l\u00e4stid\" \/>\n\t<meta name=\"twitter:data1\" content=\"3 minuter\" \/>\n<script type=\"application\/ld+json\" class=\"yoast-schema-graph\">{\"@context\":\"https:\\\/\\\/schema.org\",\"@graph\":[{\"@type\":\"WebPage\",\"@id\":\"https:\\\/\\\/www.greenstar.fi\\\/sv\\\/tjanster-detaljer\\\/\",\"url\":\"https:\\\/\\\/www.greenstar.fi\\\/sv\\\/tjanster-detaljer\\\/\",\"name\":\"Tj\u00e4nster - detaljer - GreenStar Hotels\",\"isPartOf\":{\"@id\":\"https:\\\/\\\/www.greenstar.fi\\\/sv\\\/#website\"},\"datePublished\":\"2020-05-16T15:01:47+00:00\",\"dateModified\":\"2024-02-07T12:10:35+00:00\",\"breadcrumb\":{\"@id\":\"https:\\\/\\\/www.greenstar.fi\\\/sv\\\/tjanster-detaljer\\\/#breadcrumb\"},\"inLanguage\":\"sv-SE\",\"potentialAction\":[{\"@type\":\"ReadAction\",\"target\":[\"https:\\\/\\\/www.greenstar.fi\\\/sv\\\/tjanster-detaljer\\\/\"]}]},{\"@type\":\"BreadcrumbList\",\"@id\":\"https:\\\/\\\/www.greenstar.fi\\\/sv\\\/tjanster-detaljer\\\/#breadcrumb\",\"itemListElement\":[{\"@type\":\"ListItem\",\"position\":1,\"name\":\"Etusivu\",\"item\":\"https:\\\/\\\/www.greenstar.fi\\\/sv\\\/\"},{\"@type\":\"ListItem\",\"position\":2,\"name\":\"Tj\u00e4nster &#8211; detaljer\"}]},{\"@type\":\"WebSite\",\"@id\":\"https:\\\/\\\/www.greenstar.fi\\\/sv\\\/#website\",\"url\":\"https:\\\/\\\/www.greenstar.fi\\\/sv\\\/\",\"name\":\"GreenStar Hotels\",\"description\":\"GreenStar Hotels\",\"potentialAction\":[{\"@type\":\"SearchAction\",\"target\":{\"@type\":\"EntryPoint\",\"urlTemplate\":\"https:\\\/\\\/www.greenstar.fi\\\/sv\\\/?s={search_term_string}\"},\"query-input\":{\"@type\":\"PropertyValueSpecification\",\"valueRequired\":true,\"valueName\":\"search_term_string\"}}],\"inLanguage\":\"sv-SE\"}]}<\/script>\n<!-- \/ Yoast SEO plugin. -->","yoast_head_json":{"title":"Tj\u00e4nster - detaljer - GreenStar Hotels","robots":{"index":"index","follow":"follow","max-snippet":"max-snippet:-1","max-image-preview":"max-image-preview:large","max-video-preview":"max-video-preview:-1"},"canonical":"https:\/\/www.greenstar.fi\/sv\/tjanster-detaljer\/","og_locale":"sv_SE","og_type":"article","og_title":"Tj\u00e4nster - detaljer - GreenStar Hotels","og_description":"[vc_row css=&#8221;.vc_custom_1590323607393{background-color: #aedea8 !important;}&#8221; el_id=&#8221;Free&#8221;][vc_column][\/vc_column][\/vc_row][vc_row el_id=&#8221;basicservices&#8221;][vc_column][vc_column_text]Seuraavat peruspalvelut voi valita huonevarauksen yhteydess\u00e4. Huomaathan, ett\u00e4 ne eiv\u00e4t automaattisesti kuulu huonehintaan eli maksat","og_url":"https:\/\/www.greenstar.fi\/sv\/tjanster-detaljer\/","og_site_name":"GreenStar Hotels","article_modified_time":"2024-02-07T12:10:35+00:00","twitter_card":"summary_large_image","twitter_misc":{"Ber\u00e4knad l\u00e4stid":"3 minuter"},"schema":{"@context":"https:\/\/schema.org","@graph":[{"@type":"WebPage","@id":"https:\/\/www.greenstar.fi\/sv\/tjanster-detaljer\/","url":"https:\/\/www.greenstar.fi\/sv\/tjanster-detaljer\/","name":"Tj\u00e4nster - detaljer - GreenStar Hotels","isPartOf":{"@id":"https:\/\/www.greenstar.fi\/sv\/#website"},"datePublished":"2020-05-16T15:01:47+00:00","dateModified":"2024-02-07T12:10:35+00:00","breadcrumb":{"@id":"https:\/\/www.greenstar.fi\/sv\/tjanster-detaljer\/#breadcrumb"},"inLanguage":"sv-SE","potentialAction":[{"@type":"ReadAction","target":["https:\/\/www.greenstar.fi\/sv\/tjanster-detaljer\/"]}]},{"@type":"BreadcrumbList","@id":"https:\/\/www.greenstar.fi\/sv\/tjanster-detaljer\/#breadcrumb","itemListElement":[{"@type":"ListItem","position":1,"name":"Etusivu","item":"https:\/\/www.greenstar.fi\/sv\/"},{"@type":"ListItem","position":2,"name":"Tj\u00e4nster &#8211; detaljer"}]},{"@type":"WebSite","@id":"https:\/\/www.greenstar.fi\/sv\/#website","url":"https:\/\/www.greenstar.fi\/sv\/","name":"GreenStar Hotels","description":"GreenStar Hotels","potentialAction":[{"@type":"SearchAction","target":{"@type":"EntryPoint","urlTemplate":"https:\/\/www.greenstar.fi\/sv\/?s={search_term_string}"},"query-input":{"@type":"PropertyValueSpecification","valueRequired":true,"valueName":"search_term_string"}}],"inLanguage":"sv-SE"}]}},"_links":{"self":[{"href":"https:\/\/www.greenstar.fi\/sv\/wp-json\/wp\/v2\/pages\/3058","targetHints":{"allow":["GET"]}}],"collection":[{"href":"https:\/\/www.greenstar.fi\/sv\/wp-json\/wp\/v2\/pages"}],"about":[{"href":"https:\/\/www.greenstar.fi\/sv\/wp-json\/wp\/v2\/types\/page"}],"author":[{"embeddable":true,"href":"https:\/\/www.greenstar.fi\/sv\/wp-json\/wp\/v2\/users\/1"}],"replies":[{"embeddable":true,"href":"https:\/\/www.greenstar.fi\/sv\/wp-json\/wp\/v2\/comments?post=3058"}],"version-history":[{"count":17,"href":"https:\/\/www.greenstar.fi\/sv\/wp-json\/wp\/v2\/pages\/3058\/revisions"}],"predecessor-version":[{"id":5993,"href":"https:\/\/www.greenstar.fi\/sv\/wp-json\/wp\/v2\/pages\/3058\/revisions\/5993"}],"wp:attachment":[{"href":"https:\/\/www.greenstar.fi\/sv\/wp-json\/wp\/v2\/media?parent=3058"}],"curies":[{"name":"wp","href":"https:\/\/api.w.org\/{rel}","templated":true}]}}