{"id":7812,"date":"2021-03-30T17:39:42","date_gmt":"2021-03-30T17:39:42","guid":{"rendered":"https:\/\/www.greenstar.fi\/tietosuojaseloste\/"},"modified":"2025-11-25T07:07:21","modified_gmt":"2025-11-25T07:07:21","slug":"integritetspolicy","status":"publish","type":"page","link":"https:\/\/www.greenstar.fi\/sv\/integritetspolicy\/","title":{"rendered":"Integritetspolicy"},"content":{"rendered":"<p>&nbsp;<\/p>\n<h1>TIETOSUOJASELOSTE<\/h1>\n<p>&nbsp;<\/p>\n<p>GreenStar Hotels Oy:n asiakas-, kumppani- ja markkinointitietoja koskeva tietosuojaseloste.<\/p>\n<h2>1. Rekisterinpit\u00e4j\u00e4<\/h2>\n<p>GreenStar Hotels Oy<\/p>\n<h2>2. Yhteystiedot rekisteri\u00e4 koskevissa asioissa<\/h2>\n<p>GreenStar Hotels Oy<\/p>\n<h2>3. Rekisterin nimi<\/h2>\n<p>GreenStar Hotels Oy:n asiakas- ja markkinointirekisteri.<\/p>\n<h2>4. Henkil\u00f6tietojen k\u00e4sittelyn tarkoitus ja peruste<\/h2>\n<p>Rekister\u00f6innin perusteena on asiakkaan tai kumppanin GreenStar Hotels Oy:n kanssa sopimuksella vahvistettu liiketoimintasuhde tai erillinen suostumus asiakastietojen k\u00e4sittelyyn. Rekisteri tarkoituksena on yll\u00e4pit\u00e4\u00e4 GreenStar Hotels Oy:n asiakkaiden ja kumppaneiden v\u00e4lisen yhteisty\u00f6n edellytt\u00e4mi\u00e4 henkil\u00f6tietoja, varmistaa sujuva asiakaspalvelu<br \/>\nsek\u00e4 etujen ja palveluiden tuottaminen ja tarjoaminen, mahdollistaa markkinointi sek\u00e4 liiketoiminnan suunnittelu ja kehitt\u00e4minen.<\/p>\n<p>Henkil\u00f6tietoja ker\u00e4t\u00e4\u00e4n ja k\u00e4sitell\u00e4\u00e4n asiakkaan tai kumppanin kanssa seuraavissa tarkoituksissa:<\/p>\n<p>Lahjakortti, lippu- tai tuoteostojen tai muiden palvelu-\/ tavaraostojen toteutukseen ja vahvistamiseen asiakkaalle<br \/>\nOstoihin liittyv\u00e4n lis\u00e4informaation v\u00e4litt\u00e4miseen<\/p>\n<p>Verkkokaupan kautta suoritettujen ostojen toteuttamiseen ja vahvistamiseen asiakkaalle<br \/>\nTuotteiden, palveluiden ja liiketoiminnan analysointiin ja kehitt\u00e4miseen sek\u00e4 tarvittavaan tilastointiin<br \/>\nPalaute-, poikkeama ja tyytyv\u00e4isyystietojen ker\u00e4\u00e4miseenmainonta, markkinointi ja suoramarkkinointi tarkoitukseen.<br \/>\nRekister\u00f6idyll\u00e4 on oikeus kielt\u00e4\u00e4 h\u00e4neen kohdistuva suoramarkkinointi<br \/>\nEv\u00e4steit\u00e4 hy\u00f6dynnet\u00e4\u00e4n nopeuttamaan sivun toimintaa ja kohdentamaan sivuston sis\u00e4lt\u00f6\u00e4 paremmin k\u00e4ytt\u00e4j\u00e4lle sopivaksi. Kaikkea ev\u00e4steiden ker\u00e4\u00e4m\u00e4\u00e4 tietoa voidaan k\u00e4ytt\u00e4\u00e4GreenStar Hotels Oy:n tarjoaman palvelun kohdentamiseen k\u00e4ytt\u00e4j\u00e4lle. GreenStar Hotels Oy:n k\u00e4ytt\u00e4\u00e4 ev\u00e4steit\u00e4 vain seuratakseen tietoa, jonka sivuston ev\u00e4ste on asentanut k\u00e4ytt\u00e4j\u00e4n tietokoneelle.<br \/>\nUseimpien selainten valikossa on kohta, joka kertoo kuinka ev\u00e4steiden hyv\u00e4ksynt\u00e4 voidaan est\u00e4\u00e4, kuinka selain ilmoittaa ev\u00e4steiden vastaanottamisesta ja kuinka ev\u00e4steet voidaan sulkea. Mik\u00e4li ev\u00e4steet suljetaan, sivuston k\u00e4ytt\u00f6 ei ole mahdollista.<\/p>\n<h2>5. Rekisterin tietosis\u00e4lt\u00f6<\/h2>\n<p>Rekisteri sis\u00e4lt\u00e4\u00e4 seuraavia asiakas\/kumppanitietoja, kuten:<\/p>\n<p>Yhteyshenkil\u00f6(t)<br \/>\nOsoite<br \/>\nLaskutus- ja\/tai toimitustiedot<br \/>\nTilatut ja toimitetut palvelut<br \/>\nYhteisty\u00f6kumppaneidemme toimittaman palvelun kautta kertyv\u00e4 tieto<br \/>\nEv\u00e4steiden k\u00e4ytt\u00f6<br \/>\nMaksaminen tapahtuu aina ulkopuolisella maksupalvelun tarjoajalla, jonka tietosuojaselosteeseen voit tutustua ko. palvelussa.<br \/>\nTietoja tietokoneestasi ja selaimestasi, mukaan lukien IP-osoite, ohjelmisto- ja laitteistotiedot sek\u00e4 pyyt\u00e4m\u00e4si sivu.<\/p>\n<h2>6. Rekisterin tietol\u00e4hteet<\/h2>\n<p>P\u00e4\u00e4asiallinen henkil\u00f6tietol\u00e4hde on asiakkaan tai kumppanin itse ilmoittamat tiedot yhteisty\u00f6n k\u00e4ynnistyess\u00e4, tai sen aikana sek\u00e4 yhteisty\u00f6t\u00e4 koskevissa palaute, poikkeama, tyytyv\u00e4isyys ja tutkimus tarkoituksessa ker\u00e4tyst\u00e4 tiedosta.<br \/>\nHenkil\u00f6tietoa kertyy my\u00f6s asiakaspalvelupisteiss\u00e4 asioinneista sek\u00e4 ostetuista markkinointik\u00e4ytt\u00f6\u00f6n tarkoitetusta rekistereist\u00e4.<\/p>\n<h2>7. Tietojen luovutus<\/h2>\n<p>Rekister\u00f6ity\u00e4 koskevia tietoja voidaan luovuttaa Rekisterinpit\u00e4j\u00e4n ja sen tyt\u00e4r- \/sisaryhti\u00f6iden sis\u00e4ll\u00e4 sek\u00e4 yhteisty\u00f6kumppaneillemme kuvatun k\u00e4ytt\u00f6tarkoituksen toteuttamiseksi. Muutoin tietoja luovutetaan vain lain sallimissa ja velvoittamissa rajoissa.<\/p>\n<p>Tietoja ei siirret\u00e4 EU- tai ETA-alueen ulkopuolelle, jollei palvelun toteutus sit\u00e4 edellyt\u00e4. T\u00e4llaisessakin tapauksessa Rekisterinpit\u00e4j\u00e4 takaa, ett\u00e4 tarpeellisesta tietoturvatasosta huolehditaan voimassa olevan lains\u00e4\u00e4d\u00e4nn\u00f6n mukaisesti.<\/p>\n<h2>8. Tietojen suojaus ja s\u00e4ilytys<\/h2>\n<p>Henkil\u00f6tietojen k\u00e4sittelyn l\u00e4ht\u00f6kohta on rekister\u00f6idyn oikeuksien ja vapauden kunnioittaminen tiedon k\u00e4sittelyn kaikissa vaiheissa, ja ett\u00e4 henkil\u00f6tiedon k\u00e4sittelyn oikeusperuste on varmistettu. Rekisterinpit\u00e4j\u00e4 ker\u00e4\u00e4 ja k\u00e4sittelee vain niit\u00e4 henkil\u00f6tietoja, jotka ovat v\u00e4ltt\u00e4m\u00e4tt\u00f6mi\u00e4 toiminnan kannalta.<\/p>\n<p>Digitaaliseen aineistoon on p\u00e4\u00e4sy vain siihen oikeutetun ty\u00f6ntekij\u00e4n, ammatinhar-joittajan tai yhteisty\u00f6kumppanin henkil\u00f6kohtaisella k\u00e4ytt\u00e4j\u00e4tunnuksella ja salasanalla. K\u00e4ytt\u00f6oikeuksia on eritasoisia ja kullekin k\u00e4ytt\u00e4j\u00e4lle annetaan teht\u00e4v\u00e4n hoitamisen kannalta riitt\u00e4v\u00e4, mutta mahdollisimman suppea k\u00e4ytt\u00f6oikeus.<\/p>\n<p>Asiakas\/kumppani tietoja s\u00e4ilytet\u00e4\u00e4n rekisteriss\u00e4 asiakassuhteen p\u00e4\u00e4ttymisen ja kaikkien velvoitteiden t\u00e4ytt\u00e4misen j\u00e4lkeen enint\u00e4\u00e4n 6 kk ellei erikseen ole muuta sovittu tai lains\u00e4\u00e4d\u00e4nt\u00f6 muuta edellyt\u00e4.<\/p>\n<p>Rekisterinpit\u00e4j\u00e4 huolehtii ett\u00e4 sill\u00e4 on voimassaolevat sopimukset Toimittajien ja Tietojen K\u00e4sittelij\u00f6iden kanssa ja ett\u00e4 K\u00e4sittelij\u00f6iden tietoturvak\u00e4yt\u00e4nn\u00f6t ovat tarkoitukseen sopivat. Rekisterinpit\u00e4j\u00e4 toimii yhdess\u00e4 K\u00e4sittelij\u00f6iden kanssa est\u00e4\u00e4kseen ja havaitakseen ulkopuolisten luvattoman p\u00e4\u00e4syn henkil\u00f6tietoihin ja henkil\u00f6tietojen katoamisen.<\/p>\n<p>Tietojen turvaamisessa otamme huomioon henkil\u00f6tietojen k\u00e4sittelyyn liittyv\u00e4t riskit yksityisyyden suojalle ja liiketoiminnalle, k\u00e4ytett\u00e4viss\u00e4 olevat tekniset mahdollisuudet sek\u00e4 erilaiset uhkatekij\u00e4t sovellettavan lains\u00e4\u00e4d\u00e4nn\u00f6n, m\u00e4\u00e4r\u00e4ysten ja sopimusvelvoitteiden mukaisesti.<\/p>\n<h2>9. Muut henkil\u00f6tietojen k\u00e4sittelyyn liittyv\u00e4t rekister\u00f6idyn oikeudet<\/h2>\n<p>Rekister\u00f6idyn oikeus saada p\u00e4\u00e4sy tietoihin (tarkastusoikeus)<br \/>\nRekister\u00f6idyll\u00e4 on oikeus tarkastaa, mit\u00e4 h\u00e4nt\u00e4 koskevia tietoja rekisteriin on talletettu. Tarkastuspyynt\u00f6 tulee osoittaa kirjallisesti ja allekirjoitettuna t\u00e4m\u00e4n tietosuojaselosteen kohdassa 2 mainitulle rekisterin yhteyspisteelle. Rekister\u00f6idyn tulee varautua todistamaan henkil\u00f6llisyytens\u00e4 Rekisterinpit\u00e4j\u00e4n antamien ohjeiden mukaisesti.<\/p>\n<p>Rekister\u00f6idyn oikeus vaatia tiedon oikaisemista, poistamista tai k\u00e4sittelyn rajoittamista<\/p>\n<p>Rekister\u00f6ity voi pyyt\u00e4\u00e4 omien tietojensa oikaisua saatuaan tiedon virheest\u00e4 tai itse havaittuaan virheen. Jos rekister\u00f6idyll\u00e4 on mahdollisuus oikaista virhe, tulee h\u00e4nen ilman viivytyst\u00e4 korjata, poistaa tai t\u00e4ydent\u00e4\u00e4 virheellinen, tarpeeton tai vanhentunut tieto. Jos rekister\u00f6ity ei itse pysty korjaamaan tietoa, tulee korjauspyynt\u00f6 tehd\u00e4.<\/p>\n<p>Silt\u00e4 osin kuin rekister\u00f6ity ei pysty korjaamaan tietoja itse, korjauspyynt\u00f6 tulee tehd\u00e4 tietosuojaselosteen kohdassa 2 mainitulle rekisterin yhteyspisteelle. Rekister\u00f6idyn tulee varautua todistamaan henkil\u00f6llisyytens\u00e4 Rekisterinpit\u00e4j\u00e4n antamien ohjeiden mukaisesti.<\/p>\n<p>Rekister\u00f6idyll\u00e4 on my\u00f6s oikeus vaatia rekisterinpit\u00e4j\u00e4\u00e4 rajoittamaan henkil\u00f6tietojensa k\u00e4sittely\u00e4 esimerkiksi siin\u00e4 tilanteessa, kun rekister\u00f6ity odottaa vastausta tietojensa oikaisemista tai poistamista koskevaan pyynt\u00f6\u00f6n.<\/p>\n<p>GreenStar Hotels Oy varaa oikeuden rajoittaa maksuttomien oikaisu-, poistamistiedusteluiden m\u00e4\u00e4r\u00e4n yhteen kertaan per vuosi.<\/p>\n<p>Rekister\u00f6idyn oikeus siirt\u00e4\u00e4 tiedot j\u00e4rjestelm\u00e4st\u00e4 toiseen<\/p>\n<p>Silt\u00e4 osin kun rekister\u00f6ity on itse toimittanut asiakasrekisteriin tietoja, joita k\u00e4sitell\u00e4\u00e4n rekister\u00f6idyn antaman suostumuksen tai toimeksiannon nojalla, rekister\u00f6idyll\u00e4 on oikeus saada t\u00e4llaiset tiedot itselleen p\u00e4\u00e4s\u00e4\u00e4nt\u00f6isesti koneluettavassa muodossa ja oikeus siirt\u00e4\u00e4 n\u00e4m\u00e4 tiedot toiselle rekisterinpit\u00e4j\u00e4lle.<\/p>\n<p>Pyydett\u00e4ess\u00e4 siirtoa kirjallisesti, Rekisterinpit\u00e4j\u00e4 toimittaa tarkastusoikeuskohdassa kuvatut tiedot kohtuullisessa ajassa huomioiden toimitettavan tiedon laajuuden. Rekister\u00f6idyn tulee varautua todistamaan henkil\u00f6llisyytens\u00e4 Rekisterinpit\u00e4j\u00e4n antamien ohjeiden mukaisesti.<\/p>\n<p>Muut oikeudet<br \/>\nRekister\u00f6idyll\u00e4 on oikeus tehd\u00e4 valitus toimivaltaiselle valvontaviranomaiselle, jos Rekisterinpit\u00e4j\u00e4 ei ole noudattanut<br \/>\ntoiminnassaan soveltuvaa tietosuojas\u00e4\u00e4ntely\u00e4.<\/p>\n<h2>10. Yhteydenotot<\/h2>\n<p>Kaikissa henkil\u00f6tietoihin liittyviss\u00e4 kysymyksiss\u00e4 ja pyynn\u00f6iss\u00e4 rekister\u00f6idyn tulee ottaa yhteytt\u00e4 kohdassa 2 mainittuun<br \/>\nRekisterinpit\u00e4j\u00e4n henkil\u00f6rekisterist\u00e4 vastaavaan tahoon.<\/p>\n<h2>11. Kolmansien osapuolten sivustot ja palvelut<\/h2>\n<p>T\u00e4m\u00e4 tietosuojaseloste soveltuu vain GreenStar Hotels Oy:n yll\u00e4pit\u00e4miin sivustoihin emmek\u00e4 ole vastuussa muiden sivustojen tietosuojak\u00e4yt\u00e4nn\u00f6ist\u00e4. Sivusto voi sis\u00e4lt\u00e4\u00e4 linkkej\u00e4 kolmansien sivustoille. Suosittelemme k\u00e4ytt\u00e4j\u00e4\u00e4 tarkistamaan k\u00e4ytt\u00e4miens\u00e4 muiden sivustojen tietosuojaselosteet.<\/p>\n<h2>12. Tietosuojaselosteen muutokset<\/h2>\n<p>GreenStar Hotels Oy voi muuttaa t\u00e4t\u00e4 tietosuojaselostetta. Muutettu tietosuojaseloste on saatavilla sivustolta, jotta k\u00e4ytt\u00e4j\u00e4t ovat aina tietoisia miten heid\u00e4n henkil\u00f6tietojaan k\u00e4sitell\u00e4\u00e4n.<\/p>\n<p>P\u00e4ivitetty viimeksi 24.5.2018.<span style=\"color: #888888;\"><br \/>\n<\/span><\/p>\n","protected":false},"excerpt":{"rendered":"<p>&nbsp; TIETOSUOJASELOSTE &nbsp; GreenStar Hotels Oy:n asiakas-, kumppani- ja markkinointitietoja koskeva tietosuojaseloste. 1. Rekisterinpit\u00e4j\u00e4 GreenStar Hotels Oy 2. Yhteystiedot rekisteri\u00e4<\/p>\n<a href=\"https:\/\/www.greenstar.fi\/sv\/integritetspolicy\/\" class=\"sohohotel-more-link\">Read More<i class=\"fa fa-angle-right\"><\/i><\/a>","protected":false},"author":1,"featured_media":0,"parent":0,"menu_order":0,"comment_status":"closed","ping_status":"closed","template":"page-modules.php","meta":{"_acf_changed":false,"footnotes":""},"class_list":["post-7812","page","type-page","status-publish","hentry"],"acf":[],"yoast_head":"<!-- This site is optimized with the Yoast SEO plugin v27.4 - https:\/\/yoast.com\/product\/yoast-seo-wordpress\/ -->\n<title>Integritetspolicy - GreenStar Hotels<\/title>\n<meta name=\"robots\" content=\"index, follow, max-snippet:-1, max-image-preview:large, max-video-preview:-1\" \/>\n<link rel=\"canonical\" href=\"https:\/\/www.greenstar.fi\/sv\/integritetspolicy\/\" \/>\n<meta property=\"og:locale\" content=\"sv_SE\" \/>\n<meta property=\"og:type\" content=\"article\" \/>\n<meta property=\"og:title\" content=\"Integritetspolicy - GreenStar Hotels\" \/>\n<meta property=\"og:description\" content=\"&nbsp; TIETOSUOJASELOSTE &nbsp; GreenStar Hotels Oy:n asiakas-, kumppani- ja markkinointitietoja koskeva tietosuojaseloste. 1. Rekisterinpit\u00e4j\u00e4 GreenStar Hotels Oy 2. Yhteystiedot rekisteri\u00e4\" \/>\n<meta property=\"og:url\" content=\"https:\/\/www.greenstar.fi\/sv\/integritetspolicy\/\" \/>\n<meta property=\"og:site_name\" content=\"GreenStar Hotels\" \/>\n<meta property=\"article:modified_time\" content=\"2025-11-25T07:07:21+00:00\" \/>\n<meta name=\"twitter:card\" content=\"summary_large_image\" \/>\n<meta name=\"twitter:label1\" content=\"Ber\u00e4knad l\u00e4stid\" \/>\n\t<meta name=\"twitter:data1\" content=\"6 minuter\" \/>\n<script type=\"application\/ld+json\" class=\"yoast-schema-graph\">{\"@context\":\"https:\\\/\\\/schema.org\",\"@graph\":[{\"@type\":\"WebPage\",\"@id\":\"https:\\\/\\\/www.greenstar.fi\\\/sv\\\/integritetspolicy\\\/\",\"url\":\"https:\\\/\\\/www.greenstar.fi\\\/sv\\\/integritetspolicy\\\/\",\"name\":\"Integritetspolicy - GreenStar Hotels\",\"isPartOf\":{\"@id\":\"https:\\\/\\\/www.greenstar.fi\\\/sv\\\/#website\"},\"datePublished\":\"2021-03-30T17:39:42+00:00\",\"dateModified\":\"2025-11-25T07:07:21+00:00\",\"breadcrumb\":{\"@id\":\"https:\\\/\\\/www.greenstar.fi\\\/sv\\\/integritetspolicy\\\/#breadcrumb\"},\"inLanguage\":\"sv-SE\",\"potentialAction\":[{\"@type\":\"ReadAction\",\"target\":[\"https:\\\/\\\/www.greenstar.fi\\\/sv\\\/integritetspolicy\\\/\"]}]},{\"@type\":\"BreadcrumbList\",\"@id\":\"https:\\\/\\\/www.greenstar.fi\\\/sv\\\/integritetspolicy\\\/#breadcrumb\",\"itemListElement\":[{\"@type\":\"ListItem\",\"position\":1,\"name\":\"Etusivu\",\"item\":\"https:\\\/\\\/www.greenstar.fi\\\/sv\\\/\"},{\"@type\":\"ListItem\",\"position\":2,\"name\":\"Integritetspolicy\"}]},{\"@type\":\"WebSite\",\"@id\":\"https:\\\/\\\/www.greenstar.fi\\\/sv\\\/#website\",\"url\":\"https:\\\/\\\/www.greenstar.fi\\\/sv\\\/\",\"name\":\"GreenStar Hotels\",\"description\":\"GreenStar Hotels\",\"potentialAction\":[{\"@type\":\"SearchAction\",\"target\":{\"@type\":\"EntryPoint\",\"urlTemplate\":\"https:\\\/\\\/www.greenstar.fi\\\/sv\\\/?s={search_term_string}\"},\"query-input\":{\"@type\":\"PropertyValueSpecification\",\"valueRequired\":true,\"valueName\":\"search_term_string\"}}],\"inLanguage\":\"sv-SE\"}]}<\/script>\n<!-- \/ Yoast SEO plugin. -->","yoast_head_json":{"title":"Integritetspolicy - GreenStar Hotels","robots":{"index":"index","follow":"follow","max-snippet":"max-snippet:-1","max-image-preview":"max-image-preview:large","max-video-preview":"max-video-preview:-1"},"canonical":"https:\/\/www.greenstar.fi\/sv\/integritetspolicy\/","og_locale":"sv_SE","og_type":"article","og_title":"Integritetspolicy - GreenStar Hotels","og_description":"&nbsp; TIETOSUOJASELOSTE &nbsp; GreenStar Hotels Oy:n asiakas-, kumppani- ja markkinointitietoja koskeva tietosuojaseloste. 1. Rekisterinpit\u00e4j\u00e4 GreenStar Hotels Oy 2. Yhteystiedot rekisteri\u00e4","og_url":"https:\/\/www.greenstar.fi\/sv\/integritetspolicy\/","og_site_name":"GreenStar Hotels","article_modified_time":"2025-11-25T07:07:21+00:00","twitter_card":"summary_large_image","twitter_misc":{"Ber\u00e4knad l\u00e4stid":"6 minuter"},"schema":{"@context":"https:\/\/schema.org","@graph":[{"@type":"WebPage","@id":"https:\/\/www.greenstar.fi\/sv\/integritetspolicy\/","url":"https:\/\/www.greenstar.fi\/sv\/integritetspolicy\/","name":"Integritetspolicy - GreenStar Hotels","isPartOf":{"@id":"https:\/\/www.greenstar.fi\/sv\/#website"},"datePublished":"2021-03-30T17:39:42+00:00","dateModified":"2025-11-25T07:07:21+00:00","breadcrumb":{"@id":"https:\/\/www.greenstar.fi\/sv\/integritetspolicy\/#breadcrumb"},"inLanguage":"sv-SE","potentialAction":[{"@type":"ReadAction","target":["https:\/\/www.greenstar.fi\/sv\/integritetspolicy\/"]}]},{"@type":"BreadcrumbList","@id":"https:\/\/www.greenstar.fi\/sv\/integritetspolicy\/#breadcrumb","itemListElement":[{"@type":"ListItem","position":1,"name":"Etusivu","item":"https:\/\/www.greenstar.fi\/sv\/"},{"@type":"ListItem","position":2,"name":"Integritetspolicy"}]},{"@type":"WebSite","@id":"https:\/\/www.greenstar.fi\/sv\/#website","url":"https:\/\/www.greenstar.fi\/sv\/","name":"GreenStar Hotels","description":"GreenStar Hotels","potentialAction":[{"@type":"SearchAction","target":{"@type":"EntryPoint","urlTemplate":"https:\/\/www.greenstar.fi\/sv\/?s={search_term_string}"},"query-input":{"@type":"PropertyValueSpecification","valueRequired":true,"valueName":"search_term_string"}}],"inLanguage":"sv-SE"}]}},"_links":{"self":[{"href":"https:\/\/www.greenstar.fi\/sv\/wp-json\/wp\/v2\/pages\/7812","targetHints":{"allow":["GET"]}}],"collection":[{"href":"https:\/\/www.greenstar.fi\/sv\/wp-json\/wp\/v2\/pages"}],"about":[{"href":"https:\/\/www.greenstar.fi\/sv\/wp-json\/wp\/v2\/types\/page"}],"author":[{"embeddable":true,"href":"https:\/\/www.greenstar.fi\/sv\/wp-json\/wp\/v2\/users\/1"}],"replies":[{"embeddable":true,"href":"https:\/\/www.greenstar.fi\/sv\/wp-json\/wp\/v2\/comments?post=7812"}],"version-history":[{"count":3,"href":"https:\/\/www.greenstar.fi\/sv\/wp-json\/wp\/v2\/pages\/7812\/revisions"}],"predecessor-version":[{"id":7815,"href":"https:\/\/www.greenstar.fi\/sv\/wp-json\/wp\/v2\/pages\/7812\/revisions\/7815"}],"wp:attachment":[{"href":"https:\/\/www.greenstar.fi\/sv\/wp-json\/wp\/v2\/media?parent=7812"}],"curies":[{"name":"wp","href":"https:\/\/api.w.org\/{rel}","templated":true}]}}